{"id":16527,"date":"2022-05-30T10:05:30","date_gmt":"2022-05-30T08:05:30","guid":{"rendered":"https:\/\/www.raschvin.com\/vare\/companero-panama-extra-anejo-5-cl\/"},"modified":"2022-11-10T12:35:21","modified_gmt":"2022-11-10T11:35:21","slug":"companero-panama-extra-anejo-5-cl","status":"publish","type":"product","link":"https:\/\/www.raschvin.com\/sv\/produkt\/companero-panama-extra-anejo-5-cl\/","title":{"rendered":"Compa\u00f1ero &#8211; Panama Extra A\u00f1ejo 5 cl. 54%"},"content":{"rendered":"<p>Compa\u00f1ero Ron Panama Extra A\u00f1ejo \u00e4r den tredje Rom i Compa\u00f1ero-serien, som \u00e4r en serie produkter d\u00e4r smak, komplexitet och finish \u00e4r ultimata nyckelord.<\/p>\n<p>Trots den h\u00f6ga alkoholprocenten \u00e4r 54% alkohol vackert undang\u00f6mt i chokladnoderna som ger v\u00e4rme till denna Panama-Rom.<\/p>\n<p>Fragrance: Tung m\u00f6rk choklad, varm kr\u00e4m och touch av citrus.<\/p>\n<p>Smak: N\u00e4stan som mini Muh choklad och koekoks. Det k\u00e4nnetecknas av matr\u00e4tt med en liten liten orange, men choklad \u00e4r dominerande.<\/p>\n<p>Companjero<\/p>\n","protected":false},"excerpt":{"rendered":"<p>Premium Aged Panama Rum<\/p>\n","protected":false},"featured_media":5894,"template":"","meta":{"_acf_changed":false,"rs_blank_template":"","rs_page_bg_color":"","slide_template_v7":""},"product_brand":[],"product_cat":[2387,2391,4634],"product_tag":[],"class_list":{"0":"post-16527","1":"product","2":"type-product","3":"status-publish","4":"has-post-thumbnail","6":"product_cat-avec-sv","7":"product_cat-rom-sv","8":"product_cat-premium-aged-sv","9":"pa_land-panama-sv","10":"pa_procent-54-sv","11":"pa_producent-1423-sv","12":"pa_volume-5-sv","14":"first","15":"instock","16":"taxable","17":"shipping-taxable","18":"purchasable","19":"product-type-simple"},"bundled_by":[],"bundle_stock_status":"instock","bundle_stock_quantity":null,"bundle_virtual":false,"bundle_layout":"","bundle_add_to_cart_form_location":"","bundle_editable_in_cart":false,"bundle_sold_individually_context":"","bundle_item_grouping":"","bundle_min_size":"","bundle_max_size":"","bundle_price":[],"bundled_items":[],"bundle_sell_ids":[],"acf":[],"_links":{"self":[{"href":"https:\/\/www.raschvin.com\/sv\/wp-json\/wp\/v2\/product\/16527","targetHints":{"allow":["GET"]}}],"collection":[{"href":"https:\/\/www.raschvin.com\/sv\/wp-json\/wp\/v2\/product"}],"about":[{"href":"https:\/\/www.raschvin.com\/sv\/wp-json\/wp\/v2\/types\/product"}],"wp:featuredmedia":[{"embeddable":true,"href":"https:\/\/www.raschvin.com\/sv\/wp-json\/wp\/v2\/media\/5894"}],"wp:attachment":[{"href":"https:\/\/www.raschvin.com\/sv\/wp-json\/wp\/v2\/media?parent=16527"}],"wp:term":[{"taxonomy":"product_brand","embeddable":true,"href":"https:\/\/www.raschvin.com\/sv\/wp-json\/wp\/v2\/product_brand?post=16527"},{"taxonomy":"product_cat","embeddable":true,"href":"https:\/\/www.raschvin.com\/sv\/wp-json\/wp\/v2\/product_cat?post=16527"},{"taxonomy":"product_tag","embeddable":true,"href":"https:\/\/www.raschvin.com\/sv\/wp-json\/wp\/v2\/product_tag?post=16527"}],"curies":[{"name":"wp","href":"https:\/\/api.w.org\/{rel}","templated":true}]}}