{"id":16521,"date":"2022-05-30T10:04:13","date_gmt":"2022-05-30T08:04:13","guid":{"rendered":"https:\/\/www.raschvin.com\/vare\/dos-maderas-luxus-105-years-rum-5-cl\/"},"modified":"2022-11-15T17:24:33","modified_gmt":"2022-11-15T16:24:33","slug":"dos-maderas-luxus-105-years-rum-5-cl","status":"publish","type":"product","link":"https:\/\/www.raschvin.com\/sv\/produkt\/dos-maderas-luxus-105-years-rum-5-cl\/","title":{"rendered":"Dos Maderas \u2013 Luxus 10+5 Years 5 cl. 40%"},"content":{"rendered":"<p>En k\u00e4nslig rumsblandning fr\u00e5n Barbados och Guyana. Tv\u00e5 l\u00e4nder med egen rumsstil. B\u00e5da l\u00e4nderna g\u00f6r Rom p\u00e5 potten stillbilder och kolumnapparat. Den kraftfulla och aromatiska ROM-skivan \u00e4r gjord p\u00e5 pottstillbilder och mer mjuka och avrundade p\u00e5 mer moderna kolumnv\u00e4xter.<\/p>\n<p>Det \u00e4r en riktigt uts\u00f6kt Rom. F\u00f6dd p\u00e5 samma s\u00e4tt som &#8221;dos maderas 5 + 3&#8221; och &#8221;dos maderas 5 + 5 px&#8221;. Handgjorda och lagrade i Karibien som den f\u00f6rsta. D\u00e5 skickas raden till Williams &#038; Humbert Bodega i Jerez, d\u00e4r det g\u00e5r en promenad i ett solera system. &#8221;Dos Maderas&#8221; \u00e4r spanska och betyder exakt tv\u00e5 typer av tr\u00e4, med h\u00e4nvisning till hur rummet \u00e4r lagrad och mognad.<\/p>\n<p>Skillnaden mellan Dos Maderas olika rum \u00e4r lagringstiden. Lyxutg\u00e5van \u00e4r 15 \u00e5r l\u00e4ngs v\u00e4gen. Endast 10 \u00e5r i Karibien i Ex-Bourbon Fade och sedan 5 \u00e5r i Spanien i r\u00e4tter, d\u00e4r det tidigare varit 20-\u00e5riga Don Guido PX Sherry I &#8211; d\u00e4rf\u00f6r 10 + 5.<\/p>\n<p>Att en Rom f\u00e5r f\u00f6rv\u00e4rva b\u00e5de smak och nyanser p\u00e5 de tv\u00e5 s\u00e4tten, g\u00f6r det unikt och kvalitativt. Det kallas ofta &#8221;The Herre of Rums&#8221;. Otroligt popul\u00e4r bland raffinerade palater, en riktig lyx och krona f\u00f6r den mest n\u00f6rdiga Rom fanatiker.<\/p>\n<p>Doft.<\/p>\n<p>Tydlig s\u00f6tma, melass och tr\u00e4ig med anteckningar av mandel och vit frukt<\/p>\n<p>Smak<\/p>\n<p>\u00d6verraskande s\u00f6t d\u00e4r alkohol och anteckningar av tr\u00e4 och kryddor spelar otroligt bra tillsammans<\/p>\n<p>Eftersmak<\/p>\n<p>En formidabel st\u00e4ngning med s\u00f6tma, mandel och den fina tr\u00e4staken fr\u00e5n att hitta en himmelsk upplevelse<\/p>\n<p>Kommentar<\/p>\n<p>Ett gammalt kvalitetsinneh\u00e5ll b\u00f6r avnjutas ensam i all sin enkelhet och prakt, kanske med n\u00e5gra isbitar i glaset. F\u00f6r de extrema n\u00f6rdarna \u00e4r lyxen en favorit i n\u00e5gon Rom-cocktail<\/p>\n","protected":false},"excerpt":{"rendered":"<p>Premium Blended Caribbean Rum<\/p>\n","protected":false},"featured_media":5846,"template":"","meta":{"_acf_changed":false,"rs_blank_template":"","rs_page_bg_color":"","slide_template_v7":""},"product_brand":[],"product_cat":[2391,4634,9225,9232,9239],"product_tag":[],"class_list":{"0":"post-16521","1":"product","2":"type-product","3":"status-publish","4":"has-post-thumbnail","6":"product_cat-rom-sv","7":"product_cat-premium-aged-sv","8":"product_cat-alternativa-romtyper","9":"product_cat-flaskor","10":"product_cat-miniatyrflaskor-rom","11":"pa_land-barbados-guyana-sv","12":"pa_procent-40-sv-2","13":"pa_producent-dos-maderas-sv","14":"pa_volume-5-sv","16":"first","17":"instock","18":"taxable","19":"shipping-taxable","20":"purchasable","21":"product-type-simple"},"bundled_by":[],"bundle_stock_status":"instock","bundle_stock_quantity":null,"bundle_virtual":false,"bundle_layout":"","bundle_add_to_cart_form_location":"","bundle_editable_in_cart":false,"bundle_sold_individually_context":"","bundle_item_grouping":"","bundle_min_size":"","bundle_max_size":"","bundle_price":[],"bundled_items":[],"bundle_sell_ids":[],"acf":[],"_links":{"self":[{"href":"https:\/\/www.raschvin.com\/sv\/wp-json\/wp\/v2\/product\/16521","targetHints":{"allow":["GET"]}}],"collection":[{"href":"https:\/\/www.raschvin.com\/sv\/wp-json\/wp\/v2\/product"}],"about":[{"href":"https:\/\/www.raschvin.com\/sv\/wp-json\/wp\/v2\/types\/product"}],"wp:featuredmedia":[{"embeddable":true,"href":"https:\/\/www.raschvin.com\/sv\/wp-json\/wp\/v2\/media\/5846"}],"wp:attachment":[{"href":"https:\/\/www.raschvin.com\/sv\/wp-json\/wp\/v2\/media?parent=16521"}],"wp:term":[{"taxonomy":"product_brand","embeddable":true,"href":"https:\/\/www.raschvin.com\/sv\/wp-json\/wp\/v2\/product_brand?post=16521"},{"taxonomy":"product_cat","embeddable":true,"href":"https:\/\/www.raschvin.com\/sv\/wp-json\/wp\/v2\/product_cat?post=16521"},{"taxonomy":"product_tag","embeddable":true,"href":"https:\/\/www.raschvin.com\/sv\/wp-json\/wp\/v2\/product_tag?post=16521"}],"curies":[{"name":"wp","href":"https:\/\/api.w.org\/{rel}","templated":true}]}}