{"id":16518,"date":"2022-05-30T10:04:13","date_gmt":"2022-05-30T08:04:13","guid":{"rendered":"https:\/\/www.raschvin.com\/vare\/creme-de-cassis-gabriel-boudier-dijon-20-70-cl\/"},"modified":"2022-11-11T07:57:29","modified_gmt":"2022-11-11T06:57:29","slug":"creme-de-cassis-gabriel-boudier-dijon-20-70-cl","status":"publish","type":"product","link":"https:\/\/www.raschvin.com\/sv\/produkt\/creme-de-cassis-gabriel-boudier-dijon-20-70-cl\/","title":{"rendered":"Cr\u00e8me de Cassis &#8211; Gabriel Boudier Dijon 70 cl. 20%"},"content":{"rendered":"<p>Den dagliga ledningen i bolaget, Gabriel Boudier, idag hanteras av Battault-familjen, som f\u00f6rv\u00e4rvat bolaget 1936. Sedan 1874 har Gabriel Boudiers Cr\u00e8me de Cassis de Dijon varit ansvarig f\u00f6r att vara en unik produkt. Kvalitet och tradition har alltid varit grundl\u00e4ggande f\u00f6r produktionen av denna speciella Cr\u00e8me de Cassis.<\/p>\n<p>Bara svarta vinb\u00e4r av h\u00f6gsta kvalitet anv\u00e4nds, och det \u00e4r ofta presidenten f\u00f6r Gabriel Boudier, Pierre Battault, som sj\u00e4lv \u00e4r godk\u00e4nnande av soluzzlys kvalitet. Den naturliga j\u00e4sningsprocessen producerar de fina solburnaomerna, och en mycket liten sockerjustering garanterar den harmoniska balansen som \u00e4r s\u00e5 karakteristisk f\u00f6r Boudier Cr\u00e9me de Cassis.<\/p>\n<p>Denna Cr\u00e9me de Cassis har en djup, violett f\u00e4rg. Doften leder en i riktning mot f\u00e4rska, nyplockade svarta vinb\u00e4r. Smaken \u00e4r otroligt fett, rik och kr\u00e4mig.<\/p>\n<p>Cr\u00e9me de Cassis kan avnjutas vid rumstemperatur eller kyld.<\/p>\n<p>Det kan ocks\u00e5 anv\u00e4ndas i KIR: 4\/5 Del Bourgogne Aligot\u00e9 \/ \u00d6vrigt torrt vitt vin och 1\/5 del Cr\u00e8me de Cassis. Vid Kir Royal anv\u00e4nds samma blandningsf\u00f6rh\u00e5llande, men det vita vinet ers\u00e4tts av champagnebrut eller ett annat torrt, mousserande vin.<\/p>\n<p>70 cl.\/20s<\/p>\n","protected":false},"excerpt":{"rendered":"<p>French Premium Black Currant Liqueur<\/p>\n","protected":false},"featured_media":52945,"template":"","meta":{"_acf_changed":false,"rs_blank_template":"","rs_page_bg_color":"","slide_template_v7":""},"product_brand":[],"product_cat":[2387,4670,2390],"product_tag":[],"class_list":{"0":"post-16518","1":"product","2":"type-product","3":"status-publish","4":"has-post-thumbnail","6":"product_cat-avec-sv","7":"product_cat-frukt","8":"product_cat-sprit","9":"pa_land-frankrike","10":"pa_procent-20-sv","11":"pa_producent-gabriel-boudier-sv","12":"pa_region-bourgogne-sv","13":"pa_volume-70-sv-2","15":"first","16":"instock","17":"taxable","18":"shipping-taxable","19":"purchasable","20":"product-type-simple"},"bundled_by":["116188"],"bundle_stock_status":"instock","bundle_stock_quantity":null,"bundle_virtual":false,"bundle_layout":"","bundle_add_to_cart_form_location":"","bundle_editable_in_cart":false,"bundle_sold_individually_context":"","bundle_item_grouping":"","bundle_min_size":"","bundle_max_size":"","bundle_price":[],"bundled_items":[],"bundle_sell_ids":[],"acf":[],"_links":{"self":[{"href":"https:\/\/www.raschvin.com\/sv\/wp-json\/wp\/v2\/product\/16518","targetHints":{"allow":["GET"]}}],"collection":[{"href":"https:\/\/www.raschvin.com\/sv\/wp-json\/wp\/v2\/product"}],"about":[{"href":"https:\/\/www.raschvin.com\/sv\/wp-json\/wp\/v2\/types\/product"}],"wp:featuredmedia":[{"embeddable":true,"href":"https:\/\/www.raschvin.com\/sv\/wp-json\/wp\/v2\/media\/52945"}],"wp:attachment":[{"href":"https:\/\/www.raschvin.com\/sv\/wp-json\/wp\/v2\/media?parent=16518"}],"wp:term":[{"taxonomy":"product_brand","embeddable":true,"href":"https:\/\/www.raschvin.com\/sv\/wp-json\/wp\/v2\/product_brand?post=16518"},{"taxonomy":"product_cat","embeddable":true,"href":"https:\/\/www.raschvin.com\/sv\/wp-json\/wp\/v2\/product_cat?post=16518"},{"taxonomy":"product_tag","embeddable":true,"href":"https:\/\/www.raschvin.com\/sv\/wp-json\/wp\/v2\/product_tag?post=16518"}],"curies":[{"name":"wp","href":"https:\/\/api.w.org\/{rel}","templated":true}]}}