{"id":16514,"date":"2022-05-30T10:04:13","date_gmt":"2022-05-30T08:04:13","guid":{"rendered":"https:\/\/www.raschvin.com\/vare\/g-e-massenez-fraise-des-bois-wild-strawberry\/"},"modified":"2022-11-17T17:05:18","modified_gmt":"2022-11-17T16:05:18","slug":"g-e-massenez-fraise-des-bois-wild-strawberry","status":"publish","type":"product","link":"https:\/\/www.raschvin.com\/sv\/produkt\/g-e-massenez-fraise-des-bois-wild-strawberry\/","title":{"rendered":"G.E. Massenez Fraise des Bois (Wild Strawberry) 70 cl. 43%"},"content":{"rendered":"<p>Denna Eau de Vie har en mycket elegant smak och doft av skogsburar.<\/p>\n<p>Aromen minskar n\u00e5got \u00f6ver tiden, och d\u00e4rf\u00f6r \u00e4r det inte l\u00e4mpligt att lagra inneh\u00e5llet f\u00f6r l\u00e4nge efter \u00f6ppnandet av flaskan.<\/p>\n<p>Eau de Vie Fraise des Bois kan avnjutas vid rumstemperatur och det \u00e4r perfekt som slutet p\u00e5 en god middag.<\/p>\n<p>Jean-Baptiste Massenez grundade f\u00f6retaget G.e. Massenz 1870 i Alsace. I Valle Urbeis fann han idealiska f\u00f6rh\u00e5llanden &#8211; h\u00e4r var extremt frodiga, och de olika frukterna du skulle beh\u00f6va f\u00f6r den senare s\u00e5 k\u00e4nda fruktbr\u00e4nnaren, var alla l\u00e4ttillg\u00e4ngliga i detta omr\u00e5de. Genom 5 generationer har Massenez producerat de igenk\u00e4nnbara varum\u00e4rkesvinerna.<\/p>\n<p>P.g.a. Populariteten har f\u00f6retaget m\u00e5ste expandera otaliga tider, och p\u00e5 1950-talet flyttade du f\u00f6retaget till Bassemberg. Idag kan de lagra 3000 ton f\u00e4rsk frukt innan den faktiska omvandlingen b\u00f6rjar.<\/p>\n","protected":false},"excerpt":{"rendered":"<p>Eau de Vie de France<\/p>\n","protected":false},"featured_media":5800,"template":"","meta":{"_acf_changed":false,"rs_blank_template":"","rs_page_bg_color":"","slide_template_v7":""},"product_brand":[],"product_cat":[2743,2398],"product_tag":[],"class_list":{"0":"post-16514","1":"product","2":"type-product","3":"status-publish","4":"has-post-thumbnail","6":"product_cat-brannvin-sv","7":"product_cat-eau-de-vie-sv","8":"pa_land-frankrike","9":"pa_procent-43-sv","10":"pa_producent-g-e-massenez-sv","11":"pa_region-alsace-sv","12":"pa_volume-70-sv-2","14":"first","15":"instock","16":"taxable","17":"shipping-taxable","18":"purchasable","19":"product-type-simple"},"bundled_by":[],"bundle_stock_status":"instock","bundle_stock_quantity":null,"bundle_virtual":false,"bundle_layout":"","bundle_add_to_cart_form_location":"","bundle_editable_in_cart":false,"bundle_sold_individually_context":"","bundle_item_grouping":"","bundle_min_size":"","bundle_max_size":"","bundle_price":[],"bundled_items":[],"bundle_sell_ids":[],"acf":[],"_links":{"self":[{"href":"https:\/\/www.raschvin.com\/sv\/wp-json\/wp\/v2\/product\/16514","targetHints":{"allow":["GET"]}}],"collection":[{"href":"https:\/\/www.raschvin.com\/sv\/wp-json\/wp\/v2\/product"}],"about":[{"href":"https:\/\/www.raschvin.com\/sv\/wp-json\/wp\/v2\/types\/product"}],"wp:featuredmedia":[{"embeddable":true,"href":"https:\/\/www.raschvin.com\/sv\/wp-json\/wp\/v2\/media\/5800"}],"wp:attachment":[{"href":"https:\/\/www.raschvin.com\/sv\/wp-json\/wp\/v2\/media?parent=16514"}],"wp:term":[{"taxonomy":"product_brand","embeddable":true,"href":"https:\/\/www.raschvin.com\/sv\/wp-json\/wp\/v2\/product_brand?post=16514"},{"taxonomy":"product_cat","embeddable":true,"href":"https:\/\/www.raschvin.com\/sv\/wp-json\/wp\/v2\/product_cat?post=16514"},{"taxonomy":"product_tag","embeddable":true,"href":"https:\/\/www.raschvin.com\/sv\/wp-json\/wp\/v2\/product_tag?post=16514"}],"curies":[{"name":"wp","href":"https:\/\/api.w.org\/{rel}","templated":true}]}}