{"id":16508,"date":"2022-05-30T10:02:53","date_gmt":"2022-05-30T08:02:53","guid":{"rendered":"https:\/\/www.raschvin.com\/vare\/amrut-triparva-triple-destilled-50\/"},"modified":"2023-03-13T08:30:52","modified_gmt":"2023-03-13T07:30:52","slug":"amrut-triparva-triple-destilled-50","status":"publish","type":"product","link":"https:\/\/www.raschvin.com\/sv\/produkt\/amrut-triparva-triple-destilled-50\/","title":{"rendered":"Amrut Triparva Triple Destilled 70 cl. 50%"},"content":{"rendered":"<p>Indiens f\u00f6rsta touch i n\u00e5gonsin Triple Destillerade Single Malts<\/p>\n<p>Triparva \u00e4r en trippel destillerad begr\u00e4nsad upplaga single malt whisky med en total tappning p\u00e5 5400 flaskor \u00f6ver hela v\u00e4rlden. Av den globala f\u00f6rdelningen tilldelas 600 flaskor p\u00e5 den amerikanska marknaden f\u00f6r att uppfylla kraven p\u00e5 indiska whisky-f\u00f6rh\u00e5llanden och samlare. Det h\u00e4r \u00e4r f\u00f6rsta g\u00e5ngen Triple Destilled Single Malt Whisky produceras i Indien och kanske till och med Asien.<\/p>\n<p>Citat fr\u00e5n Ashok Chokalingam, Head Distiller, Amrut:<br \/>\n&#8221;Amrut har till stor del producerat ett antal kompromissl\u00f6st innovativa singelmalt whisky som Amrut Spectrum (multipla Oak Barrel Single Malt), naarangi (en enda malt med orange inflytande), Rye Single Malt f\u00f6r att n\u00e4mna n\u00e5gra. Denna senaste till\u00e4gg av Triparva, trippel destillerad singel malt, slutar sn\u00e4llt. Jag t\u00e4nker p\u00e5 n\u00e5got destilleri att komma och g\u00f6ra vad Amrut har gjort i Indien, kommer att ta l\u00e5ng tid, och djupet och m\u00e5ngfalden av det, har Amrut, o\u00f6vertr\u00e4ffat. Vi \u00e4r stolta \u00f6ver vad vi hittills gjort och cementerade v\u00e5r position som &#8221;pionj\u00e4rer&#8221; inom enstaka maltemployment i Indien. &#8221;<\/p>\n<p>F\u00e4rg: Golden Brown<\/p>\n<p>N\u00e4sa: Saltad karamelll och kokosn\u00f6t vanilj vaniljkr\u00e4m arbetar i tandem, och persika och melon viskas. Denna viskning blir ett rop av plantain och s\u00f6ta apelsiner kompletterade med subtila ekar.<\/p>\n<p>Smak: Fruktcocktail, kr\u00e4mig persika och melon i sirap f\u00f6ljt av plantain, orange citrus och vanilj. Hela upplevelsen \u00e4r en slags s\u00f6t soppa med en rik konsistens som b\u00e4rs av honung och sorbet.<\/p>\n<p>Slutf\u00f6rande: Honung och plantain som v\u00e4grar att f\u00f6rsvinna och f\u00e5 en mild krydda<\/p>\n","protected":false},"excerpt":{"rendered":"<p>Indian Single Malt Whisky<\/p>\n","protected":false},"featured_media":31036,"template":"","meta":{"_acf_changed":false,"rs_blank_template":"","rs_page_bg_color":"","slide_template_v7":""},"product_brand":[],"product_cat":[2387,2392,4651],"product_tag":[],"class_list":{"0":"post-16508","1":"product","2":"type-product","3":"status-publish","4":"has-post-thumbnail","6":"product_cat-avec-sv","7":"product_cat-whisky-sv","8":"product_cat-single-malt-sv","9":"pa_land-indien-sv","10":"pa_procent-50-sv","11":"pa_producent-amrut-sv","12":"pa_volume-70-sv-2","14":"first","15":"instock","16":"taxable","17":"shipping-taxable","18":"purchasable","19":"product-type-simple"},"bundled_by":[],"bundle_stock_status":"instock","bundle_stock_quantity":null,"bundle_virtual":false,"bundle_layout":"","bundle_add_to_cart_form_location":"","bundle_editable_in_cart":false,"bundle_sold_individually_context":"","bundle_item_grouping":"","bundle_min_size":"","bundle_max_size":"","bundle_price":[],"bundled_items":[],"bundle_sell_ids":[],"acf":[],"_links":{"self":[{"href":"https:\/\/www.raschvin.com\/sv\/wp-json\/wp\/v2\/product\/16508","targetHints":{"allow":["GET"]}}],"collection":[{"href":"https:\/\/www.raschvin.com\/sv\/wp-json\/wp\/v2\/product"}],"about":[{"href":"https:\/\/www.raschvin.com\/sv\/wp-json\/wp\/v2\/types\/product"}],"wp:featuredmedia":[{"embeddable":true,"href":"https:\/\/www.raschvin.com\/sv\/wp-json\/wp\/v2\/media\/31036"}],"wp:attachment":[{"href":"https:\/\/www.raschvin.com\/sv\/wp-json\/wp\/v2\/media?parent=16508"}],"wp:term":[{"taxonomy":"product_brand","embeddable":true,"href":"https:\/\/www.raschvin.com\/sv\/wp-json\/wp\/v2\/product_brand?post=16508"},{"taxonomy":"product_cat","embeddable":true,"href":"https:\/\/www.raschvin.com\/sv\/wp-json\/wp\/v2\/product_cat?post=16508"},{"taxonomy":"product_tag","embeddable":true,"href":"https:\/\/www.raschvin.com\/sv\/wp-json\/wp\/v2\/product_tag?post=16508"}],"curies":[{"name":"wp","href":"https:\/\/api.w.org\/{rel}","templated":true}]}}