{"id":16506,"date":"2022-05-30T10:02:53","date_gmt":"2022-05-30T08:02:53","guid":{"rendered":"https:\/\/www.raschvin.com\/vare\/grand-marnier-cordon-rouge-70-cl\/"},"modified":"2022-11-18T12:34:44","modified_gmt":"2022-11-18T11:34:44","slug":"grand-marnier-cordon-rouge-70-cl","status":"publish","type":"product","link":"https:\/\/www.raschvin.com\/sv\/produkt\/grand-marnier-cordon-rouge-70-cl\/","title":{"rendered":"Grand Marnier &#8211; Cordon Rouge 70 cl. 40%"},"content":{"rendered":"<p>Grand Marnier Cordon Rouge \u00e4r en unik och smakrik lik\u00f6r gjord av en blandning av den finaste konjaken och essensen av torkade exotiska bittra apelsiner. Receptet, som inte har f\u00f6r\u00e4ndrats sedan dess ursprung, skapades av Louis-Alexandre Marnier Lapostelle 1880.<br \/>\nEn v\u00e4rldsber\u00f6md fransk stilikon<br \/>\nDen stilrena flaskan samt lik\u00f6rens unika rundhet, finess och bittra toner av apelsin har f\u00f6r l\u00e4nge sedan satt Grand Marnier Cordon Rouge p\u00e5 v\u00e4rldskartan. Idag finns den tillg\u00e4nglig i 150 l\u00e4nder och med 137 \u00e5r bakom sig \u00e4r Cordon Rouge f\u00f6rmodligen den mest k\u00e4nda franska lik\u00f6ren p\u00e5 marknaden.<br \/>\nEn v\u00e4lsmakande upplevelse f\u00f6r kv\u00e4llstimmarna<br \/>\nDen harmoniska och l\u00e5nga eftersmaken \u00e4r den perfekta avslutningen p\u00e5 en god middag. Njut av den p\u00e5 klipporna eller som en fantastisk mixer i cocktails och longdrinks.<br \/>\nProva Grand-Tonic med 5cl Grand Marnier Cordon Rouge, toppad med Tonic och mycket is och en skiva f\u00e4rsk apelsin. Allt serveras i ett vitt vinglas.<br \/>\n70 cl. &#8211; 40 %<\/p>\n<p>F\u00f6rslag:<br \/>\nLagun<br \/>\n&#8211; 2 cl bl\u00e5 Bols<br \/>\n&#8211; 1 cl Grand Marnier<br \/>\n&#8211; 4 cl vodka<br \/>\n&#8211; 4 cl ananasjuice<br \/>\n&#8211; M\u00f6jligen. en skiva ananas<br \/>\n&#8211; krossad is<br \/>\nSkaka ihop alla ingredienser.<br \/>\nH\u00e4ll upp i ett glas med krossad is.<br \/>\nDekorera ev med ananas.<\/p>\n","protected":false},"excerpt":{"rendered":"<p>Liqueur Orange &#038; Cognac<\/p>\n","protected":false},"featured_media":5720,"template":"","meta":{"_acf_changed":false,"rs_blank_template":"","rs_page_bg_color":"","slide_template_v7":""},"product_brand":[],"product_cat":[4716,2387,2390],"product_tag":[],"class_list":{"0":"post-16506","1":"product","2":"type-product","3":"status-publish","4":"has-post-thumbnail","6":"product_cat-andra-likorer","7":"product_cat-avec-sv","8":"product_cat-sprit","9":"pa_land-frankrike","10":"pa_procent-40-sv-2","11":"pa_producent-marnier-lapostolle-sv","12":"pa_volume-70-sv-2","14":"first","15":"instock","16":"taxable","17":"shipping-taxable","18":"purchasable","19":"product-type-simple"},"bundled_by":[],"bundle_stock_status":"instock","bundle_stock_quantity":null,"bundle_virtual":false,"bundle_layout":"","bundle_add_to_cart_form_location":"","bundle_editable_in_cart":false,"bundle_sold_individually_context":"","bundle_item_grouping":"","bundle_min_size":"","bundle_max_size":"","bundle_price":[],"bundled_items":[],"bundle_sell_ids":[],"acf":[],"_links":{"self":[{"href":"https:\/\/www.raschvin.com\/sv\/wp-json\/wp\/v2\/product\/16506","targetHints":{"allow":["GET"]}}],"collection":[{"href":"https:\/\/www.raschvin.com\/sv\/wp-json\/wp\/v2\/product"}],"about":[{"href":"https:\/\/www.raschvin.com\/sv\/wp-json\/wp\/v2\/types\/product"}],"wp:featuredmedia":[{"embeddable":true,"href":"https:\/\/www.raschvin.com\/sv\/wp-json\/wp\/v2\/media\/5720"}],"wp:attachment":[{"href":"https:\/\/www.raschvin.com\/sv\/wp-json\/wp\/v2\/media?parent=16506"}],"wp:term":[{"taxonomy":"product_brand","embeddable":true,"href":"https:\/\/www.raschvin.com\/sv\/wp-json\/wp\/v2\/product_brand?post=16506"},{"taxonomy":"product_cat","embeddable":true,"href":"https:\/\/www.raschvin.com\/sv\/wp-json\/wp\/v2\/product_cat?post=16506"},{"taxonomy":"product_tag","embeddable":true,"href":"https:\/\/www.raschvin.com\/sv\/wp-json\/wp\/v2\/product_tag?post=16506"}],"curies":[{"name":"wp","href":"https:\/\/api.w.org\/{rel}","templated":true}]}}