{"id":16503,"date":"2022-05-30T10:01:23","date_gmt":"2022-05-30T08:01:23","guid":{"rendered":"https:\/\/www.raschvin.com\/vare\/smokehead\/"},"modified":"2022-12-07T11:49:51","modified_gmt":"2022-12-07T10:49:51","slug":"smokehead","status":"publish","type":"product","link":"https:\/\/www.raschvin.com\/sv\/produkt\/smokehead\/","title":{"rendered":"SmokeHead 70 cl. 43%"},"content":{"rendered":"<p>Smokehead \u00e4r en serie single malt whiskies fr\u00e5n Islay. Som namnet antyder \u00e4r det fullt kraft p\u00e5 r\u00f6k och torv &#8211; n\u00e4stan tillr\u00e4ckligt f\u00f6r att s\u00e4tta r\u00f6klarmet i sovrummet, \u00e4ven om du h\u00e4ller whiskyen i vardagsrummet! Debatten \u00e4r fortfarande rasande \u00f6ver vilken destilleri som levererar whisky till r\u00f6khuvudflaskorna. Om du f\u00e5r reda p\u00e5, skicka oss ett mail!<\/p>\n<p>F\u00e4rg: Golden.<br \/>\nFragrance: Kraftfull br\u00e4nnare stiger av glaset. Massor av torv, kryddor och kryddig ingef\u00e4ra.<br \/>\nSmak: Salt, t\u00e5ng och torv &#8211; det g\u00f6mmer inte p\u00e5 att vara av Islay Etch. Senare, peppar, honung, ingef\u00e4ra och mandarin.<\/p>\n<p>Serveringsf\u00f6rslag: Njut av ren.<\/p>\n<p>Ian MacLeod Distillers \u00e4r ett skotskt spritf\u00f6retag, startat 1933 och idag ett av de st\u00f6rsta familje\u00e4gda f\u00f6retagen i spritindustrin. F\u00f6rutom att \u00e4ga destilleri Glengoyne och Tamdhu samt Edinburgh Gin har Ian MacLeod ocks\u00e5 l\u00e4nge fungerat som en av de mest respekterade oberoende dekanterna, med serie som Chieftain, Dun Bheaagan, som vi f\u00e5r det och r\u00f6khuvudet. I 80 \u00e5r har Ian MacLeod viktat kvalitet \u00f6ver kvantitet, och till och med utn\u00e4mnd de b\u00e4sta tillverkarna att arbeta med, vilket har resulterat i den avundsv\u00e4rda portf\u00f6ljen av whisky, gin och Rom, har de idag.<\/p>\n<p>H\u00f6sten 2017, whisky n\u00f6rdar v\u00e4rlden \u00f6ver i h\u00e4nderna, n\u00e4r Ian MacLeod meddelade att de planerade att \u00f6ppna den hedniska (och mycket missade) Lowland Distillery, Rosebank.<\/p>\n","protected":false},"excerpt":{"rendered":"<p>Islay Single Malt Scotch Whisky<\/p>\n","protected":false},"featured_media":5690,"template":"","meta":{"_acf_changed":false,"rs_blank_template":"","rs_page_bg_color":"","slide_template_v7":""},"product_brand":[],"product_cat":[2387,4651,2392],"product_tag":[],"class_list":{"0":"post-16503","1":"product","2":"type-product","3":"status-publish","4":"has-post-thumbnail","6":"product_cat-avec-sv","7":"product_cat-single-malt-sv","8":"product_cat-whisky-sv","9":"pa_land-skottland","10":"pa_procent-43-sv","11":"pa_producent-ian-macleod-sv","12":"pa_region-islay-sv","13":"pa_volume-70-sv-2","15":"first","16":"outofstock","17":"sale","18":"taxable","19":"shipping-taxable","20":"purchasable","21":"product-type-simple"},"bundled_by":[],"bundle_stock_status":"outofstock","bundle_stock_quantity":null,"bundle_virtual":false,"bundle_layout":"","bundle_add_to_cart_form_location":"","bundle_editable_in_cart":false,"bundle_sold_individually_context":"","bundle_item_grouping":"","bundle_min_size":"","bundle_max_size":"","bundle_price":[],"bundled_items":[],"bundle_sell_ids":[],"acf":[],"_links":{"self":[{"href":"https:\/\/www.raschvin.com\/sv\/wp-json\/wp\/v2\/product\/16503","targetHints":{"allow":["GET"]}}],"collection":[{"href":"https:\/\/www.raschvin.com\/sv\/wp-json\/wp\/v2\/product"}],"about":[{"href":"https:\/\/www.raschvin.com\/sv\/wp-json\/wp\/v2\/types\/product"}],"wp:featuredmedia":[{"embeddable":true,"href":"https:\/\/www.raschvin.com\/sv\/wp-json\/wp\/v2\/media\/5690"}],"wp:attachment":[{"href":"https:\/\/www.raschvin.com\/sv\/wp-json\/wp\/v2\/media?parent=16503"}],"wp:term":[{"taxonomy":"product_brand","embeddable":true,"href":"https:\/\/www.raschvin.com\/sv\/wp-json\/wp\/v2\/product_brand?post=16503"},{"taxonomy":"product_cat","embeddable":true,"href":"https:\/\/www.raschvin.com\/sv\/wp-json\/wp\/v2\/product_cat?post=16503"},{"taxonomy":"product_tag","embeddable":true,"href":"https:\/\/www.raschvin.com\/sv\/wp-json\/wp\/v2\/product_tag?post=16503"}],"curies":[{"name":"wp","href":"https:\/\/api.w.org\/{rel}","templated":true}]}}