{"id":16500,"date":"2022-05-30T10:01:23","date_gmt":"2022-05-30T08:01:23","guid":{"rendered":"https:\/\/www.raschvin.com\/vare\/proper-twelve\/"},"modified":"2022-12-02T09:18:55","modified_gmt":"2022-12-02T08:18:55","slug":"proper-twelve","status":"publish","type":"product","link":"https:\/\/www.raschvin.com\/sv\/produkt\/proper-twelve\/","title":{"rendered":"Proper No. Twelve &#8211; Conor McGregor 70 cl. 40%"},"content":{"rendered":"<p>En whisky skapad av MMA-fightern och (kort) boxaren Conor \u2018The Notorious\u2019 McGregor, den f\u00f6rsta mannen som innehade m\u00e4startitlar i tv\u00e5 olika UFC-viktdivisioner samtidigt. Whiskyn har f\u00e5tt sitt namn fr\u00e5n postnumret i Dublin 12 d\u00e4r McGregor f\u00f6ddes och v\u00e4xte upp.<\/p>\n<p>Buteljeringen utvecklades med hj\u00e4lp av tidigare Bushmills destillerichef David Elder.<\/p>\n<p>Whiskyn \u00e4r en blandning av olika spannm\u00e5ls- och maltsprit, som har lagrats p\u00e5 bourbonfat, vilket visar upp whiskyns s\u00f6tare inslag. McGregor och Elder provade tydligen \u00f6ver 100 olika blandningar innan de best\u00e4mde sig f\u00f6r den h\u00e4r versionen.<\/p>\n<p>En l\u00e4tt och s\u00f6t irl\u00e4ndsk whisky, Proper No. Twelve erbjuder toner av vanilj, l\u00e4tt malt, \u00e5terh\u00e5llet tr\u00e4, honung, \u00e4pplen, p\u00e4ron, karamell, klippt gr\u00e4s, pressade blommor, pepprig krydda och lite lime.<\/p>\n<p>Den h\u00e4r tappningen \u00e4r f\u00f6rmodligen den mest framg\u00e5ngsrika k\u00e4ndisgodk\u00e4nda whiskyn genom tiderna och har haft enorm f\u00f6rs\u00e4ljning, s\u00e4rskilt i Amerika.<\/p>\n","protected":false},"excerpt":{"rendered":"<p>Triple Distilled &#8211; Irish Whiskey<\/p>\n","protected":false},"featured_media":5663,"template":"","meta":{"_acf_changed":false,"rs_blank_template":"","rs_page_bg_color":"","slide_template_v7":""},"product_brand":[],"product_cat":[2387,2392,4768],"product_tag":[],"class_list":{"0":"post-16500","1":"product","2":"type-product","3":"status-publish","4":"has-post-thumbnail","6":"product_cat-avec-sv","7":"product_cat-whisky-sv","8":"product_cat-irish-whiskey","9":"pa_land-irland-sv","10":"pa_procent-40-sv-2","11":"pa_producent-old-bushmills-distillery-company-sv","12":"pa_volume-70-sv-2","14":"first","15":"instock","16":"sale","17":"taxable","18":"shipping-taxable","19":"purchasable","20":"product-type-simple"},"bundled_by":[],"bundle_stock_status":"instock","bundle_stock_quantity":null,"bundle_virtual":false,"bundle_layout":"","bundle_add_to_cart_form_location":"","bundle_editable_in_cart":false,"bundle_sold_individually_context":"","bundle_item_grouping":"","bundle_min_size":"","bundle_max_size":"","bundle_price":[],"bundled_items":[],"bundle_sell_ids":[],"acf":[],"_links":{"self":[{"href":"https:\/\/www.raschvin.com\/sv\/wp-json\/wp\/v2\/product\/16500","targetHints":{"allow":["GET"]}}],"collection":[{"href":"https:\/\/www.raschvin.com\/sv\/wp-json\/wp\/v2\/product"}],"about":[{"href":"https:\/\/www.raschvin.com\/sv\/wp-json\/wp\/v2\/types\/product"}],"wp:featuredmedia":[{"embeddable":true,"href":"https:\/\/www.raschvin.com\/sv\/wp-json\/wp\/v2\/media\/5663"}],"wp:attachment":[{"href":"https:\/\/www.raschvin.com\/sv\/wp-json\/wp\/v2\/media?parent=16500"}],"wp:term":[{"taxonomy":"product_brand","embeddable":true,"href":"https:\/\/www.raschvin.com\/sv\/wp-json\/wp\/v2\/product_brand?post=16500"},{"taxonomy":"product_cat","embeddable":true,"href":"https:\/\/www.raschvin.com\/sv\/wp-json\/wp\/v2\/product_cat?post=16500"},{"taxonomy":"product_tag","embeddable":true,"href":"https:\/\/www.raschvin.com\/sv\/wp-json\/wp\/v2\/product_tag?post=16500"}],"curies":[{"name":"wp","href":"https:\/\/api.w.org\/{rel}","templated":true}]}}