{"id":16495,"date":"2022-05-30T10:01:23","date_gmt":"2022-05-30T08:01:23","guid":{"rendered":"https:\/\/www.raschvin.com\/vare\/wild-turkey-101-proof\/"},"modified":"2022-12-13T12:24:54","modified_gmt":"2022-12-13T11:24:54","slug":"wild-turkey-101-proof","status":"publish","type":"product","link":"https:\/\/www.raschvin.com\/sv\/produkt\/wild-turkey-101-proof\/","title":{"rendered":"Wild Turkey 101 Proof 70 cl. 50,5%"},"content":{"rendered":"<p>Wild Turkey Kentucky Straight Bourbon \u00e4r en legendarisk amerikansk ikon, gjord med expertis fr\u00e5n v\u00e5r Master Distiller Jimmy Russell och hans son Eddie. Denna bourbon \u00e4r gjord med renat vatten fr\u00e5n Kentucky kalksten och de b\u00e4sta tillg\u00e4ngliga ingredienserna. Det \u00e4r en bourbon gjord p\u00e5 gammaldags s\u00e4tt; destilleras l\u00e5ngsamt vid l\u00e5g styrka och sjunker h\u00f6gt s\u00e5 att den beh\u00e5ller sin fylliga, rika smak.<br \/>\nDen vilda kalkonen mognas till perfektion i kraftigt f\u00f6rkolnade nya vita ekfat och buteljeras n\u00e4r den n\u00e5r sin fulla komplexitet med smaker av kola och vanilj. S\u00e5 h\u00e4r ska bourbon vara &#8211; passionerad, \u00e4kta med kompromissl\u00f6s excellens.<\/p>\n<p>Denna tappning av Wild Turkey har lagrats i minst sex \u00e5r innan den kom ut ur fatet med 109 proof. Whiskyn sp\u00e4ds endast n\u00e5got innan den buteljeras vid 101 proof med mycket pepp.<\/p>\n<p>N\u00e4san \u00e4r ganska d\u00e4mpad, men en vacker toffey s\u00f6tma finns kvar. Noter av rostad ek och sm\u00e4lt vaniljglass, en hint av saftig citrus och sm\u00f6rkola. Smaken \u00e4r fyllig och rik med toner av cigarrl\u00e5dans s\u00f6tma, peppar, kola eller ska jag s\u00e4ga &#8221;kola&#8221;? Toner av honung p\u00e5 rostat br\u00f6d med lite sm\u00e4lt sm\u00f6r. Avslutningen \u00e4r l\u00e5ng och fyllig med toner av krydda och rostat br\u00f6d.<\/p>\n","protected":false},"excerpt":{"rendered":"<p>Kentucky Straight Bourbon Whiskey<\/p>\n","protected":false},"featured_media":5604,"template":"","meta":{"_acf_changed":false,"rs_blank_template":"","rs_page_bg_color":"","slide_template_v7":""},"product_brand":[],"product_cat":[4657,2392],"product_tag":[],"class_list":{"0":"post-16495","1":"product","2":"type-product","3":"status-publish","4":"has-post-thumbnail","6":"product_cat-american-bourbon-sv","7":"product_cat-whisky-sv","8":"pa_land-usa-sv","9":"pa_procent-50-5-sv","10":"pa_producent-wild-turkey-distilling-company-sv","11":"pa_region-kentucky-sv","12":"pa_volume-70-sv-2","14":"first","15":"instock","16":"sale","17":"taxable","18":"shipping-taxable","19":"purchasable","20":"product-type-simple"},"bundled_by":[],"bundle_stock_status":"instock","bundle_stock_quantity":null,"bundle_virtual":false,"bundle_layout":"","bundle_add_to_cart_form_location":"","bundle_editable_in_cart":false,"bundle_sold_individually_context":"","bundle_item_grouping":"","bundle_min_size":"","bundle_max_size":"","bundle_price":[],"bundled_items":[],"bundle_sell_ids":[],"acf":[],"_links":{"self":[{"href":"https:\/\/www.raschvin.com\/sv\/wp-json\/wp\/v2\/product\/16495","targetHints":{"allow":["GET"]}}],"collection":[{"href":"https:\/\/www.raschvin.com\/sv\/wp-json\/wp\/v2\/product"}],"about":[{"href":"https:\/\/www.raschvin.com\/sv\/wp-json\/wp\/v2\/types\/product"}],"wp:featuredmedia":[{"embeddable":true,"href":"https:\/\/www.raschvin.com\/sv\/wp-json\/wp\/v2\/media\/5604"}],"wp:attachment":[{"href":"https:\/\/www.raschvin.com\/sv\/wp-json\/wp\/v2\/media?parent=16495"}],"wp:term":[{"taxonomy":"product_brand","embeddable":true,"href":"https:\/\/www.raschvin.com\/sv\/wp-json\/wp\/v2\/product_brand?post=16495"},{"taxonomy":"product_cat","embeddable":true,"href":"https:\/\/www.raschvin.com\/sv\/wp-json\/wp\/v2\/product_cat?post=16495"},{"taxonomy":"product_tag","embeddable":true,"href":"https:\/\/www.raschvin.com\/sv\/wp-json\/wp\/v2\/product_tag?post=16495"}],"curies":[{"name":"wp","href":"https:\/\/api.w.org\/{rel}","templated":true}]}}