{"id":16493,"date":"2022-05-30T09:59:55","date_gmt":"2022-05-30T07:59:55","guid":{"rendered":"https:\/\/www.raschvin.com\/vare\/elijah-craig-small-batch\/"},"modified":"2022-11-17T10:43:21","modified_gmt":"2022-11-17T09:43:21","slug":"elijah-craig-small-batch","status":"publish","type":"product","link":"https:\/\/www.raschvin.com\/sv\/produkt\/elijah-craig-small-batch\/","title":{"rendered":"Elijah Craig Small Batch 70 cl. 47%"},"content":{"rendered":"<p>Den prisbel\u00f6nta bourbon som startade allt. V\u00e5rt signatur sm\u00e5 satsar \u00e4r skyldigar sin s\u00e4rskiljande varma krydda och subtil r\u00f6ksmak till niv\u00e5 3 charred ekfat. Handgjorda av v\u00e5ra Master Distillers \u00e4r det en favorit bland Bourbon Connoisseurs och avslappnade whisky fans.<\/p>\n<p>F\u00c4RG:<br \/>\nBr\u00e4nd koppar<\/p>\n<p>AROM:<br \/>\nTrevligt komplex med anteckningar av vaniljb\u00f6nor, s\u00f6t frukt och f\u00e4rsk mint<\/p>\n<p>SMAK:<br \/>\nSl\u00e4t och varmt bekv\u00e4mt woody med accenter av krydda, r\u00f6k och muskot<\/p>\n<p>Utg\u00e5ng:<br \/>\nL\u00e5ng, s\u00f6t<\/p>\n","protected":false},"excerpt":{"rendered":"<p>Kentucky Straight Bourbon Whiskey<\/p>\n","protected":false},"featured_media":5581,"template":"","meta":{"_acf_changed":false,"rs_blank_template":"","rs_page_bg_color":"","slide_template_v7":""},"product_brand":[],"product_cat":[2387,2392,4657],"product_tag":[],"class_list":{"0":"post-16493","1":"product","2":"type-product","3":"status-publish","4":"has-post-thumbnail","6":"product_cat-avec-sv","7":"product_cat-whisky-sv","8":"product_cat-american-whiskey","9":"pa_land-usa-sv","10":"pa_procent-47-sv","11":"pa_producent-heaven-hill-distillery-sv","12":"pa_region-kentucky-sv","13":"pa_volume-70-sv-2","15":"first","16":"instock","17":"sale","18":"taxable","19":"shipping-taxable","20":"purchasable","21":"product-type-simple"},"bundled_by":[],"bundle_stock_status":"instock","bundle_stock_quantity":null,"bundle_virtual":false,"bundle_layout":"","bundle_add_to_cart_form_location":"","bundle_editable_in_cart":false,"bundle_sold_individually_context":"","bundle_item_grouping":"","bundle_min_size":"","bundle_max_size":"","bundle_price":[],"bundled_items":[],"bundle_sell_ids":[],"acf":[],"_links":{"self":[{"href":"https:\/\/www.raschvin.com\/sv\/wp-json\/wp\/v2\/product\/16493","targetHints":{"allow":["GET"]}}],"collection":[{"href":"https:\/\/www.raschvin.com\/sv\/wp-json\/wp\/v2\/product"}],"about":[{"href":"https:\/\/www.raschvin.com\/sv\/wp-json\/wp\/v2\/types\/product"}],"wp:featuredmedia":[{"embeddable":true,"href":"https:\/\/www.raschvin.com\/sv\/wp-json\/wp\/v2\/media\/5581"}],"wp:attachment":[{"href":"https:\/\/www.raschvin.com\/sv\/wp-json\/wp\/v2\/media?parent=16493"}],"wp:term":[{"taxonomy":"product_brand","embeddable":true,"href":"https:\/\/www.raschvin.com\/sv\/wp-json\/wp\/v2\/product_brand?post=16493"},{"taxonomy":"product_cat","embeddable":true,"href":"https:\/\/www.raschvin.com\/sv\/wp-json\/wp\/v2\/product_cat?post=16493"},{"taxonomy":"product_tag","embeddable":true,"href":"https:\/\/www.raschvin.com\/sv\/wp-json\/wp\/v2\/product_tag?post=16493"}],"curies":[{"name":"wp","href":"https:\/\/api.w.org\/{rel}","templated":true}]}}