{"id":16492,"date":"2022-05-30T09:59:55","date_gmt":"2022-05-30T07:59:55","guid":{"rendered":"https:\/\/www.raschvin.com\/vare\/four-roses-small-batch\/"},"modified":"2022-11-17T14:11:10","modified_gmt":"2022-11-17T13:11:10","slug":"four-roses-small-batch","status":"publish","type":"product","link":"https:\/\/www.raschvin.com\/sv\/produkt\/four-roses-small-batch\/","title":{"rendered":"Four Roses Small Batch 70 cl. 45%"},"content":{"rendered":"<p>Om du n\u00e5gonsin har velat bevis p\u00e5 att blandning av bourbons \u00e4r en konst f\u00f6r sig sj\u00e4lv, hittar du det i den h\u00e4r perfekt balanserade, sm\u00e5 batchbourbon. Fyra ursprungliga Bourbon-recept har valts av v\u00e5r Master Distiller p\u00e5 en mogen tid f\u00f6r att skapa denna mycket mjuka och perfekt balanserade bourbon. Du kan njuta av det b\u00e4sta rakt upp, p\u00e5 klipporna eller bara med ett st\u00e4nk av din favoritblandare. 90 Bevis. 45% alkohol \/ volym.<\/p>\n<p>N\u00c4SA<br \/>\nMj\u00f6lkbo, rik frukt, tips av s\u00f6t ek och karamelll.<\/p>\n<p>Gom<br \/>\nMiled, mogna r\u00f6da b\u00e4r, torkade krydda, v\u00e4lbalanserade, rika.<\/p>\n<p>Avsluta<br \/>\nMjuk, sl\u00e4t och glatt l\u00e5ng.<\/p>\n","protected":false},"excerpt":{"rendered":"<p>Kentucky Straight Bourbon Whiskey<\/p>\n","protected":false},"featured_media":5568,"template":"","meta":{"_acf_changed":false,"rs_blank_template":"","rs_page_bg_color":"","slide_template_v7":""},"product_brand":[],"product_cat":[4657,2387,2392],"product_tag":[],"class_list":{"0":"post-16492","1":"product","2":"type-product","3":"status-publish","4":"has-post-thumbnail","6":"product_cat-american-bourbon-sv","7":"product_cat-avec-sv","8":"product_cat-whisky-sv","9":"pa_land-usa-sv","10":"pa_procent-45-sv","11":"pa_producent-kirin-brewery-company-sv","12":"pa_region-kentucky-sv","13":"pa_volume-70-sv-2","15":"first","16":"instock","17":"taxable","18":"shipping-taxable","19":"purchasable","20":"product-type-simple"},"bundled_by":[],"bundle_stock_status":"instock","bundle_stock_quantity":null,"bundle_virtual":false,"bundle_layout":"","bundle_add_to_cart_form_location":"","bundle_editable_in_cart":false,"bundle_sold_individually_context":"","bundle_item_grouping":"","bundle_min_size":"","bundle_max_size":"","bundle_price":[],"bundled_items":[],"bundle_sell_ids":[],"acf":[],"_links":{"self":[{"href":"https:\/\/www.raschvin.com\/sv\/wp-json\/wp\/v2\/product\/16492","targetHints":{"allow":["GET"]}}],"collection":[{"href":"https:\/\/www.raschvin.com\/sv\/wp-json\/wp\/v2\/product"}],"about":[{"href":"https:\/\/www.raschvin.com\/sv\/wp-json\/wp\/v2\/types\/product"}],"wp:featuredmedia":[{"embeddable":true,"href":"https:\/\/www.raschvin.com\/sv\/wp-json\/wp\/v2\/media\/5568"}],"wp:attachment":[{"href":"https:\/\/www.raschvin.com\/sv\/wp-json\/wp\/v2\/media?parent=16492"}],"wp:term":[{"taxonomy":"product_brand","embeddable":true,"href":"https:\/\/www.raschvin.com\/sv\/wp-json\/wp\/v2\/product_brand?post=16492"},{"taxonomy":"product_cat","embeddable":true,"href":"https:\/\/www.raschvin.com\/sv\/wp-json\/wp\/v2\/product_cat?post=16492"},{"taxonomy":"product_tag","embeddable":true,"href":"https:\/\/www.raschvin.com\/sv\/wp-json\/wp\/v2\/product_tag?post=16492"}],"curies":[{"name":"wp","href":"https:\/\/api.w.org\/{rel}","templated":true}]}}