{"id":16491,"date":"2022-05-30T09:59:55","date_gmt":"2022-05-30T07:59:55","guid":{"rendered":"https:\/\/www.raschvin.com\/vare\/four-roses-single-barrel\/"},"modified":"2022-11-17T14:08:02","modified_gmt":"2022-11-17T13:08:02","slug":"four-roses-single-barrel","status":"publish","type":"product","link":"https:\/\/www.raschvin.com\/sv\/produkt\/four-roses-single-barrel\/","title":{"rendered":"Four Roses Single Barrel 70 cl. 50%"},"content":{"rendered":"<p>Du vill njuta av smaken av detta premium singelfat igen och igen. Det \u00e4r komplext, fullt och \u00f6verraskande smidigt med en k\u00e4nslig, l\u00e5ng finish som \u00e4r otroligt mjuk. Drick rakt upp eller p\u00e5 klipporna. 100 bevis. 50% alkohol \/ volym.<\/p>\n<p>N\u00c4SA<br \/>\nTorkad krydda, p\u00e4ron, kakao, vanilj och l\u00f6nnsirap.<\/p>\n<p>Gom<br \/>\nHints av mogen plommon och k\u00f6rsb\u00e4r, robust, full kropp, mjuk.<\/p>\n<p>Avsluta<br \/>\nSl\u00e4t och k\u00e4nslig l\u00e5ng.<\/p>\n","protected":false},"excerpt":{"rendered":"<p>Kentucky Straight Bourbon Whiskey<\/p>\n","protected":false},"featured_media":5555,"template":"","meta":{"_acf_changed":false,"rs_blank_template":"","rs_page_bg_color":"","slide_template_v7":""},"product_brand":[],"product_cat":[4657,2387,2392],"product_tag":[],"class_list":{"0":"post-16491","1":"product","2":"type-product","3":"status-publish","4":"has-post-thumbnail","6":"product_cat-american-bourbon-sv","7":"product_cat-avec-sv","8":"product_cat-whisky-sv","9":"pa_land-usa-sv","10":"pa_procent-50-sv","11":"pa_producent-kirin-brewery-company-sv","12":"pa_region-kentucky-sv","13":"pa_volume-70-sv-2","15":"first","16":"instock","17":"taxable","18":"shipping-taxable","19":"purchasable","20":"product-type-simple"},"bundled_by":[],"bundle_stock_status":"instock","bundle_stock_quantity":null,"bundle_virtual":false,"bundle_layout":"","bundle_add_to_cart_form_location":"","bundle_editable_in_cart":false,"bundle_sold_individually_context":"","bundle_item_grouping":"","bundle_min_size":"","bundle_max_size":"","bundle_price":[],"bundled_items":[],"bundle_sell_ids":[],"acf":[],"_links":{"self":[{"href":"https:\/\/www.raschvin.com\/sv\/wp-json\/wp\/v2\/product\/16491","targetHints":{"allow":["GET"]}}],"collection":[{"href":"https:\/\/www.raschvin.com\/sv\/wp-json\/wp\/v2\/product"}],"about":[{"href":"https:\/\/www.raschvin.com\/sv\/wp-json\/wp\/v2\/types\/product"}],"wp:featuredmedia":[{"embeddable":true,"href":"https:\/\/www.raschvin.com\/sv\/wp-json\/wp\/v2\/media\/5555"}],"wp:attachment":[{"href":"https:\/\/www.raschvin.com\/sv\/wp-json\/wp\/v2\/media?parent=16491"}],"wp:term":[{"taxonomy":"product_brand","embeddable":true,"href":"https:\/\/www.raschvin.com\/sv\/wp-json\/wp\/v2\/product_brand?post=16491"},{"taxonomy":"product_cat","embeddable":true,"href":"https:\/\/www.raschvin.com\/sv\/wp-json\/wp\/v2\/product_cat?post=16491"},{"taxonomy":"product_tag","embeddable":true,"href":"https:\/\/www.raschvin.com\/sv\/wp-json\/wp\/v2\/product_tag?post=16491"}],"curies":[{"name":"wp","href":"https:\/\/api.w.org\/{rel}","templated":true}]}}