{"id":16489,"date":"2022-05-30T09:59:55","date_gmt":"2022-05-30T07:59:55","guid":{"rendered":"https:\/\/www.raschvin.com\/vare\/makers-mark\/"},"modified":"2025-02-18T11:09:43","modified_gmt":"2025-02-18T10:09:43","slug":"makers-mark","status":"publish","type":"product","link":"https:\/\/www.raschvin.com\/sv\/produkt\/makers-mark\/","title":{"rendered":"Maker&#8217;s Mark 70 cl. 45%"},"content":{"rendered":"<p>Maker Mark \u00e4r en mycket bekv\u00e4m och sl\u00e4t bourbon som \u00e4r l\u00e4tt att dricka. Kan anv\u00e4ndas f\u00f6r drycker, men \u00e4r ocks\u00e5 utm\u00e4rkt &#8221;p\u00e5 klipporna&#8221; eller med n\u00e5gra droppar vatten.<\/p>\n<p>Skapat av Bill Samuels, Sr. F\u00f6r att vara en bourbon som han sj\u00e4lv tyckte om att dricka, \u00e4r Makers Mark smidigt och tillg\u00e4ngligt med en ljus finish &#8211; en \u00e4kta kontrast till varma, h\u00e5rda whiskyer som &#8221;brista \u00f6ronen&#8221; och en enkel revolution\u00e4r id\u00e9 vid den tiden. Makers f\u00e4lt produceras l\u00e5ngsamt i sm\u00e5fester i v\u00e5rt nationella historiska landm\u00e4rke destilleri i Loretto, Kentucky.<\/p>\n<p>Woodeneg, karamelll, vanilj<\/p>\n<p>Smak \u00e4r s\u00f6t och balanserad med karamelll, vanilj och fruktiga essenser.<\/p>\n<p>P\u00e5 tillverkarens m\u00e4rke producerar de whisky enligt sina egna traditioner och optimerade i m\u00e5nga decennier. En blandning av 4 W: s &#8211; vatten, vete, tr\u00e4 och vax utg\u00f6r basen och proceduren. Strax fr\u00e5n det rena vattnet fr\u00e5n bergen lagras den &#8221;nya amerikanska eken&#8221; som whisky i. Tr\u00e4et lagras utomhus i minst 9 m\u00e5nader f\u00f6r att dra alla tannins ut ur tr\u00e4det s\u00e5 att det inte hamnar i slutprodukten. D\u00e4refter br\u00e4nns tunnorna s\u00e5 att de skapar de vackra aromerna av karamelll och vanilj. Tillsammans skapar det den smidiga och bekv\u00e4ma smaken som k\u00e4nnetecknar tillverkarens m\u00e4rke. Denna whisky pr\u00e4glas ocks\u00e5 av det faktum att varje enskild flaska doppas och avk\u00e4nnes i vax f\u00f6r hand.<\/p>\n","protected":false},"excerpt":{"rendered":"<p>Kentucky Straight Bourbon Whisky<\/p>\n","protected":false},"featured_media":5535,"template":"","meta":{"_acf_changed":false,"rs_blank_template":"","rs_page_bg_color":"","slide_template_v7":""},"product_brand":[],"product_cat":[4657,2387,2392],"product_tag":[],"class_list":{"0":"post-16489","1":"product","2":"type-product","3":"status-publish","4":"has-post-thumbnail","6":"product_cat-american-bourbon-sv","7":"product_cat-avec-sv","8":"product_cat-whisky-sv","9":"pa_land-usa-sv","10":"pa_procent-45-sv","11":"pa_producent-beam-suntory-sv","12":"pa_region-kentucky-sv","13":"pa_volume-70-sv-2","15":"first","16":"instock","17":"taxable","18":"shipping-taxable","19":"purchasable","20":"product-type-simple"},"bundled_by":[],"bundle_stock_status":"instock","bundle_stock_quantity":null,"bundle_virtual":false,"bundle_layout":"","bundle_add_to_cart_form_location":"","bundle_editable_in_cart":false,"bundle_sold_individually_context":"","bundle_item_grouping":"","bundle_min_size":"","bundle_max_size":"","bundle_price":[],"bundled_items":[],"bundle_sell_ids":[],"acf":[],"_links":{"self":[{"href":"https:\/\/www.raschvin.com\/sv\/wp-json\/wp\/v2\/product\/16489","targetHints":{"allow":["GET"]}}],"collection":[{"href":"https:\/\/www.raschvin.com\/sv\/wp-json\/wp\/v2\/product"}],"about":[{"href":"https:\/\/www.raschvin.com\/sv\/wp-json\/wp\/v2\/types\/product"}],"wp:featuredmedia":[{"embeddable":true,"href":"https:\/\/www.raschvin.com\/sv\/wp-json\/wp\/v2\/media\/5535"}],"wp:attachment":[{"href":"https:\/\/www.raschvin.com\/sv\/wp-json\/wp\/v2\/media?parent=16489"}],"wp:term":[{"taxonomy":"product_brand","embeddable":true,"href":"https:\/\/www.raschvin.com\/sv\/wp-json\/wp\/v2\/product_brand?post=16489"},{"taxonomy":"product_cat","embeddable":true,"href":"https:\/\/www.raschvin.com\/sv\/wp-json\/wp\/v2\/product_cat?post=16489"},{"taxonomy":"product_tag","embeddable":true,"href":"https:\/\/www.raschvin.com\/sv\/wp-json\/wp\/v2\/product_tag?post=16489"}],"curies":[{"name":"wp","href":"https:\/\/api.w.org\/{rel}","templated":true}]}}