{"id":16488,"date":"2022-05-30T09:59:55","date_gmt":"2022-05-30T07:59:55","guid":{"rendered":"https:\/\/www.raschvin.com\/vare\/knob-creek-rye\/"},"modified":"2022-11-22T11:17:32","modified_gmt":"2022-11-22T10:17:32","slug":"knob-creek-rye","status":"publish","type":"product","link":"https:\/\/www.raschvin.com\/sv\/produkt\/knob-creek-rye\/","title":{"rendered":"Knob Creek Rye 70 cl. 50%"},"content":{"rendered":"<p>Gyllene f\u00e4rg och en modig smak. Denna whisky fr\u00e5n Knobcreek \u00e4r fylld med tunga toner av ek och r\u00e5g.<\/p>\n<p>Fick i 2016 till internationella vin- och spritkonkurrens, titeln som &#8221;Best Rye Worldwide Whisky<\/p>\n<p>Backas med smak och traditioner \u00e4r Knave Creek &#8221;direkt fr\u00e5n vildmarken&#8221;. Strax efter f\u00f6rbudsperioden var efterfr\u00e5gan p\u00e5 Bourbon enorm och Bourbon s\u00e5ldes utan att lagras speciellt. Knobkrek tog med sina metoder och lagring, de goda gamla traditionerna tillbaka och lagrar sina bourbons p\u00e5 ekfat som \u00e4r f\u00f6rkolade till det maximala &#8211; f\u00f6r att dra maximal smak och s\u00f6tma ur eken. Resultatet \u00e4r en fantastisk rund smak som g\u00e5r igen i alla knutar grekiska bourbons och whiskys. Knob Creek \u00e4r en del av Jim Beams Small Batch Bourbon Collection.<\/p>\n","protected":false},"excerpt":{"rendered":"<p>Kentucky Straight Rye Whiskey<\/p>\n","protected":false},"featured_media":30164,"template":"","meta":{"_acf_changed":false,"rs_blank_template":"","rs_page_bg_color":"","slide_template_v7":""},"product_brand":[],"product_cat":[2387,2392,4657,9254],"product_tag":[],"class_list":{"0":"post-16488","1":"product","2":"type-product","3":"status-publish","4":"has-post-thumbnail","6":"product_cat-avec-sv","7":"product_cat-whisky-sv","8":"product_cat-american-whiskey","9":"product_cat-rye-whiskey","10":"pa_land-usa-sv","11":"pa_procent-50-sv","12":"pa_producent-beam-suntory-sv","13":"pa_region-kentucky-sv","14":"pa_volume-70-sv-2","16":"first","17":"instock","18":"taxable","19":"shipping-taxable","20":"purchasable","21":"product-type-simple"},"bundled_by":[],"bundle_stock_status":"instock","bundle_stock_quantity":null,"bundle_virtual":false,"bundle_layout":"","bundle_add_to_cart_form_location":"","bundle_editable_in_cart":false,"bundle_sold_individually_context":"","bundle_item_grouping":"","bundle_min_size":"","bundle_max_size":"","bundle_price":[],"bundled_items":[],"bundle_sell_ids":[],"acf":[],"_links":{"self":[{"href":"https:\/\/www.raschvin.com\/sv\/wp-json\/wp\/v2\/product\/16488","targetHints":{"allow":["GET"]}}],"collection":[{"href":"https:\/\/www.raschvin.com\/sv\/wp-json\/wp\/v2\/product"}],"about":[{"href":"https:\/\/www.raschvin.com\/sv\/wp-json\/wp\/v2\/types\/product"}],"wp:featuredmedia":[{"embeddable":true,"href":"https:\/\/www.raschvin.com\/sv\/wp-json\/wp\/v2\/media\/30164"}],"wp:attachment":[{"href":"https:\/\/www.raschvin.com\/sv\/wp-json\/wp\/v2\/media?parent=16488"}],"wp:term":[{"taxonomy":"product_brand","embeddable":true,"href":"https:\/\/www.raschvin.com\/sv\/wp-json\/wp\/v2\/product_brand?post=16488"},{"taxonomy":"product_cat","embeddable":true,"href":"https:\/\/www.raschvin.com\/sv\/wp-json\/wp\/v2\/product_cat?post=16488"},{"taxonomy":"product_tag","embeddable":true,"href":"https:\/\/www.raschvin.com\/sv\/wp-json\/wp\/v2\/product_tag?post=16488"}],"curies":[{"name":"wp","href":"https:\/\/api.w.org\/{rel}","templated":true}]}}