{"id":16487,"date":"2022-05-30T09:59:55","date_gmt":"2022-05-30T07:59:55","guid":{"rendered":"https:\/\/www.raschvin.com\/vare\/knob-creek-patiently-aged\/"},"modified":"2022-11-22T11:11:10","modified_gmt":"2022-11-22T10:11:10","slug":"knob-creek-patiently-aged","status":"publish","type":"product","link":"https:\/\/www.raschvin.com\/sv\/produkt\/knob-creek-patiently-aged\/","title":{"rendered":"Knob Creek Small Batch Aged Nine Years 70 cl. 50%"},"content":{"rendered":"<p>Knob Creek Bourbon \u00e4r en ikonisk whisky som njuter \u00f6ver hela v\u00e4rlden. Det \u00e4r den mest k\u00e4nda whiskyen fr\u00e5n Jim Beams Small Batch Collection, och varum\u00e4rket \u00e4gs av Beam Suntory. Med tanke p\u00e5 hans v\u00e5giga, rika och rika smak, \u00e5ldras flaggskeppsflaskan Creek nio \u00e5r och flaskades med ett starkt 100-bevis. Kentucky Whisky M\u00e4rke producerar ocks\u00e5 en imponerande r\u00e5g whisky samt ett antal speciella och begr\u00e4nsade utg\u00e5va. Oavsett om du dricker det rakt eller blandar det i cocktails, \u00e4r denna premium bourbon \u00f6verraskande \u00f6verkomligt och ett utm\u00e4rkt till\u00e4gg till n\u00e5gon ande och bar.<\/p>\n<p>Knob Creek \u00e4r en rak Bourbon Whisky producerad i Clermont, Kentucky. Det grundades 1992 av Booker Noe, den sj\u00e4tte generationens masterdestiller i Jim Beam-familjen. Noes avsikt var att skapa en full smak bourbon som s\u00e5g ut som dem destillerade f\u00f6re f\u00f6rbud.<\/p>\n<p>Aromen inneh\u00e5ller en bukett med rika tr\u00e4- och vaniljtoner med f\u00f6rslag p\u00e5 l\u00f6nnsocker och rostade mandlar. Med tanke p\u00e5 dess styrka \u00e4r det f\u00f6rv\u00e5nande att gommen \u00e4r ganska rik p\u00e5 en s\u00f6t ekliknande och l\u00e4ckra fruktig underton samt tips av kanel och krydda.<\/p>\n<p>Det finns inget fel s\u00e4tt att dricka knoppb\u00e4cken, och det \u00e4r alltid en trevlig upplevelse. Njut av det som ett skott, p\u00e5 klipporna eller i cocktails. Dess dj\u00e4rva profil kan vara lite sv\u00e5rt f\u00f6r n\u00e5gra gom, och ett st\u00e4nk av vatten \u00f6ppnar aromen och smaken underbart. F\u00f6r en 100-bevis whisky \u00e4r det n\u00e4stan f\u00f6rv\u00e4ntat och g\u00f6r det l\u00e4ttare att dricka det rakt. Och \u00e4nd\u00e5 s\u00e4kerst\u00e4ller denna konsol ocks\u00e5 att Knob Creek \u00e4r en utm\u00e4rkt cocktailblandare. Smaken \u00e4r inte f\u00f6rlorad i de mest smakfulla eller komplexa bourbondryckerna, oavsett hur sv\u00e5rt du f\u00f6rs\u00f6ker.<\/p>\n","protected":false},"excerpt":{"rendered":"<p>Kentucky Straight Bourbon Whiskey<\/p>\n","protected":false},"featured_media":30162,"template":"","meta":{"_acf_changed":false,"rs_blank_template":"","rs_page_bg_color":"","slide_template_v7":""},"product_brand":[],"product_cat":[2387,2392,4657],"product_tag":[],"class_list":{"0":"post-16487","1":"product","2":"type-product","3":"status-publish","4":"has-post-thumbnail","6":"product_cat-avec-sv","7":"product_cat-whisky-sv","8":"product_cat-american-whiskey","9":"pa_land-usa-sv","10":"pa_procent-50-sv","11":"pa_producent-beam-suntory-sv","12":"pa_region-kentucky-sv","13":"pa_volume-70-sv-2","15":"first","16":"instock","17":"taxable","18":"shipping-taxable","19":"purchasable","20":"product-type-simple"},"bundled_by":[],"bundle_stock_status":"instock","bundle_stock_quantity":null,"bundle_virtual":false,"bundle_layout":"","bundle_add_to_cart_form_location":"","bundle_editable_in_cart":false,"bundle_sold_individually_context":"","bundle_item_grouping":"","bundle_min_size":"","bundle_max_size":"","bundle_price":[],"bundled_items":[],"bundle_sell_ids":[],"acf":[],"_links":{"self":[{"href":"https:\/\/www.raschvin.com\/sv\/wp-json\/wp\/v2\/product\/16487","targetHints":{"allow":["GET"]}}],"collection":[{"href":"https:\/\/www.raschvin.com\/sv\/wp-json\/wp\/v2\/product"}],"about":[{"href":"https:\/\/www.raschvin.com\/sv\/wp-json\/wp\/v2\/types\/product"}],"wp:featuredmedia":[{"embeddable":true,"href":"https:\/\/www.raschvin.com\/sv\/wp-json\/wp\/v2\/media\/30162"}],"wp:attachment":[{"href":"https:\/\/www.raschvin.com\/sv\/wp-json\/wp\/v2\/media?parent=16487"}],"wp:term":[{"taxonomy":"product_brand","embeddable":true,"href":"https:\/\/www.raschvin.com\/sv\/wp-json\/wp\/v2\/product_brand?post=16487"},{"taxonomy":"product_cat","embeddable":true,"href":"https:\/\/www.raschvin.com\/sv\/wp-json\/wp\/v2\/product_cat?post=16487"},{"taxonomy":"product_tag","embeddable":true,"href":"https:\/\/www.raschvin.com\/sv\/wp-json\/wp\/v2\/product_tag?post=16487"}],"curies":[{"name":"wp","href":"https:\/\/api.w.org\/{rel}","templated":true}]}}