{"id":16484,"date":"2022-05-30T09:59:55","date_gmt":"2022-05-30T07:59:55","guid":{"rendered":"https:\/\/www.raschvin.com\/vare\/jack-daniels-gentleman-jack\/"},"modified":"2022-11-21T10:17:58","modified_gmt":"2022-11-21T09:17:58","slug":"jack-daniels-gentleman-jack","status":"publish","type":"product","link":"https:\/\/www.raschvin.com\/sv\/produkt\/jack-daniels-gentleman-jack\/","title":{"rendered":"Jack Daniel&#8217;s Gentleman Jack 70 cl. 40%"},"content":{"rendered":"<p>Jack Daniels gentleman Jack \u00e4r en elegant och v\u00e4lbalanserad whisky med en doft som \u00e4r mild och samtidigt intensiv, fylld med anteckningar av br\u00e4nt socker och en lite rostad karakt\u00e4r. Smaken \u00e4r fantastisk mjuk, n\u00e4stan &#8221;varm&#8221; och har en aromatisk touch av n\u00f6tter och honung. Eftermynningen \u00e4r l\u00e5ng och v\u00e4ldigt mjuk. J\u00e4mf\u00f6rt med sitt ursprung \u00e4r denna whisky lite mer elegant &#8211; en sann gentleman.<\/p>\n<p>Rekommendation<br \/>\nGentleman Jack \u00e4r lika bra att dricka &#8221;snyggt&#8221; som &#8221;p\u00e5 klipporna&#8221;. Dess eleganta smak \u00e4r ocks\u00e5 utm\u00e4rkt som grund f\u00f6r att g\u00f6ra en l\u00e4cker cocktail. Varf\u00f6r inte en gammaldags, dvs. En whiskydryck best\u00e5ende av 4-6 cl bourbon, angostura bitter och en bit socker och l\u00e4sk serveras i ett h\u00f6gt glas.<\/p>\n<p>Jack Daniel experimenterade med kolfiltrering allt sitt arbetsliv, men trots ett dedikerat arbete lyckades han aldrig starta n\u00e5gon ny whisky baserat p\u00e5 hans id\u00e9er. Tack vare sitt skriftliga recept skapades Gentleman Jack, och n\u00e4r det lanserades 1988 var det den f\u00f6rsta nya whiskyen fr\u00e5n Jack Daniel Distillery i \u00f6ver 125 \u00e5r! I enlighet med Jacks id\u00e9er filtreras whiskyen genom en tjock s\u00e4ng finm\u00e4rkt l\u00f6nnschip b\u00e5de f\u00f6re och efter lagring i ekar. Det \u00e4r framf\u00f6rallt detta som g\u00f6r gentleman Jack annorlunda \u00e4n den ursprungliga Jack Daniel och alla andra amerikanska bourbon.<\/p>\n","protected":false},"excerpt":{"rendered":"<p>Double Mellowed &#8211; Tennessee Whiskey<\/p>\n","protected":false},"featured_media":5494,"template":"","meta":{"_acf_changed":false,"rs_blank_template":"","rs_page_bg_color":"","slide_template_v7":""},"product_brand":[],"product_cat":[4657,2387,2392],"product_tag":[],"class_list":{"0":"post-16484","1":"product","2":"type-product","3":"status-publish","4":"has-post-thumbnail","6":"product_cat-american-bourbon-sv","7":"product_cat-avec-sv","8":"product_cat-whisky-sv","9":"pa_land-usa-sv","10":"pa_procent-40-sv-2","11":"pa_producent-jack-daniels-sv-2","12":"pa_region-tennessee-sv","13":"pa_volume-70-sv-2","15":"first","16":"instock","17":"taxable","18":"shipping-taxable","19":"purchasable","20":"product-type-simple"},"bundled_by":[],"bundle_stock_status":"instock","bundle_stock_quantity":null,"bundle_virtual":false,"bundle_layout":"","bundle_add_to_cart_form_location":"","bundle_editable_in_cart":false,"bundle_sold_individually_context":"","bundle_item_grouping":"","bundle_min_size":"","bundle_max_size":"","bundle_price":[],"bundled_items":[],"bundle_sell_ids":[],"acf":[],"_links":{"self":[{"href":"https:\/\/www.raschvin.com\/sv\/wp-json\/wp\/v2\/product\/16484","targetHints":{"allow":["GET"]}}],"collection":[{"href":"https:\/\/www.raschvin.com\/sv\/wp-json\/wp\/v2\/product"}],"about":[{"href":"https:\/\/www.raschvin.com\/sv\/wp-json\/wp\/v2\/types\/product"}],"wp:featuredmedia":[{"embeddable":true,"href":"https:\/\/www.raschvin.com\/sv\/wp-json\/wp\/v2\/media\/5494"}],"wp:attachment":[{"href":"https:\/\/www.raschvin.com\/sv\/wp-json\/wp\/v2\/media?parent=16484"}],"wp:term":[{"taxonomy":"product_brand","embeddable":true,"href":"https:\/\/www.raschvin.com\/sv\/wp-json\/wp\/v2\/product_brand?post=16484"},{"taxonomy":"product_cat","embeddable":true,"href":"https:\/\/www.raschvin.com\/sv\/wp-json\/wp\/v2\/product_cat?post=16484"},{"taxonomy":"product_tag","embeddable":true,"href":"https:\/\/www.raschvin.com\/sv\/wp-json\/wp\/v2\/product_tag?post=16484"}],"curies":[{"name":"wp","href":"https:\/\/api.w.org\/{rel}","templated":true}]}}