{"id":16483,"date":"2022-05-30T09:58:37","date_gmt":"2022-05-30T07:58:37","guid":{"rendered":"https:\/\/www.raschvin.com\/vare\/gammel-dansk-halvbitter-honning-lakrids\/"},"modified":"2022-11-17T19:02:11","modified_gmt":"2022-11-17T18:02:11","slug":"gammel-dansk-halvbitter-honning-lakrids","status":"publish","type":"product","link":"https:\/\/www.raschvin.com\/sv\/produkt\/gammel-dansk-halvbitter-honning-lakrids\/","title":{"rendered":"Gammel Dansk Halvbitter &#8211; Honning &#038; Lakrids 70 cl. 30%"},"content":{"rendered":"<p>Gamla danska halvbitar \u00e4r ett nytt s\u00e4tt att dricka gamla danska &#8211; f\u00f6r som namnet kan f\u00f6resl\u00e5, d\u00e5 har vi blivit lite bitterhet. Ibland kan det vara friskt att f\u00f6rnya sig och ett gammalt recept. Men en sak \u00e4r alltid densamma, n\u00e4mligen de naturliga ingredienserna.<\/p>\n<p>Smak<br \/>\n\u00c4ven om gamla danska halvt inchiter inneh\u00e5ller samma unika kombination av \u00f6rter och kryddor, som den ursprungliga gamla danska, \u00e4r det fortfarande ganska annorlunda. Det \u00e4r mildare och mindre bittert.<\/p>\n<p>\u00c5 andra sidan lade vi till ett extra skott av smak i form av honung och R\u00e5lakrid, vilket ger en s\u00f6t motst\u00e5nd mot den v\u00e4lk\u00e4nda bittera smaken.<\/p>\n<p>Gamla danska halfit \u00e4r \u00e5tnjuts som det \u00e4r.<\/p>\n","protected":false},"excerpt":{"rendered":"<p>Danish Traditional Bitter<\/p>\n","protected":false},"featured_media":5487,"template":"","meta":{"_acf_changed":false,"rs_blank_template":"","rs_page_bg_color":"","slide_template_v7":""},"product_brand":[],"product_cat":[2394,2743,2407,2402],"product_tag":[],"class_list":{"0":"post-16483","1":"product","2":"type-product","3":"status-publish","4":"has-post-thumbnail","6":"product_cat-bitter-sv","7":"product_cat-brannvin-sv","8":"product_cat-shots-sv","9":"product_cat-sprit-sv","10":"pa_land-danmark-sv","11":"pa_procent-30-sv","12":"pa_producent-anora-sv","13":"pa_volume-70-sv-2","15":"first","16":"instock","17":"taxable","18":"shipping-taxable","19":"purchasable","20":"product-type-simple"},"bundled_by":[],"bundle_stock_status":"instock","bundle_stock_quantity":null,"bundle_virtual":false,"bundle_layout":"","bundle_add_to_cart_form_location":"","bundle_editable_in_cart":false,"bundle_sold_individually_context":"","bundle_item_grouping":"","bundle_min_size":"","bundle_max_size":"","bundle_price":[],"bundled_items":[],"bundle_sell_ids":[],"acf":[],"_links":{"self":[{"href":"https:\/\/www.raschvin.com\/sv\/wp-json\/wp\/v2\/product\/16483","targetHints":{"allow":["GET"]}}],"collection":[{"href":"https:\/\/www.raschvin.com\/sv\/wp-json\/wp\/v2\/product"}],"about":[{"href":"https:\/\/www.raschvin.com\/sv\/wp-json\/wp\/v2\/types\/product"}],"wp:featuredmedia":[{"embeddable":true,"href":"https:\/\/www.raschvin.com\/sv\/wp-json\/wp\/v2\/media\/5487"}],"wp:attachment":[{"href":"https:\/\/www.raschvin.com\/sv\/wp-json\/wp\/v2\/media?parent=16483"}],"wp:term":[{"taxonomy":"product_brand","embeddable":true,"href":"https:\/\/www.raschvin.com\/sv\/wp-json\/wp\/v2\/product_brand?post=16483"},{"taxonomy":"product_cat","embeddable":true,"href":"https:\/\/www.raschvin.com\/sv\/wp-json\/wp\/v2\/product_cat?post=16483"},{"taxonomy":"product_tag","embeddable":true,"href":"https:\/\/www.raschvin.com\/sv\/wp-json\/wp\/v2\/product_tag?post=16483"}],"curies":[{"name":"wp","href":"https:\/\/api.w.org\/{rel}","templated":true}]}}