{"id":16482,"date":"2022-05-30T09:58:37","date_gmt":"2022-05-30T07:58:37","guid":{"rendered":"https:\/\/www.raschvin.com\/vare\/gammel-dansk-shot-chili-lakrids\/"},"modified":"2022-11-17T19:06:03","modified_gmt":"2022-11-17T18:06:03","slug":"gammel-dansk-shot-chili-lakrids","status":"publish","type":"product","link":"https:\/\/www.raschvin.com\/sv\/produkt\/gammel-dansk-shot-chili-lakrids\/","title":{"rendered":"Gammel Dansk SHOT &#8211; Chili &#038; Lakrids 70 cl. 30%"},"content":{"rendered":"<p>Karakt\u00e4r<br \/>\nDoft: Inst\u00e4llsam och lockande doft. Stor, kryddig men s\u00f6t. Smak: Gammel Dansk Chili &#038; Lakrids Shot \u00e4r fyllig och v\u00e4ldigt smakrik. S\u00f6tman och lakritstonen finns med hela v\u00e4gen som en ryggrad i drycken. \u00d6rtigheten och en l\u00e4tt bitterhet finns med p\u00e5 ett h\u00f6rn helt enligt Gammel Dansk man\u00e9r. Lager efter lager dyker upp och den bara forts\u00e4tter \u00f6verraska. I eftersmaken kommer kryddigheten fr\u00e5n chilin fram som en v\u00e4rmande, het finish. Inte f\u00f6r mycket men tillr\u00e4ckligt f\u00f6r att n\u00e5 en annan niv\u00e5.<\/p>\n<p>Passar till<br \/>\nPassar som \u201den snabb\u201d i baren, till f\u00f6rfesten eller som del i cocktail.<\/p>\n<p>Information<br \/>\nGammel Dansk Chili &#038; Lakrids Shot \u00e4r i samma familj som Gammel Dansk Bitter men inte lika utmanande i sin bitterhet. Det \u00e4r en modern version med tydlig lakrits och chilismak. En trendig shot som har en given plats i baren p\u00e5 krogen eller p\u00e5 f\u00f6rfesten hemma. Det \u00e4r producerad fr\u00e5n samma 29 \u00f6rter och kryddor som originalet, Gammel Dansk, men delarna har \u00e4ndrats i f\u00f6rh\u00e5llandevis till varandra f\u00f6r en betydligt mindre bitter upplevelse. H\u00e4r har man valt att tills\u00e4tta mer r\u00e5lakrits tillsammans med chili som d\u00e5 blir ingrediens nummer 30.<\/p>\n","protected":false},"excerpt":{"rendered":"<p>Danish Traditional Bitter<\/p>\n","protected":false},"featured_media":5480,"template":"","meta":{"_acf_changed":false,"rs_blank_template":"","rs_page_bg_color":"","slide_template_v7":""},"product_brand":[],"product_cat":[2394,2743,2407,2402],"product_tag":[],"class_list":{"0":"post-16482","1":"product","2":"type-product","3":"status-publish","4":"has-post-thumbnail","6":"product_cat-bitter-sv","7":"product_cat-brannvin-sv","8":"product_cat-shots-sv","9":"product_cat-sprit-sv","10":"pa_land-danmark-sv","11":"pa_procent-32-sv","12":"pa_producent-anora-sv","13":"pa_volume-70-sv-2","15":"first","16":"instock","17":"taxable","18":"shipping-taxable","19":"purchasable","20":"product-type-simple"},"bundled_by":[],"bundle_stock_status":"instock","bundle_stock_quantity":null,"bundle_virtual":false,"bundle_layout":"","bundle_add_to_cart_form_location":"","bundle_editable_in_cart":false,"bundle_sold_individually_context":"","bundle_item_grouping":"","bundle_min_size":"","bundle_max_size":"","bundle_price":[],"bundled_items":[],"bundle_sell_ids":[],"acf":[],"_links":{"self":[{"href":"https:\/\/www.raschvin.com\/sv\/wp-json\/wp\/v2\/product\/16482","targetHints":{"allow":["GET"]}}],"collection":[{"href":"https:\/\/www.raschvin.com\/sv\/wp-json\/wp\/v2\/product"}],"about":[{"href":"https:\/\/www.raschvin.com\/sv\/wp-json\/wp\/v2\/types\/product"}],"wp:featuredmedia":[{"embeddable":true,"href":"https:\/\/www.raschvin.com\/sv\/wp-json\/wp\/v2\/media\/5480"}],"wp:attachment":[{"href":"https:\/\/www.raschvin.com\/sv\/wp-json\/wp\/v2\/media?parent=16482"}],"wp:term":[{"taxonomy":"product_brand","embeddable":true,"href":"https:\/\/www.raschvin.com\/sv\/wp-json\/wp\/v2\/product_brand?post=16482"},{"taxonomy":"product_cat","embeddable":true,"href":"https:\/\/www.raschvin.com\/sv\/wp-json\/wp\/v2\/product_cat?post=16482"},{"taxonomy":"product_tag","embeddable":true,"href":"https:\/\/www.raschvin.com\/sv\/wp-json\/wp\/v2\/product_tag?post=16482"}],"curies":[{"name":"wp","href":"https:\/\/api.w.org\/{rel}","templated":true}]}}