{"id":16481,"date":"2022-05-30T09:58:37","date_gmt":"2022-05-30T07:58:37","guid":{"rendered":"https:\/\/www.raschvin.com\/vare\/gammel-dansk-bitter-dram-70-cl\/"},"modified":"2022-11-17T18:58:30","modified_gmt":"2022-11-17T17:58:30","slug":"gammel-dansk-bitter-dram-70-cl","status":"publish","type":"product","link":"https:\/\/www.raschvin.com\/sv\/produkt\/gammel-dansk-bitter-dram-70-cl\/","title":{"rendered":"Gammel Dansk Bitter Dram 70 cl. 38%"},"content":{"rendered":"<p>1961 b\u00f6rjade J\u00f8rgen Ketil Asmund, p\u00e5 De danske Spritfabriker i Roskilde, arbeta med en dansk bitter. Det var en tid d\u00e5 m\u00e5nga danskar b\u00f6rjade resa till s\u00f6dra Europa f\u00f6r soliga semestrar. P\u00e5 kv\u00e4llen i baren uppt\u00e4ckte du de bittra drinkarna.<br \/>\nUnder loppet av tre \u00e5r testade Asmund mer \u00e4n 300 ingredienser och mer \u00e4n 600 kombinationer tillsammans med arbetsgrupper och omfattande smakpaneler. Det s\u00e4gs att hans m\u00f6dosamma arbete tog ut sin r\u00e4tt p\u00e5 gommen. L\u00e4nge kunde han varken \u00e4ta eller dricka utan levde p\u00e5 kokt torsk och vatten. 1964 hade Asmund n\u00e5tt sitt m\u00e5l och l\u00e5st in receptet p\u00e5 en &#8221;mjuk och samtidigt besk snaps&#8221;.<br \/>\nGammel Dansk blandas vanligtvis med 29 \u00f6rter och kryddor. De exakta recepten \u00e4r en v\u00e4l bevarad hemlighet. Det s\u00e4gs dock att bland annat r\u00f6nnb\u00e4r, anis, ingef\u00e4ra och mal\u00f6rt bidrar till den unika smaken. Originalet \u00e4r en stilikon i sin klass.<\/p>\n","protected":false},"excerpt":{"rendered":"<p>Danish Traditional Bitter<\/p>\n","protected":false},"featured_media":5467,"template":"","meta":{"_acf_changed":false,"rs_blank_template":"","rs_page_bg_color":"","slide_template_v7":""},"product_brand":[],"product_cat":[2394,2743,2407,2402],"product_tag":[],"class_list":{"0":"post-16481","1":"product","2":"type-product","3":"status-publish","4":"has-post-thumbnail","6":"product_cat-bitter-sv","7":"product_cat-brannvin-sv","8":"product_cat-shots-sv","9":"product_cat-sprit-sv","10":"pa_land-danmark-sv","11":"pa_procent-38-sv","12":"pa_producent-anora-sv","13":"pa_volume-70-sv-2","15":"first","16":"instock","17":"taxable","18":"shipping-taxable","19":"purchasable","20":"product-type-simple"},"bundled_by":[],"bundle_stock_status":"instock","bundle_stock_quantity":null,"bundle_virtual":false,"bundle_layout":"","bundle_add_to_cart_form_location":"","bundle_editable_in_cart":false,"bundle_sold_individually_context":"","bundle_item_grouping":"","bundle_min_size":"","bundle_max_size":"","bundle_price":[],"bundled_items":[],"bundle_sell_ids":[],"acf":[],"_links":{"self":[{"href":"https:\/\/www.raschvin.com\/sv\/wp-json\/wp\/v2\/product\/16481","targetHints":{"allow":["GET"]}}],"collection":[{"href":"https:\/\/www.raschvin.com\/sv\/wp-json\/wp\/v2\/product"}],"about":[{"href":"https:\/\/www.raschvin.com\/sv\/wp-json\/wp\/v2\/types\/product"}],"wp:featuredmedia":[{"embeddable":true,"href":"https:\/\/www.raschvin.com\/sv\/wp-json\/wp\/v2\/media\/5467"}],"wp:attachment":[{"href":"https:\/\/www.raschvin.com\/sv\/wp-json\/wp\/v2\/media?parent=16481"}],"wp:term":[{"taxonomy":"product_brand","embeddable":true,"href":"https:\/\/www.raschvin.com\/sv\/wp-json\/wp\/v2\/product_brand?post=16481"},{"taxonomy":"product_cat","embeddable":true,"href":"https:\/\/www.raschvin.com\/sv\/wp-json\/wp\/v2\/product_cat?post=16481"},{"taxonomy":"product_tag","embeddable":true,"href":"https:\/\/www.raschvin.com\/sv\/wp-json\/wp\/v2\/product_tag?post=16481"}],"curies":[{"name":"wp","href":"https:\/\/api.w.org\/{rel}","templated":true}]}}