{"id":16477,"date":"2022-05-30T09:58:37","date_gmt":"2022-05-30T07:58:37","guid":{"rendered":"https:\/\/www.raschvin.com\/vare\/saint-christopher-x-o-solera\/"},"modified":"2022-12-06T09:26:46","modified_gmt":"2022-12-06T08:26:46","slug":"saint-christopher-x-o-solera","status":"publish","type":"product","link":"https:\/\/www.raschvin.com\/sv\/produkt\/saint-christopher-x-o-solera\/","title":{"rendered":"Saint Christopher XO 70 cl. 40%"},"content":{"rendered":"<p>Saint Christopher, Sailor&#8217;s Patron Saints har hj\u00e4lpt denna uts\u00f6kta blandning av den finaste karibiska Romen f\u00f6r att resa det stormiga vattnet s\u00e5 att du kan njuta av lugn och harmoni. Amerikanska Oaks \u00e5lder visar Saint Christopher Xo 15-\u00e5rigt Solera en rik och framg\u00e5ngsrik smak med en symfoni av torkad frukt och figenotoner.<\/p>\n","protected":false},"excerpt":{"rendered":"<p>Caribbean Aged Spirit Drink<\/p>\n","protected":false},"featured_media":29636,"template":"","meta":{"_acf_changed":false,"rs_blank_template":"","rs_page_bg_color":"","slide_template_v7":""},"product_brand":[],"product_cat":[2387,4634,2391],"product_tag":[],"class_list":{"0":"post-16477","1":"product","2":"type-product","3":"status-publish","4":"has-post-thumbnail","6":"product_cat-avec-sv","7":"product_cat-premium-aged-sv","8":"product_cat-rom-sv","9":"pa_land-karibien","10":"pa_procent-40-sv-2","11":"pa_producent-juuls-sv","12":"pa_volume-70-sv-2","14":"first","15":"outofstock","16":"taxable","17":"shipping-taxable","18":"purchasable","19":"product-type-simple"},"bundled_by":[],"bundle_stock_status":"outofstock","bundle_stock_quantity":null,"bundle_virtual":false,"bundle_layout":"","bundle_add_to_cart_form_location":"","bundle_editable_in_cart":false,"bundle_sold_individually_context":"","bundle_item_grouping":"","bundle_min_size":"","bundle_max_size":"","bundle_price":[],"bundled_items":[],"bundle_sell_ids":[],"acf":[],"_links":{"self":[{"href":"https:\/\/www.raschvin.com\/sv\/wp-json\/wp\/v2\/product\/16477","targetHints":{"allow":["GET"]}}],"collection":[{"href":"https:\/\/www.raschvin.com\/sv\/wp-json\/wp\/v2\/product"}],"about":[{"href":"https:\/\/www.raschvin.com\/sv\/wp-json\/wp\/v2\/types\/product"}],"wp:featuredmedia":[{"embeddable":true,"href":"https:\/\/www.raschvin.com\/sv\/wp-json\/wp\/v2\/media\/29636"}],"wp:attachment":[{"href":"https:\/\/www.raschvin.com\/sv\/wp-json\/wp\/v2\/media?parent=16477"}],"wp:term":[{"taxonomy":"product_brand","embeddable":true,"href":"https:\/\/www.raschvin.com\/sv\/wp-json\/wp\/v2\/product_brand?post=16477"},{"taxonomy":"product_cat","embeddable":true,"href":"https:\/\/www.raschvin.com\/sv\/wp-json\/wp\/v2\/product_cat?post=16477"},{"taxonomy":"product_tag","embeddable":true,"href":"https:\/\/www.raschvin.com\/sv\/wp-json\/wp\/v2\/product_tag?post=16477"}],"curies":[{"name":"wp","href":"https:\/\/api.w.org\/{rel}","templated":true}]}}