{"id":16476,"date":"2022-05-30T09:58:37","date_gmt":"2022-05-30T07:58:37","guid":{"rendered":"https:\/\/www.raschvin.com\/vare\/ron-conquistador-15-years-x-o-solera\/"},"modified":"2023-02-21T01:40:35","modified_gmt":"2023-02-21T00:40:35","slug":"ron-conquistador-15-years-x-o-solera","status":"publish","type":"product","link":"https:\/\/www.raschvin.com\/sv\/produkt\/ron-conquistador-15-years-x-o-solera\/","title":{"rendered":"Don Conquistador XO 70 cl. 41%"},"content":{"rendered":"<p>I Don Conquistador hittar du allt en s\u00f6t rom ska kunna g\u00f6ra.<\/p>\n<p>Blandningen \u00e4r sammansatt av rom fr\u00e5n flera karibiska l\u00e4nder, som lagras upp till 15 \u00e5r p\u00e5 amerikanska ekfat, och under den l\u00e5nga lagringen har rommen f\u00e5tt toner av choklad, russin, kola och varma kryddor. En fin kombination av djup och s\u00f6tma g\u00f6r att du kan luta dig tillbaka och l\u00e5ta Ron Conquistador er\u00f6vra din smak.<\/p>\n<p>M\u00f6rk b\u00e4rnsten Doft: Mycket \u00f6ppen och omedelbar doft av kola, russin, sm\u00e4lt choklad, br\u00e4nd kanel och torkad frukt.<\/p>\n<p>Smaknoter: I munnen \u00e4r rommen s\u00f6t, rund och mjuk men med mycket smak och vi hittar bland annat toner av russin, choklad, vanilj och kola. L\u00e5ng och harmonisk eftersmak Serveringsf\u00f6rslag: B\u00f6r avnjutas snyggt ev som avec efter en god m\u00e5ltid.<\/p>\n","protected":false},"excerpt":{"rendered":"<p>Caribbean Aged Spirit Drink<\/p>\n","protected":false},"featured_media":32568,"template":"","meta":{"_acf_changed":false,"rs_blank_template":"","rs_page_bg_color":"","slide_template_v7":""},"product_brand":[],"product_cat":[2387,2391,4634],"product_tag":[],"class_list":{"0":"post-16476","1":"product","2":"type-product","3":"status-publish","4":"has-post-thumbnail","6":"product_cat-avec-sv","7":"product_cat-rom-sv","8":"product_cat-premium-aged-sv","9":"pa_land-karibien","10":"pa_procent-41-sv","11":"pa_producent-juuls-sv","12":"pa_volume-70-sv-2","14":"first","15":"instock","16":"taxable","17":"shipping-taxable","18":"purchasable","19":"product-type-simple"},"bundled_by":[],"bundle_stock_status":"instock","bundle_stock_quantity":null,"bundle_virtual":false,"bundle_layout":"","bundle_add_to_cart_form_location":"","bundle_editable_in_cart":false,"bundle_sold_individually_context":"","bundle_item_grouping":"","bundle_min_size":"","bundle_max_size":"","bundle_price":[],"bundled_items":[],"bundle_sell_ids":[],"acf":[],"_links":{"self":[{"href":"https:\/\/www.raschvin.com\/sv\/wp-json\/wp\/v2\/product\/16476","targetHints":{"allow":["GET"]}}],"collection":[{"href":"https:\/\/www.raschvin.com\/sv\/wp-json\/wp\/v2\/product"}],"about":[{"href":"https:\/\/www.raschvin.com\/sv\/wp-json\/wp\/v2\/types\/product"}],"wp:featuredmedia":[{"embeddable":true,"href":"https:\/\/www.raschvin.com\/sv\/wp-json\/wp\/v2\/media\/32568"}],"wp:attachment":[{"href":"https:\/\/www.raschvin.com\/sv\/wp-json\/wp\/v2\/media?parent=16476"}],"wp:term":[{"taxonomy":"product_brand","embeddable":true,"href":"https:\/\/www.raschvin.com\/sv\/wp-json\/wp\/v2\/product_brand?post=16476"},{"taxonomy":"product_cat","embeddable":true,"href":"https:\/\/www.raschvin.com\/sv\/wp-json\/wp\/v2\/product_cat?post=16476"},{"taxonomy":"product_tag","embeddable":true,"href":"https:\/\/www.raschvin.com\/sv\/wp-json\/wp\/v2\/product_tag?post=16476"}],"curies":[{"name":"wp","href":"https:\/\/api.w.org\/{rel}","templated":true}]}}