{"id":16474,"date":"2022-05-30T09:58:37","date_gmt":"2022-05-30T07:58:37","guid":{"rendered":"https:\/\/www.raschvin.com\/vare\/lordson-dry-gin-bib-300-cl-37-5\/"},"modified":"2022-11-23T19:32:33","modified_gmt":"2022-11-23T18:32:33","slug":"lordson-dry-gin-bib-300-cl-37-5","status":"publish","type":"product","link":"https:\/\/www.raschvin.com\/sv\/produkt\/lordson-dry-gin-bib-300-cl-37-5\/","title":{"rendered":"Lordson Dry Gin BIB 300 cl. 37,5%"},"content":{"rendered":"<p>Doften k\u00e4nnetecknas av enb\u00e4r. Smaken \u00e4r mycket aromatisk med en subtil enstaka spelare som \u00e4r rundad med tips av lakrits. Rekommendationer: L\u00e4mplig f\u00f6r drycker och cocktails. Serveras kyld men inte iskallt.<\/p>\n","protected":false},"excerpt":{"rendered":"<p>English Classic Dry Gin<\/p>\n","protected":false},"featured_media":5424,"template":"","meta":{"_acf_changed":false,"rs_blank_template":"","rs_page_bg_color":"","slide_template_v7":""},"product_brand":[],"product_cat":[2404,4688,2402],"product_tag":[],"class_list":{"0":"post-16474","1":"product","2":"type-product","3":"status-publish","4":"has-post-thumbnail","6":"product_cat-gin-sv","7":"product_cat-london-dry-sv","8":"product_cat-sprit-sv","9":"pa_land-frankrike","10":"pa_procent-37-5-sv","11":"pa_producent-taster-wine-sv","12":"pa_volume-300-sv","14":"first","15":"instock","16":"taxable","17":"shipping-taxable","18":"purchasable","19":"product-type-simple"},"bundled_by":[],"bundle_stock_status":"instock","bundle_stock_quantity":null,"bundle_virtual":false,"bundle_layout":"","bundle_add_to_cart_form_location":"","bundle_editable_in_cart":false,"bundle_sold_individually_context":"","bundle_item_grouping":"","bundle_min_size":"","bundle_max_size":"","bundle_price":[],"bundled_items":[],"bundle_sell_ids":[],"acf":[],"_links":{"self":[{"href":"https:\/\/www.raschvin.com\/sv\/wp-json\/wp\/v2\/product\/16474","targetHints":{"allow":["GET"]}}],"collection":[{"href":"https:\/\/www.raschvin.com\/sv\/wp-json\/wp\/v2\/product"}],"about":[{"href":"https:\/\/www.raschvin.com\/sv\/wp-json\/wp\/v2\/types\/product"}],"wp:featuredmedia":[{"embeddable":true,"href":"https:\/\/www.raschvin.com\/sv\/wp-json\/wp\/v2\/media\/5424"}],"wp:attachment":[{"href":"https:\/\/www.raschvin.com\/sv\/wp-json\/wp\/v2\/media?parent=16474"}],"wp:term":[{"taxonomy":"product_brand","embeddable":true,"href":"https:\/\/www.raschvin.com\/sv\/wp-json\/wp\/v2\/product_brand?post=16474"},{"taxonomy":"product_cat","embeddable":true,"href":"https:\/\/www.raschvin.com\/sv\/wp-json\/wp\/v2\/product_cat?post=16474"},{"taxonomy":"product_tag","embeddable":true,"href":"https:\/\/www.raschvin.com\/sv\/wp-json\/wp\/v2\/product_tag?post=16474"}],"curies":[{"name":"wp","href":"https:\/\/api.w.org\/{rel}","templated":true}]}}