{"id":16473,"date":"2022-05-30T09:57:15","date_gmt":"2022-05-30T07:57:15","guid":{"rendered":"https:\/\/www.raschvin.com\/vare\/jelzin-vodka-bib-300cl-37-5\/"},"modified":"2022-11-10T13:44:27","modified_gmt":"2022-11-10T12:44:27","slug":"jelzin-vodka-bib-300cl-37-5","status":"publish","type":"product","link":"https:\/\/www.raschvin.com\/sv\/produkt\/jelzin-vodka-bib-300cl-37-5\/","title":{"rendered":"Divine Vodka (Jelzin) BIB 300 cl. 37,5%"},"content":{"rendered":"<p>Divine Vodka \u00e4r tillverkad i Frankrike och \u00e4r en klassisk och ren vodka gjord p\u00e5 h\u00f6stvete utsp\u00e4tt med vatten h\u00e4mtat fr\u00e5n destilleriets egen brunn.<\/p>\n<p>Smakupplevelsen \u00e4r med toner av citrus, \u00f6rter och spannm\u00e5l. F\u00e4rgen \u00e4r kristallklar.<\/p>\n<p>Perfekt i drinkar och cocktails.<\/p>\n<p>Divine vodka har funnits p\u00e5 marknaden i 25 \u00e5r. Den har en oemotst\u00e5ndlig renhet och \u00e4r framst\u00e4lld efter ett gammalt och v\u00e4lskyddat recept fr\u00e5n norra Alsace. I produktionen av Jelzin Vodka destilleras den fem g\u00e5nger och anses vara ett v\u00e4rdefullt smycke, en symbol f\u00f6r s\u00e4llsynthet.<\/p>\n<p>Divine vodka \u00e4r erk\u00e4nd \u00f6ver hela v\u00e4rlden med n\u00e4ra 15 miljoner. flaskor som s\u00e4ljs i \u00f6ver 80 l\u00e4nder. Trots det \u00f6steuropeiskt klingande namnet tillverkas vodkan faktiskt i Alsace enligt ett gammalt och v\u00e4lbevarat recept.<\/p>\n","protected":false},"excerpt":{"rendered":"<p>French Classic Vodka<\/p>\n","protected":false},"featured_media":29456,"template":"","meta":{"_acf_changed":false,"rs_blank_template":"","rs_page_bg_color":"","slide_template_v7":""},"product_brand":[],"product_cat":[2402,2409,4609],"product_tag":[],"class_list":{"0":"post-16473","1":"product","2":"type-product","3":"status-publish","4":"has-post-thumbnail","6":"product_cat-sprit-sv","7":"product_cat-vodka-sv","8":"product_cat-plain-sv","9":"pa_land-frankrike","10":"pa_procent-37-5-sv","11":"pa_volume-300-sv","13":"first","14":"outofstock","15":"sale","16":"taxable","17":"shipping-taxable","18":"purchasable","19":"product-type-simple"},"bundled_by":[],"bundle_stock_status":"outofstock","bundle_stock_quantity":null,"bundle_virtual":false,"bundle_layout":"","bundle_add_to_cart_form_location":"","bundle_editable_in_cart":false,"bundle_sold_individually_context":"","bundle_item_grouping":"","bundle_min_size":"","bundle_max_size":"","bundle_price":[],"bundled_items":[],"bundle_sell_ids":[],"acf":[],"_links":{"self":[{"href":"https:\/\/www.raschvin.com\/sv\/wp-json\/wp\/v2\/product\/16473","targetHints":{"allow":["GET"]}}],"collection":[{"href":"https:\/\/www.raschvin.com\/sv\/wp-json\/wp\/v2\/product"}],"about":[{"href":"https:\/\/www.raschvin.com\/sv\/wp-json\/wp\/v2\/types\/product"}],"wp:featuredmedia":[{"embeddable":true,"href":"https:\/\/www.raschvin.com\/sv\/wp-json\/wp\/v2\/media\/29456"}],"wp:attachment":[{"href":"https:\/\/www.raschvin.com\/sv\/wp-json\/wp\/v2\/media?parent=16473"}],"wp:term":[{"taxonomy":"product_brand","embeddable":true,"href":"https:\/\/www.raschvin.com\/sv\/wp-json\/wp\/v2\/product_brand?post=16473"},{"taxonomy":"product_cat","embeddable":true,"href":"https:\/\/www.raschvin.com\/sv\/wp-json\/wp\/v2\/product_cat?post=16473"},{"taxonomy":"product_tag","embeddable":true,"href":"https:\/\/www.raschvin.com\/sv\/wp-json\/wp\/v2\/product_tag?post=16473"}],"curies":[{"name":"wp","href":"https:\/\/api.w.org\/{rel}","templated":true}]}}