{"id":16471,"date":"2022-05-30T09:57:15","date_gmt":"2022-05-30T07:57:15","guid":{"rendered":"https:\/\/www.raschvin.com\/vare\/russian-standard-imperia-vodka-100-cl\/"},"modified":"2022-12-06T09:05:01","modified_gmt":"2022-12-06T08:05:01","slug":"russian-standard-imperia-vodka-100-cl","status":"publish","type":"product","link":"https:\/\/www.raschvin.com\/sv\/produkt\/russian-standard-imperia-vodka-100-cl\/","title":{"rendered":"Russian Standard Vodka &#8211; Imperia 100 cl. 40%"},"content":{"rendered":"<p>Kombinera den ber\u00f6mda lyxen fr\u00e5n det ryska riket av tiden med dagens moderna Ryssland och du har Imperia. Det finns helt enkelt inte i Ryssland idag! Ultra ren, kristallklar och fl\u00e4tig vodka gjord p\u00e5 vintervete, mjukt glaci\u00e4r, destillerad 8 g\u00e5nger och slutligen filtreras genom kristallkvarts. Autentisk, kraftfull och vacker.<\/p>\n","protected":false},"excerpt":{"rendered":"<p>Premium Russian Vodka<\/p>\n","protected":false},"featured_media":5397,"template":"","meta":{"_acf_changed":false,"rs_blank_template":"","rs_page_bg_color":"","slide_template_v7":""},"product_brand":[],"product_cat":[4609,2402,2409],"product_tag":[],"class_list":{"0":"post-16471","1":"product","2":"type-product","3":"status-publish","4":"has-post-thumbnail","6":"product_cat-plain-sv","7":"product_cat-sprit-sv","8":"product_cat-vodka-sv","9":"pa_land-ryssland","10":"pa_procent-40-sv-2","11":"pa_producent-russian-standard-corporation-sv","12":"pa_volume-100-sv","14":"first","15":"outofstock","16":"taxable","17":"shipping-taxable","18":"purchasable","19":"product-type-simple"},"bundled_by":[],"bundle_stock_status":"outofstock","bundle_stock_quantity":null,"bundle_virtual":false,"bundle_layout":"","bundle_add_to_cart_form_location":"","bundle_editable_in_cart":false,"bundle_sold_individually_context":"","bundle_item_grouping":"","bundle_min_size":"","bundle_max_size":"","bundle_price":[],"bundled_items":[],"bundle_sell_ids":[],"acf":[],"_links":{"self":[{"href":"https:\/\/www.raschvin.com\/sv\/wp-json\/wp\/v2\/product\/16471","targetHints":{"allow":["GET"]}}],"collection":[{"href":"https:\/\/www.raschvin.com\/sv\/wp-json\/wp\/v2\/product"}],"about":[{"href":"https:\/\/www.raschvin.com\/sv\/wp-json\/wp\/v2\/types\/product"}],"wp:featuredmedia":[{"embeddable":true,"href":"https:\/\/www.raschvin.com\/sv\/wp-json\/wp\/v2\/media\/5397"}],"wp:attachment":[{"href":"https:\/\/www.raschvin.com\/sv\/wp-json\/wp\/v2\/media?parent=16471"}],"wp:term":[{"taxonomy":"product_brand","embeddable":true,"href":"https:\/\/www.raschvin.com\/sv\/wp-json\/wp\/v2\/product_brand?post=16471"},{"taxonomy":"product_cat","embeddable":true,"href":"https:\/\/www.raschvin.com\/sv\/wp-json\/wp\/v2\/product_cat?post=16471"},{"taxonomy":"product_tag","embeddable":true,"href":"https:\/\/www.raschvin.com\/sv\/wp-json\/wp\/v2\/product_tag?post=16471"}],"curies":[{"name":"wp","href":"https:\/\/api.w.org\/{rel}","templated":true}]}}