{"id":16469,"date":"2022-05-30T09:57:15","date_gmt":"2022-05-30T07:57:15","guid":{"rendered":"https:\/\/www.raschvin.com\/vare\/russian-standard-gold-vodka-100-cl\/"},"modified":"2022-12-06T09:02:42","modified_gmt":"2022-12-06T08:02:42","slug":"russian-standard-gold-vodka-100-cl","status":"publish","type":"product","link":"https:\/\/www.raschvin.com\/sv\/produkt\/russian-standard-gold-vodka-100-cl\/","title":{"rendered":"Russian Standard Vodka &#8211; Gold 100 cl. 40%"},"content":{"rendered":"<p>Den ber\u00f6mda vete, den mjuka glaci\u00e4ren och den noggranna destillationsprocessen ger ryska standardguld sin unika mjukhet. Inspirerad av ett recept fr\u00e5n Peter den stora tiden, den livliga vodka l\u00e4ggs ocks\u00e5 till extraktet av sibirisk Rosenrod (Golden Root), som levererar de eleganta andarna en touch av s\u00f6tma och krydda. Ryska standardguld \u00e4r den perfekta presenten till mycket speciella tillf\u00e4llen, eftersom etiketten p\u00e5 den vackra flaskan \u00e4r belagd med \u00e4kta bladguld.<\/p>\n","protected":false},"excerpt":{"rendered":"<p>Premium Russian Vodka<\/p>\n","protected":false},"featured_media":5374,"template":"","meta":{"_acf_changed":false,"rs_blank_template":"","rs_page_bg_color":"","slide_template_v7":""},"product_brand":[],"product_cat":[4609,2402,2409],"product_tag":[],"class_list":{"0":"post-16469","1":"product","2":"type-product","3":"status-publish","4":"has-post-thumbnail","6":"product_cat-plain-sv","7":"product_cat-sprit-sv","8":"product_cat-vodka-sv","9":"pa_land-ryssland","10":"pa_procent-40-sv-2","11":"pa_producent-russian-standard-corporation-sv","12":"pa_volume-100-sv","14":"first","15":"outofstock","16":"sale","17":"taxable","18":"shipping-taxable","19":"purchasable","20":"product-type-simple"},"bundled_by":[],"bundle_stock_status":"outofstock","bundle_stock_quantity":null,"bundle_virtual":false,"bundle_layout":"","bundle_add_to_cart_form_location":"","bundle_editable_in_cart":false,"bundle_sold_individually_context":"","bundle_item_grouping":"","bundle_min_size":"","bundle_max_size":"","bundle_price":[],"bundled_items":[],"bundle_sell_ids":[],"acf":[],"_links":{"self":[{"href":"https:\/\/www.raschvin.com\/sv\/wp-json\/wp\/v2\/product\/16469","targetHints":{"allow":["GET"]}}],"collection":[{"href":"https:\/\/www.raschvin.com\/sv\/wp-json\/wp\/v2\/product"}],"about":[{"href":"https:\/\/www.raschvin.com\/sv\/wp-json\/wp\/v2\/types\/product"}],"wp:featuredmedia":[{"embeddable":true,"href":"https:\/\/www.raschvin.com\/sv\/wp-json\/wp\/v2\/media\/5374"}],"wp:attachment":[{"href":"https:\/\/www.raschvin.com\/sv\/wp-json\/wp\/v2\/media?parent=16469"}],"wp:term":[{"taxonomy":"product_brand","embeddable":true,"href":"https:\/\/www.raschvin.com\/sv\/wp-json\/wp\/v2\/product_brand?post=16469"},{"taxonomy":"product_cat","embeddable":true,"href":"https:\/\/www.raschvin.com\/sv\/wp-json\/wp\/v2\/product_cat?post=16469"},{"taxonomy":"product_tag","embeddable":true,"href":"https:\/\/www.raschvin.com\/sv\/wp-json\/wp\/v2\/product_tag?post=16469"}],"curies":[{"name":"wp","href":"https:\/\/api.w.org\/{rel}","templated":true}]}}