{"id":16465,"date":"2022-05-30T09:57:15","date_gmt":"2022-05-30T07:57:15","guid":{"rendered":"https:\/\/www.raschvin.com\/vare\/belvedere-citrus-vodka\/"},"modified":"2022-10-26T11:29:07","modified_gmt":"2022-10-26T09:29:07","slug":"belvedere-citrus-vodka","status":"publish","type":"product","link":"https:\/\/www.raschvin.com\/sv\/produkt\/belvedere-citrus-vodka\/","title":{"rendered":"Belvedere Citrus Vodka 70 cl. 40%"},"content":{"rendered":"<p>Belvedere Citrus \u00e4r kulminationen p\u00e5 600 \u00e5rs polska vodkahistoria. Det \u00e4r en super premium vodka, som \u00e4r tillverkad i en av v\u00e4rldens \u00e4ldsta destillerier som har producerat Vodka sedan 1910.<\/p>\n<p>Belvedere Citrus \u00e4r en extraordin\u00e4r vodka, som \u00e4r destillerat inget mindre \u00e4n fyra g\u00e5nger och infuses med citrusskal, italienska och argentinska citroner och mexikanska limefrukt i den karakteristiska vodka.<\/p>\n<p>Doften \u00e4r f\u00e4rsk och gr\u00f6n med anteckningar av skarp citrus med ljus och sur kalk. Smaken \u00e4r komplex och v\u00e4lbalanserad s\u00e5v\u00e4l som fr\u00e4sch och ljus. Krisp, ren och inbjudande med citron och limotor. Eftersmaken \u00e4r ren med en livlig syra.<\/p>\n<p>Belvedere Citrus lyfter dina drycker och cocktails till en h\u00f6gre niv\u00e5!<\/p>\n","protected":false},"excerpt":{"rendered":"<p>Premium Polish Vodka<\/p>\n","protected":false},"featured_media":5325,"template":"","meta":{"_acf_changed":false,"rs_blank_template":"","rs_page_bg_color":"","slide_template_v7":""},"product_brand":[],"product_cat":[4614,2402,2409],"product_tag":[],"class_list":{"0":"post-16465","1":"product","2":"type-product","3":"status-publish","4":"has-post-thumbnail","6":"product_cat-flavoured-sv","7":"product_cat-sprit-sv","8":"product_cat-vodka-sv","9":"pa_land-polen-sv","10":"pa_procent-40-sv-2","11":"pa_producent-belvedere-sv","12":"pa_volume-70-sv-2","14":"first","15":"outofstock","16":"taxable","17":"shipping-taxable","18":"purchasable","19":"product-type-simple"},"bundled_by":[],"bundle_stock_status":"outofstock","bundle_stock_quantity":2,"bundle_virtual":false,"bundle_layout":"","bundle_add_to_cart_form_location":"","bundle_editable_in_cart":false,"bundle_sold_individually_context":"","bundle_item_grouping":"","bundle_min_size":"","bundle_max_size":"","bundle_price":[],"bundled_items":[],"bundle_sell_ids":[],"acf":[],"_links":{"self":[{"href":"https:\/\/www.raschvin.com\/sv\/wp-json\/wp\/v2\/product\/16465","targetHints":{"allow":["GET"]}}],"collection":[{"href":"https:\/\/www.raschvin.com\/sv\/wp-json\/wp\/v2\/product"}],"about":[{"href":"https:\/\/www.raschvin.com\/sv\/wp-json\/wp\/v2\/types\/product"}],"wp:featuredmedia":[{"embeddable":true,"href":"https:\/\/www.raschvin.com\/sv\/wp-json\/wp\/v2\/media\/5325"}],"wp:attachment":[{"href":"https:\/\/www.raschvin.com\/sv\/wp-json\/wp\/v2\/media?parent=16465"}],"wp:term":[{"taxonomy":"product_brand","embeddable":true,"href":"https:\/\/www.raschvin.com\/sv\/wp-json\/wp\/v2\/product_brand?post=16465"},{"taxonomy":"product_cat","embeddable":true,"href":"https:\/\/www.raschvin.com\/sv\/wp-json\/wp\/v2\/product_cat?post=16465"},{"taxonomy":"product_tag","embeddable":true,"href":"https:\/\/www.raschvin.com\/sv\/wp-json\/wp\/v2\/product_tag?post=16465"}],"curies":[{"name":"wp","href":"https:\/\/api.w.org\/{rel}","templated":true}]}}