{"id":16464,"date":"2022-05-30T09:57:15","date_gmt":"2022-05-30T07:57:15","guid":{"rendered":"https:\/\/www.raschvin.com\/vare\/belvedere-vodka\/"},"modified":"2022-10-26T11:26:21","modified_gmt":"2022-10-26T09:26:21","slug":"belvedere-vodka","status":"publish","type":"product","link":"https:\/\/www.raschvin.com\/sv\/produkt\/belvedere-vodka\/","title":{"rendered":"Belvedere Vodka 70 cl. 40%"},"content":{"rendered":"<p>Belvedere Vodka \u00e4r kulmen p\u00e5 600 \u00e5r av polsk vodkahistoria. Det \u00e4r en super premium vodka, som tillverkas p\u00e5 ett av v\u00e4rldens \u00e4ldsta destillerier, som har tillverkat vodka sedan 1910.<br \/>\nBelvedere Vodka \u00e4r en extraordin\u00e4r vodka som destilleras inte mindre \u00e4n fyra g\u00e5nger och \u00e4r helt fri fr\u00e5n tillsatser.<br \/>\nF\u00e4rgen \u00e4r kristallklar och doften \u00e4r mjuk och inbjudande med toner av vanilj och gr\u00e4dde. Smaken \u00e4r naturligt rik, rund och sammetslen med en behaglig konsistens. Med toner som str\u00e4cker sig fr\u00e5n s\u00f6tt till salt med inslag av vanilj, vitpeppar och kryddor. Eftersmaken bibeh\u00e5lls med toner av mandel, gr\u00e4dde och en hint av paran\u00f6tter.<br \/>\nBelvedere Vodka lyfter dina drinkar och cocktails till en h\u00f6gre niv\u00e5!<\/p>\n<p>Den f\u00f6rsta super premium vodkan, Belvedere, \u00e4r den smidigaste och mest popul\u00e4ra vodkan bland stj\u00e4rnorna. Belvedere representerar toppen av den v\u00e4letablerade polska vodkatraditionen och destilleras uteslutande fr\u00e5n den finaste Dankowskie Golden Rye. \u00c4lskad av k\u00e4ndisar som: Estelle, Flo Rida, Gerald Levert, Jamie Foxx, Jay Z, Lady Gaga, Missy Elliott, Mya, Paris Hilton, Redman, RZA och Game.<\/p>\n<p>Dess rykte som en stapelvara p\u00e5 k\u00e4ndisfester beror p\u00e5 dess arv och lyxiga kvalitet som v\u00e4cker smakl\u00f6karna. Med en mjuk sammetslen konsistens i gommen och inslag av vanilj och kryddor (och allt det d\u00e4r h\u00e4rliga) blandat med en smak av kr\u00e4mig utmattning, \u00e4r det utan tvekan den finaste smaksatta vodkan. All annan vodka bleknar i j\u00e4mf\u00f6relse med karakt\u00e4ren och renheten hos Belvedere.<\/p>\n<p>Medan v\u00e4rldens superstj\u00e4rnor redan dricker denna lyxvodka, \u00e4r den enda fr\u00e5gan som \u00e5terst\u00e5r att st\u00e4lla? tror du?<\/p>\n","protected":false},"excerpt":{"rendered":"<p>Premium Polish Vodka<\/p>\n","protected":false},"featured_media":5312,"template":"","meta":{"_acf_changed":false,"rs_blank_template":"","rs_page_bg_color":"","slide_template_v7":""},"product_brand":[],"product_cat":[2402,2409,4609],"product_tag":[],"class_list":{"0":"post-16464","1":"product","2":"type-product","3":"status-publish","4":"has-post-thumbnail","6":"product_cat-sprit-sv","7":"product_cat-vodka-sv","8":"product_cat-plain-sv","9":"pa_land-polen-sv","10":"pa_procent-40-sv-2","11":"pa_producent-belvedere-sv","12":"pa_volume-70-sv-2","14":"first","15":"instock","16":"taxable","17":"shipping-taxable","18":"purchasable","19":"product-type-simple"},"bundled_by":[],"bundle_stock_status":"instock","bundle_stock_quantity":null,"bundle_virtual":false,"bundle_layout":"","bundle_add_to_cart_form_location":"","bundle_editable_in_cart":false,"bundle_sold_individually_context":"","bundle_item_grouping":"","bundle_min_size":"","bundle_max_size":"","bundle_price":[],"bundled_items":[],"bundle_sell_ids":[],"acf":[],"_links":{"self":[{"href":"https:\/\/www.raschvin.com\/sv\/wp-json\/wp\/v2\/product\/16464","targetHints":{"allow":["GET"]}}],"collection":[{"href":"https:\/\/www.raschvin.com\/sv\/wp-json\/wp\/v2\/product"}],"about":[{"href":"https:\/\/www.raschvin.com\/sv\/wp-json\/wp\/v2\/types\/product"}],"wp:featuredmedia":[{"embeddable":true,"href":"https:\/\/www.raschvin.com\/sv\/wp-json\/wp\/v2\/media\/5312"}],"wp:attachment":[{"href":"https:\/\/www.raschvin.com\/sv\/wp-json\/wp\/v2\/media?parent=16464"}],"wp:term":[{"taxonomy":"product_brand","embeddable":true,"href":"https:\/\/www.raschvin.com\/sv\/wp-json\/wp\/v2\/product_brand?post=16464"},{"taxonomy":"product_cat","embeddable":true,"href":"https:\/\/www.raschvin.com\/sv\/wp-json\/wp\/v2\/product_cat?post=16464"},{"taxonomy":"product_tag","embeddable":true,"href":"https:\/\/www.raschvin.com\/sv\/wp-json\/wp\/v2\/product_tag?post=16464"}],"curies":[{"name":"wp","href":"https:\/\/api.w.org\/{rel}","templated":true}]}}