{"id":16460,"date":"2022-05-30T09:55:50","date_gmt":"2022-05-30T07:55:50","guid":{"rendered":"https:\/\/www.raschvin.com\/vare\/highland-park-21-years-limited-edition\/"},"modified":"2022-11-18T18:44:13","modified_gmt":"2022-11-18T17:44:13","slug":"highland-park-21-years-limited-edition","status":"publish","type":"product","link":"https:\/\/www.raschvin.com\/sv\/produkt\/highland-park-21-years-limited-edition\/","title":{"rendered":"Highland Park 21 Years 70 cl. 46%"},"content":{"rendered":"<p>\u00c5terinproducerad 2019, har Highland Park 21-\u00e5rigt blivit mogna i en kombination av f\u00f6rstfylld europeisk Oak Sherry Fade, First American Oak Sherry Fade och en handfull p\u00e5fyllningsr\u00e4tter. Gommen erbjuder anteckningar av mogen mango, soltorkad apelsinskal, s\u00f6t gl\u00f6dlampa, f\u00e4rsk ingef\u00e4ra, muskot, vanilj och aromatisk torkning.<\/p>\n","protected":false},"excerpt":{"rendered":"<p>Single Malt Scotch Whisky<\/p>\n","protected":false},"featured_media":30000,"template":"","meta":{"_acf_changed":false,"rs_blank_template":"","rs_page_bg_color":"","slide_template_v7":""},"product_brand":[],"product_cat":[2387,2392,4651],"product_tag":[],"class_list":{"0":"post-16460","1":"product","2":"type-product","3":"status-publish","4":"has-post-thumbnail","6":"product_cat-avec-sv","7":"product_cat-whisky-sv","8":"product_cat-single-malt-sv","9":"pa_lagring-21-sv","10":"pa_land-skottland","11":"pa_procent-46-sv","12":"pa_producent-highland-park-sv","13":"pa_region-orkney-sv","14":"pa_volume-70-sv-2","16":"first","17":"instock","18":"taxable","19":"shipping-taxable","20":"purchasable","21":"product-type-simple"},"bundled_by":[],"bundle_stock_status":"instock","bundle_stock_quantity":null,"bundle_virtual":false,"bundle_layout":"","bundle_add_to_cart_form_location":"","bundle_editable_in_cart":false,"bundle_sold_individually_context":"","bundle_item_grouping":"","bundle_min_size":"","bundle_max_size":"","bundle_price":[],"bundled_items":[],"bundle_sell_ids":[],"acf":[],"_links":{"self":[{"href":"https:\/\/www.raschvin.com\/sv\/wp-json\/wp\/v2\/product\/16460","targetHints":{"allow":["GET"]}}],"collection":[{"href":"https:\/\/www.raschvin.com\/sv\/wp-json\/wp\/v2\/product"}],"about":[{"href":"https:\/\/www.raschvin.com\/sv\/wp-json\/wp\/v2\/types\/product"}],"wp:featuredmedia":[{"embeddable":true,"href":"https:\/\/www.raschvin.com\/sv\/wp-json\/wp\/v2\/media\/30000"}],"wp:attachment":[{"href":"https:\/\/www.raschvin.com\/sv\/wp-json\/wp\/v2\/media?parent=16460"}],"wp:term":[{"taxonomy":"product_brand","embeddable":true,"href":"https:\/\/www.raschvin.com\/sv\/wp-json\/wp\/v2\/product_brand?post=16460"},{"taxonomy":"product_cat","embeddable":true,"href":"https:\/\/www.raschvin.com\/sv\/wp-json\/wp\/v2\/product_cat?post=16460"},{"taxonomy":"product_tag","embeddable":true,"href":"https:\/\/www.raschvin.com\/sv\/wp-json\/wp\/v2\/product_tag?post=16460"}],"curies":[{"name":"wp","href":"https:\/\/api.w.org\/{rel}","templated":true}]}}