{"id":16455,"date":"2025-03-15T07:20:50","date_gmt":"2025-03-15T06:20:50","guid":{"rendered":"https:\/\/www.raschvin.com\/vare\/highland-park-12-years-viking-honour\/"},"modified":"2025-03-15T07:22:13","modified_gmt":"2025-03-15T06:22:13","slug":"highland-park-12-years-viking-honour","status":"publish","type":"product","link":"https:\/\/www.raschvin.com\/sv\/produkt\/highland-park-12-years-viking-honour\/","title":{"rendered":"Highland Park Aged 12 Years 70 cl. 40%"},"content":{"rendered":"<p>En fr\u00e4sch och livlig whisky med en naturligt gyllene b\u00e4rnstensf\u00e4rg direkt fr\u00e5n fatet. Kryddig men mjuk, med en subtil r\u00f6k i avslutet. En perfekt introduktion till den unika v\u00e4rmen fr\u00e5n Orkneys ljungtorv \u2013 och den gemytliga andan fr\u00e5n v\u00e5rt \u00f6-hem.<\/p>\n<p>Smaken<\/p>\n<p>Lika uppfriskande som Orkneys havsbris. Frisk, ren och blommig i doften, med ljunghonung och en hint av citrus. S\u00f6t och kryddig p\u00e5 tungan, med rostade toner av br\u00e4nd apelsin, jasmin och fruktkaka. En l\u00e5ng avslutning med peppriga kryddor, tr\u00e4toner och apelsinskal samt en subtil, aromatisk r\u00f6kighet som bara Orkneys ljungtorv kan ge.<\/p>\n<p>Hantverket<\/p>\n<p>F\u00f6r att skapa den v\u00e4lbalanserade karakt\u00e4ren hos denna 12-\u00e5riga whisky harmoniserar vi whiskies som lagrats i noggrant utvalda, f\u00f6rstafyllda sherrykryddade europeiska och amerikanska ekfat, vilket ger dess huvudsakliga smakprofil av kryddig s\u00f6tma och mjuk v\u00e4rme. Ytterligare \u00e5teranv\u00e4nda fat rundar av de kraftfulla tonerna fr\u00e5n de f\u00f6rstafyllda faten, vilket resulterar i en klassisk och m\u00e5ngsidig whisky som alltid \u00e4r perfekt balanserad.<\/p>\n<p>Historierna<\/p>\n<p>Vi lanserade Highland Park 12 f\u00f6r f\u00f6rsta g\u00e5ngen p\u00e5 1970-talet som den f\u00f6rsta whiskyn i v\u00e5rt k\u00e4rnsortiment. Sedan dess har den blivit en sj\u00e4lvklar del av de lokala pubarna p\u00e5 Orkney \u2013 d\u00e4r den nu \u00e4r lika mycket en del av vardagen som fiske, jordbruk och att g\u00f6ra sitt b\u00e4sta f\u00f6r att h\u00e5lla sig uppr\u00e4tt i de friska havsvindarna.<\/p>\n<p>Njut av den med&#8230;<\/p>\n<p>Den s\u00f6ta och kryddiga rundheten i denna 12-\u00e5riga whisky g\u00f6r den till ett utm\u00e4rkt s\u00e4llskap till vilt, kryddiga sm\u00e5kakor och mjuka ostar som fransk Brie. Men den \u00e4r ocks\u00e5 f\u00f6rv\u00e5nansv\u00e4rt god ihop med s\u00f6ta chilichips.<\/p>\n","protected":false},"excerpt":{"rendered":"<p>Single Malt Scotch Whisky<\/p>\n","protected":false},"featured_media":84671,"template":"","meta":{"_acf_changed":false,"rs_blank_template":"","rs_page_bg_color":"","slide_template_v7":""},"product_brand":[],"product_cat":[2387,4651,2392],"product_tag":[],"class_list":{"0":"post-16455","1":"product","2":"type-product","3":"status-publish","4":"has-post-thumbnail","6":"product_cat-avec-sv","7":"product_cat-single-malt-sv","8":"product_cat-whisky-sv","9":"pa_land-skottland","10":"pa_procent-40-sv-2","11":"pa_producent-highland-park-sv","12":"pa_region-orkney-sv","13":"pa_volume-70-sv-2","15":"first","16":"instock","17":"taxable","18":"shipping-taxable","19":"purchasable","20":"product-type-simple"},"bundled_by":[],"bundle_stock_status":"instock","bundle_stock_quantity":null,"bundle_virtual":false,"bundle_layout":"","bundle_add_to_cart_form_location":"","bundle_editable_in_cart":false,"bundle_sold_individually_context":"","bundle_item_grouping":"","bundle_min_size":"","bundle_max_size":"","bundle_price":[],"bundled_items":[],"bundle_sell_ids":[],"acf":[],"_links":{"self":[{"href":"https:\/\/www.raschvin.com\/sv\/wp-json\/wp\/v2\/product\/16455","targetHints":{"allow":["GET"]}}],"collection":[{"href":"https:\/\/www.raschvin.com\/sv\/wp-json\/wp\/v2\/product"}],"about":[{"href":"https:\/\/www.raschvin.com\/sv\/wp-json\/wp\/v2\/types\/product"}],"wp:featuredmedia":[{"embeddable":true,"href":"https:\/\/www.raschvin.com\/sv\/wp-json\/wp\/v2\/media\/84671"}],"wp:attachment":[{"href":"https:\/\/www.raschvin.com\/sv\/wp-json\/wp\/v2\/media?parent=16455"}],"wp:term":[{"taxonomy":"product_brand","embeddable":true,"href":"https:\/\/www.raschvin.com\/sv\/wp-json\/wp\/v2\/product_brand?post=16455"},{"taxonomy":"product_cat","embeddable":true,"href":"https:\/\/www.raschvin.com\/sv\/wp-json\/wp\/v2\/product_cat?post=16455"},{"taxonomy":"product_tag","embeddable":true,"href":"https:\/\/www.raschvin.com\/sv\/wp-json\/wp\/v2\/product_tag?post=16455"}],"curies":[{"name":"wp","href":"https:\/\/api.w.org\/{rel}","templated":true}]}}