{"id":16454,"date":"2022-05-30T09:55:50","date_gmt":"2022-05-30T07:55:50","guid":{"rendered":"https:\/\/www.raschvin.com\/vare\/jim-beam-honey\/"},"modified":"2022-11-21T11:23:39","modified_gmt":"2022-11-21T10:23:39","slug":"jim-beam-honey","status":"publish","type":"product","link":"https:\/\/www.raschvin.com\/sv\/produkt\/jim-beam-honey\/","title":{"rendered":"Jim Beam Honey 70 cl. 35%"},"content":{"rendered":"<p>H\u00e4r har Jim Beam lagts till en touch av honung &#8211; varken f\u00f6r mycket eller f\u00f6r lite. Kombinerat med alkoholens v\u00e4rme g\u00f6r Jim Beam\u00ae honung f\u00f6r en perfekt drink som kan avnjutas direkt fr\u00e5n kylsk\u00e5pet.<\/p>\n","protected":false},"excerpt":{"rendered":"<p>Kentucky Straight Whiskey Liqueur<\/p>\n","protected":false},"featured_media":5239,"template":"","meta":{"_acf_changed":false,"rs_blank_template":"","rs_page_bg_color":"","slide_template_v7":""},"product_brand":[],"product_cat":[2387,2390,4682],"product_tag":[],"class_list":{"0":"post-16454","1":"product","2":"type-product","3":"status-publish","4":"has-post-thumbnail","6":"product_cat-avec-sv","7":"product_cat-sprit","8":"product_cat-whiskylikor","9":"pa_land-usa-sv","10":"pa_procent-35-sv","11":"pa_producent-jim-beam-sv","12":"pa_region-kentucky-sv","13":"pa_volume-70-sv-2","15":"first","16":"outofstock","17":"sale","18":"taxable","19":"shipping-taxable","20":"purchasable","21":"product-type-simple"},"bundled_by":[],"bundle_stock_status":"outofstock","bundle_stock_quantity":null,"bundle_virtual":false,"bundle_layout":"","bundle_add_to_cart_form_location":"","bundle_editable_in_cart":false,"bundle_sold_individually_context":"","bundle_item_grouping":"","bundle_min_size":"","bundle_max_size":"","bundle_price":[],"bundled_items":[],"bundle_sell_ids":[],"acf":[],"_links":{"self":[{"href":"https:\/\/www.raschvin.com\/sv\/wp-json\/wp\/v2\/product\/16454","targetHints":{"allow":["GET"]}}],"collection":[{"href":"https:\/\/www.raschvin.com\/sv\/wp-json\/wp\/v2\/product"}],"about":[{"href":"https:\/\/www.raschvin.com\/sv\/wp-json\/wp\/v2\/types\/product"}],"wp:featuredmedia":[{"embeddable":true,"href":"https:\/\/www.raschvin.com\/sv\/wp-json\/wp\/v2\/media\/5239"}],"wp:attachment":[{"href":"https:\/\/www.raschvin.com\/sv\/wp-json\/wp\/v2\/media?parent=16454"}],"wp:term":[{"taxonomy":"product_brand","embeddable":true,"href":"https:\/\/www.raschvin.com\/sv\/wp-json\/wp\/v2\/product_brand?post=16454"},{"taxonomy":"product_cat","embeddable":true,"href":"https:\/\/www.raschvin.com\/sv\/wp-json\/wp\/v2\/product_cat?post=16454"},{"taxonomy":"product_tag","embeddable":true,"href":"https:\/\/www.raschvin.com\/sv\/wp-json\/wp\/v2\/product_tag?post=16454"}],"curies":[{"name":"wp","href":"https:\/\/api.w.org\/{rel}","templated":true}]}}