{"id":16453,"date":"2022-05-30T09:54:28","date_gmt":"2022-05-30T07:54:28","guid":{"rendered":"https:\/\/www.raschvin.com\/vare\/jim-beam\/"},"modified":"2022-11-21T11:20:20","modified_gmt":"2022-11-21T10:20:20","slug":"jim-beam","status":"publish","type":"product","link":"https:\/\/www.raschvin.com\/sv\/produkt\/jim-beam\/","title":{"rendered":"Jim Beam 100 cl. 40%"},"content":{"rendered":"<p>Elegant. Mjuk. Raffinerad. Det \u00e4r profilen en bourbon uppn\u00e5r efter fyra \u00e5rs lagring p\u00e5 nya, rostade ekfat. Varje droppe \u00e4r v\u00e4rt den omfattande processen, och vid Jim Beam \u00e4lskar du tanken att du fortfarande f\u00f6ljer receptet som utvecklades i fyra generationer sedan i den familje\u00e4gda verksamheten.<\/p>\n","protected":false},"excerpt":{"rendered":"<p>Kentucky Straight Bourbon Whiskey<\/p>\n","protected":false},"featured_media":5232,"template":"","meta":{"_acf_changed":false,"rs_blank_template":"","rs_page_bg_color":"","slide_template_v7":""},"product_brand":[],"product_cat":[4657,2387,2392],"product_tag":[],"class_list":{"0":"post-16453","1":"product","2":"type-product","3":"status-publish","4":"has-post-thumbnail","6":"product_cat-american-bourbon-sv","7":"product_cat-avec-sv","8":"product_cat-whisky-sv","9":"pa_land-usa-sv","10":"pa_procent-40-sv-2","11":"pa_producent-jim-beam-sv","12":"pa_region-kentucky-sv","13":"pa_volume-100-sv","15":"first","16":"instock","17":"sale","18":"taxable","19":"shipping-taxable","20":"purchasable","21":"product-type-simple"},"bundled_by":[],"bundle_stock_status":"instock","bundle_stock_quantity":null,"bundle_virtual":false,"bundle_layout":"","bundle_add_to_cart_form_location":"","bundle_editable_in_cart":false,"bundle_sold_individually_context":"","bundle_item_grouping":"","bundle_min_size":"","bundle_max_size":"","bundle_price":[],"bundled_items":[],"bundle_sell_ids":[],"acf":[],"_links":{"self":[{"href":"https:\/\/www.raschvin.com\/sv\/wp-json\/wp\/v2\/product\/16453","targetHints":{"allow":["GET"]}}],"collection":[{"href":"https:\/\/www.raschvin.com\/sv\/wp-json\/wp\/v2\/product"}],"about":[{"href":"https:\/\/www.raschvin.com\/sv\/wp-json\/wp\/v2\/types\/product"}],"wp:featuredmedia":[{"embeddable":true,"href":"https:\/\/www.raschvin.com\/sv\/wp-json\/wp\/v2\/media\/5232"}],"wp:attachment":[{"href":"https:\/\/www.raschvin.com\/sv\/wp-json\/wp\/v2\/media?parent=16453"}],"wp:term":[{"taxonomy":"product_brand","embeddable":true,"href":"https:\/\/www.raschvin.com\/sv\/wp-json\/wp\/v2\/product_brand?post=16453"},{"taxonomy":"product_cat","embeddable":true,"href":"https:\/\/www.raschvin.com\/sv\/wp-json\/wp\/v2\/product_cat?post=16453"},{"taxonomy":"product_tag","embeddable":true,"href":"https:\/\/www.raschvin.com\/sv\/wp-json\/wp\/v2\/product_tag?post=16453"}],"curies":[{"name":"wp","href":"https:\/\/api.w.org\/{rel}","templated":true}]}}