{"id":16451,"date":"2022-05-30T09:54:28","date_gmt":"2022-05-30T07:54:28","guid":{"rendered":"https:\/\/www.raschvin.com\/vare\/sourz-passion-fruit\/"},"modified":"2024-07-13T09:19:40","modified_gmt":"2024-07-13T07:19:40","slug":"sourz-passion-fruit","status":"publish","type":"product","link":"https:\/\/www.raschvin.com\/sv\/produkt\/sourz-passion-fruit\/","title":{"rendered":"Sourz Passion Fruit 70 cl. 15%"},"content":{"rendered":"<p>&#8221;S\u00f6t passionsfrukt och en h\u00e4rligt syrlig finish, Sourz Passion Fruit lik\u00f6r \u00e4r ett perfekt komplement till en sommarcocktail. M\u00e5ngsidig och spr\u00e4ngfylld av smak, Sourz Passion Fruit lik\u00f6r kommer s\u00e4kerligen att bli stj\u00e4rnan i din n\u00e4sta drink. En magisk kombination av smaker levererar den perfekta m\u00e4ngden sur godhet. Perfekt som en shot varje flaska Sourz kommer s\u00e4kerligen att ge dig den d\u00e4r bittra dj\u00e4rva smaken du f\u00f6r alltid kommer att l\u00e4ngta efter.&#8221;<\/p>\n","protected":false},"excerpt":{"rendered":"<p>Sweet &#038; Sour Mixxer-Shot<\/p>\n","protected":false},"featured_media":30830,"template":"","meta":{"_acf_changed":false,"rs_blank_template":"","rs_page_bg_color":"","slide_template_v7":""},"product_brand":[],"product_cat":[2387,2390,2402,2407,4670],"product_tag":[],"class_list":{"0":"post-16451","1":"product","2":"type-product","3":"status-publish","4":"has-post-thumbnail","6":"product_cat-avec-sv","7":"product_cat-sprit","8":"product_cat-sprit-sv","9":"product_cat-shots-sv","10":"product_cat-frukt","11":"pa_land-usa-sv","12":"pa_procent-15-sv","13":"pa_producent-beam-suntory-sv","14":"pa_volume-70-sv-2","16":"first","17":"outofstock","18":"sale","19":"taxable","20":"shipping-taxable","21":"purchasable","22":"product-type-simple"},"bundled_by":[],"bundle_stock_status":"outofstock","bundle_stock_quantity":null,"bundle_virtual":false,"bundle_layout":"","bundle_add_to_cart_form_location":"","bundle_editable_in_cart":false,"bundle_sold_individually_context":"","bundle_item_grouping":"","bundle_min_size":"","bundle_max_size":"","bundle_price":[],"bundled_items":[],"bundle_sell_ids":[],"acf":[],"_links":{"self":[{"href":"https:\/\/www.raschvin.com\/sv\/wp-json\/wp\/v2\/product\/16451","targetHints":{"allow":["GET"]}}],"collection":[{"href":"https:\/\/www.raschvin.com\/sv\/wp-json\/wp\/v2\/product"}],"about":[{"href":"https:\/\/www.raschvin.com\/sv\/wp-json\/wp\/v2\/types\/product"}],"wp:featuredmedia":[{"embeddable":true,"href":"https:\/\/www.raschvin.com\/sv\/wp-json\/wp\/v2\/media\/30830"}],"wp:attachment":[{"href":"https:\/\/www.raschvin.com\/sv\/wp-json\/wp\/v2\/media?parent=16451"}],"wp:term":[{"taxonomy":"product_brand","embeddable":true,"href":"https:\/\/www.raschvin.com\/sv\/wp-json\/wp\/v2\/product_brand?post=16451"},{"taxonomy":"product_cat","embeddable":true,"href":"https:\/\/www.raschvin.com\/sv\/wp-json\/wp\/v2\/product_cat?post=16451"},{"taxonomy":"product_tag","embeddable":true,"href":"https:\/\/www.raschvin.com\/sv\/wp-json\/wp\/v2\/product_tag?post=16451"}],"curies":[{"name":"wp","href":"https:\/\/api.w.org\/{rel}","templated":true}]}}