{"id":16450,"date":"2022-05-30T09:54:28","date_gmt":"2022-05-30T07:54:28","guid":{"rendered":"https:\/\/www.raschvin.com\/vare\/sourz-raspberry\/"},"modified":"2024-07-13T09:20:44","modified_gmt":"2024-07-13T07:20:44","slug":"sourz-raspberry","status":"publish","type":"product","link":"https:\/\/www.raschvin.com\/sv\/produkt\/sourz-raspberry\/","title":{"rendered":"Sourz Raspberry 70 cl. 15%"},"content":{"rendered":"<p>Sourz Raspberry Sweet Sour stoltserar med en h\u00e4rlig doft av saftiga hallon.<\/p>\n<p>Den h\u00e4rliga doften av saftiga hallon sprider sig genast efter att du \u00f6ppnat flaskan av Sourz Raspberry Sweet Sour. Givetvis erbjuder smaken \u00e4ven en h\u00e4rlig n\u00e4rvaro av underbart skarpa och saftiga hallon, dock utan att bli f\u00f6r \u00f6verv\u00e4ldigande. Trots sitt l\u00e5ga pris kombinerar Sourz Raspberry Sweet Sour stil och en underbar smak. Finishen av Sourz Raspberry Sweet Sour \u00e4r mjuk, fruktig och l\u00e5ng. <\/p>\n<p>Liksom alla Sourz produkter \u00e4r Sourz Raspberry Sweet Sour perfekt som bas i trendiga och fruktiga drinkar och cocktails. Sourz Raspberry Sweet Sour \u00e4r \u00e4ven idealisk f\u00f6r ren njutning med eller utan is, en sann smakupplevelse. <\/p>\n<p>Sammanfattningsvis kan Sourz Raspberry Sweet Sour beskrivas som en uppfriskande lik\u00f6r med en autentisk och skarp hallonsmak. Speciellt uppfriskande p\u00e5 sommaren n\u00e4r solen ligger p\u00e5!<\/p>\n","protected":false},"excerpt":{"rendered":"<p>Sweet &#038; Sour Mixxer-Shot<\/p>\n","protected":false},"featured_media":5211,"template":"","meta":{"_acf_changed":false,"rs_blank_template":"","rs_page_bg_color":"","slide_template_v7":""},"product_brand":[],"product_cat":[2387,2390,2402,2407,4670],"product_tag":[],"class_list":{"0":"post-16450","1":"product","2":"type-product","3":"status-publish","4":"has-post-thumbnail","6":"product_cat-avec-sv","7":"product_cat-sprit","8":"product_cat-sprit-sv","9":"product_cat-shots-sv","10":"product_cat-frukt","11":"pa_land-usa-sv","12":"pa_procent-15-sv","13":"pa_producent-beam-suntory-sv","14":"pa_volume-70-sv-2","16":"first","17":"instock","18":"sale","19":"taxable","20":"shipping-taxable","21":"purchasable","22":"product-type-simple"},"bundled_by":[],"bundle_stock_status":"instock","bundle_stock_quantity":null,"bundle_virtual":false,"bundle_layout":"","bundle_add_to_cart_form_location":"","bundle_editable_in_cart":false,"bundle_sold_individually_context":"","bundle_item_grouping":"","bundle_min_size":"","bundle_max_size":"","bundle_price":[],"bundled_items":[],"bundle_sell_ids":[],"acf":[],"_links":{"self":[{"href":"https:\/\/www.raschvin.com\/sv\/wp-json\/wp\/v2\/product\/16450","targetHints":{"allow":["GET"]}}],"collection":[{"href":"https:\/\/www.raschvin.com\/sv\/wp-json\/wp\/v2\/product"}],"about":[{"href":"https:\/\/www.raschvin.com\/sv\/wp-json\/wp\/v2\/types\/product"}],"wp:featuredmedia":[{"embeddable":true,"href":"https:\/\/www.raschvin.com\/sv\/wp-json\/wp\/v2\/media\/5211"}],"wp:attachment":[{"href":"https:\/\/www.raschvin.com\/sv\/wp-json\/wp\/v2\/media?parent=16450"}],"wp:term":[{"taxonomy":"product_brand","embeddable":true,"href":"https:\/\/www.raschvin.com\/sv\/wp-json\/wp\/v2\/product_brand?post=16450"},{"taxonomy":"product_cat","embeddable":true,"href":"https:\/\/www.raschvin.com\/sv\/wp-json\/wp\/v2\/product_cat?post=16450"},{"taxonomy":"product_tag","embeddable":true,"href":"https:\/\/www.raschvin.com\/sv\/wp-json\/wp\/v2\/product_tag?post=16450"}],"curies":[{"name":"wp","href":"https:\/\/api.w.org\/{rel}","templated":true}]}}