{"id":16448,"date":"2022-05-30T09:54:28","date_gmt":"2022-05-30T07:54:28","guid":{"rendered":"https:\/\/www.raschvin.com\/vare\/sourz-mango\/"},"modified":"2024-07-13T19:25:36","modified_gmt":"2024-07-13T17:25:36","slug":"sourz-mango","status":"publish","type":"product","link":"https:\/\/www.raschvin.com\/sv\/produkt\/sourz-mango\/","title":{"rendered":"Sourz Mango 70 cl. 15%"},"content":{"rendered":"<p>Sourz Mango Sweet Sour erbjuder en h\u00e4rlig smak av saftig, tropisk mango.<\/p>\n<p>N\u00e4r du \u00f6ppnat flaskan av The Original Sourz Mango Sweet &#038; Sour m\u00f6ts du av en ljuvlig doft av saftig mango vilket f\u00f6r tankarna till semestern och stranden. \u00c4ven smaken av denna uppfriskande lik\u00f6r domineras, inte helt ov\u00e4ntat, av h\u00e4rlig mango. Det \u00e4r dock perfekt balanserat utan att bli f\u00f6r \u00f6verv\u00e4ldigande. Finishen av The Original Sourz Mango Sweet &#038; Sour erbjuder \u00e4ven en h\u00e4rligt frisk smak av mango innan den silkeslent glider ner. <\/p>\n<p>Den l\u00e4ckra Sourz Mango Sweet Sour buteljeras i en transparent, designad flaska och lyser klart igenom med sin klargula lyster. Flaskan \u00e4r dekorerad med en gr\u00f6n-gul etikett m\u00e4rkt: The Original Sourz Mango Sweet &#038; Sour Spirit Drink. Ett riktigt blickf\u00e5ng som b\u00f6r st\u00e5 i vare bar och restaurang v\u00e4rlden \u00f6ver. <\/p>\n","protected":false},"excerpt":{"rendered":"<p>Sweet &#038; Sour Mixxer-Shot<\/p>\n","protected":false},"featured_media":5197,"template":"","meta":{"_acf_changed":false,"rs_blank_template":"","rs_page_bg_color":"","slide_template_v7":""},"product_brand":[],"product_cat":[2387,4670,2402,2390,2407],"product_tag":[],"class_list":{"0":"post-16448","1":"product","2":"type-product","3":"status-publish","4":"has-post-thumbnail","6":"product_cat-avec-sv","7":"product_cat-frukt","8":"product_cat-sprit-sv","9":"product_cat-sprit","10":"product_cat-shots-sv","11":"pa_land-usa-sv","12":"pa_procent-15-sv","13":"pa_producent-beam-suntory-sv","14":"pa_volume-70-sv-2","16":"first","17":"outofstock","18":"sale","19":"taxable","20":"shipping-taxable","21":"purchasable","22":"product-type-simple"},"bundled_by":[],"bundle_stock_status":"outofstock","bundle_stock_quantity":null,"bundle_virtual":false,"bundle_layout":"","bundle_add_to_cart_form_location":"","bundle_editable_in_cart":false,"bundle_sold_individually_context":"","bundle_item_grouping":"","bundle_min_size":"","bundle_max_size":"","bundle_price":[],"bundled_items":[],"bundle_sell_ids":[],"acf":[],"_links":{"self":[{"href":"https:\/\/www.raschvin.com\/sv\/wp-json\/wp\/v2\/product\/16448","targetHints":{"allow":["GET"]}}],"collection":[{"href":"https:\/\/www.raschvin.com\/sv\/wp-json\/wp\/v2\/product"}],"about":[{"href":"https:\/\/www.raschvin.com\/sv\/wp-json\/wp\/v2\/types\/product"}],"wp:featuredmedia":[{"embeddable":true,"href":"https:\/\/www.raschvin.com\/sv\/wp-json\/wp\/v2\/media\/5197"}],"wp:attachment":[{"href":"https:\/\/www.raschvin.com\/sv\/wp-json\/wp\/v2\/media?parent=16448"}],"wp:term":[{"taxonomy":"product_brand","embeddable":true,"href":"https:\/\/www.raschvin.com\/sv\/wp-json\/wp\/v2\/product_brand?post=16448"},{"taxonomy":"product_cat","embeddable":true,"href":"https:\/\/www.raschvin.com\/sv\/wp-json\/wp\/v2\/product_cat?post=16448"},{"taxonomy":"product_tag","embeddable":true,"href":"https:\/\/www.raschvin.com\/sv\/wp-json\/wp\/v2\/product_tag?post=16448"}],"curies":[{"name":"wp","href":"https:\/\/api.w.org\/{rel}","templated":true}]}}