{"id":16447,"date":"2022-05-30T09:54:28","date_gmt":"2022-05-30T07:54:28","guid":{"rendered":"https:\/\/www.raschvin.com\/vare\/sourz-blackcurrant\/"},"modified":"2024-07-13T19:32:03","modified_gmt":"2024-07-13T17:32:03","slug":"sourz-blackcurrant","status":"publish","type":"product","link":"https:\/\/www.raschvin.com\/sv\/produkt\/sourz-blackcurrant\/","title":{"rendered":"Sourz Blackcurrant 70 cl. 15%"},"content":{"rendered":"<p>Sourz Blackcurrant Sweet Sour Shot sk\u00e4mmer bort sinnena med sin l\u00e4ckra doft av svarta vinb\u00e4r.<\/p>\n<p>N\u00e4r du \u00f6ppnat en flaska av Sourz Blackcurrant Sweet Sour Shot m\u00f6ts du genast av en frisk och fruktig ton av svarta vinb\u00e4r. Denna h\u00e5ller sig kvar en bra stund och v\u00e4l vid provsmakning \u00e4r det rekommenderat att du l\u00e5ter Sourz Blackcurrant Sweet Sour Shot ligga kvar en stund p\u00e5 tungan, detta d\u00e5 smaken utvecklar sina fruktiga och aromatiska egenskaper ytterligare. Finishen av Sourz Blackcurrant Sweet Sour Shot visar \u00e4ven den fruktiga och syrliga aspekter av svarta vinb\u00e4r innan den sakta f\u00f6rsvinner. <\/p>\n<p>Vi rekommenderar att du avnjuter denna syrliga och fruktiga smakupplevelse vid rumstemperatur d\u00e5 karakt\u00e4ren utvecklat sig n\u00e5got mer, Sourz Blackcurrant Sweet Sour Shot \u00e4r dock \u00e4ven perfekt med lite is en varm sommardag! Tack vare dess l\u00e4ckra egenskaper \u00e4r den \u00e4ven idealisk att blanda tropiska drinkar och cocktails med. <\/p>\n","protected":false},"excerpt":{"rendered":"<p>Sweet &#038; Sour Mixxer-Shot<\/p>\n","protected":false},"featured_media":5190,"template":"","meta":{"_acf_changed":false,"rs_blank_template":"","rs_page_bg_color":"","slide_template_v7":""},"product_brand":[],"product_cat":[2387,2390,2402,2407,4670],"product_tag":[],"class_list":{"0":"post-16447","1":"product","2":"type-product","3":"status-publish","4":"has-post-thumbnail","6":"product_cat-avec-sv","7":"product_cat-sprit","8":"product_cat-sprit-sv","9":"product_cat-shots-sv","10":"product_cat-frukt","11":"pa_land-usa-sv","12":"pa_procent-15-sv","13":"pa_producent-beam-suntory-sv","14":"pa_volume-70-sv-2","16":"first","17":"instock","18":"sale","19":"taxable","20":"shipping-taxable","21":"purchasable","22":"product-type-simple"},"bundled_by":[],"bundle_stock_status":"instock","bundle_stock_quantity":null,"bundle_virtual":false,"bundle_layout":"","bundle_add_to_cart_form_location":"","bundle_editable_in_cart":false,"bundle_sold_individually_context":"","bundle_item_grouping":"","bundle_min_size":"","bundle_max_size":"","bundle_price":[],"bundled_items":[],"bundle_sell_ids":[],"acf":[],"_links":{"self":[{"href":"https:\/\/www.raschvin.com\/sv\/wp-json\/wp\/v2\/product\/16447","targetHints":{"allow":["GET"]}}],"collection":[{"href":"https:\/\/www.raschvin.com\/sv\/wp-json\/wp\/v2\/product"}],"about":[{"href":"https:\/\/www.raschvin.com\/sv\/wp-json\/wp\/v2\/types\/product"}],"wp:featuredmedia":[{"embeddable":true,"href":"https:\/\/www.raschvin.com\/sv\/wp-json\/wp\/v2\/media\/5190"}],"wp:attachment":[{"href":"https:\/\/www.raschvin.com\/sv\/wp-json\/wp\/v2\/media?parent=16447"}],"wp:term":[{"taxonomy":"product_brand","embeddable":true,"href":"https:\/\/www.raschvin.com\/sv\/wp-json\/wp\/v2\/product_brand?post=16447"},{"taxonomy":"product_cat","embeddable":true,"href":"https:\/\/www.raschvin.com\/sv\/wp-json\/wp\/v2\/product_cat?post=16447"},{"taxonomy":"product_tag","embeddable":true,"href":"https:\/\/www.raschvin.com\/sv\/wp-json\/wp\/v2\/product_tag?post=16447"}],"curies":[{"name":"wp","href":"https:\/\/api.w.org\/{rel}","templated":true}]}}