{"id":16441,"date":"2022-05-30T09:52:49","date_gmt":"2022-05-30T07:52:49","guid":{"rendered":"https:\/\/www.raschvin.com\/vare\/absolut-grapefruit-40-100-cl\/"},"modified":"2024-03-04T11:09:16","modified_gmt":"2024-03-04T10:09:16","slug":"absolut-grapefruit-40-100-cl","status":"publish","type":"product","link":"https:\/\/www.raschvin.com\/sv\/produkt\/absolut-grapefruit-40-100-cl\/","title":{"rendered":"Absolut Grapefruit 100 cl. 40%"},"content":{"rendered":"<p>Absolut grapefrukt, syskon f\u00f6r v\u00e5r andra citrus smak absolut citron och absolut lime, \u00e4r en av v\u00e5ra beg\u00e5vade nykomlingar. Med sin v\u00e4lbalanserade s\u00f6tma och fruktiga smak vet vi bara att det h\u00e4r kommer att bli en av dina nya absoluta favoriter om du inte har haft chansen att prova det \u00e4n. Enligt v\u00e5r uppfattning \u00e4r Svenska Paloma en omedelbar klassiker, men vi kommer inte ha en NAG om du hittar din egen favorit. Lite finger ed.<\/p>\n","protected":false},"excerpt":{"rendered":"<p>Swedish Grapefruit Flavored Vodka<\/p>\n","protected":false},"featured_media":35394,"template":"","meta":{"_acf_changed":false,"rs_blank_template":"","rs_page_bg_color":"","slide_template_v7":""},"product_brand":[],"product_cat":[4614,2402,2409],"product_tag":[],"class_list":{"0":"post-16441","1":"product","2":"type-product","3":"status-publish","4":"has-post-thumbnail","6":"product_cat-flavoured-sv","7":"product_cat-sprit-sv","8":"product_cat-vodka-sv","9":"pa_land-sverige-sv","10":"pa_procent-40-sv-2","11":"pa_producent-absolut-sv","12":"pa_region-skaane-sv","13":"pa_volume-100-sv","15":"first","16":"instock","17":"taxable","18":"shipping-taxable","19":"purchasable","20":"product-type-simple"},"bundled_by":[],"bundle_stock_status":"instock","bundle_stock_quantity":null,"bundle_virtual":false,"bundle_layout":"","bundle_add_to_cart_form_location":"","bundle_editable_in_cart":false,"bundle_sold_individually_context":"","bundle_item_grouping":"","bundle_min_size":"","bundle_max_size":"","bundle_price":[],"bundled_items":[],"bundle_sell_ids":[],"acf":[],"_links":{"self":[{"href":"https:\/\/www.raschvin.com\/sv\/wp-json\/wp\/v2\/product\/16441","targetHints":{"allow":["GET"]}}],"collection":[{"href":"https:\/\/www.raschvin.com\/sv\/wp-json\/wp\/v2\/product"}],"about":[{"href":"https:\/\/www.raschvin.com\/sv\/wp-json\/wp\/v2\/types\/product"}],"wp:featuredmedia":[{"embeddable":true,"href":"https:\/\/www.raschvin.com\/sv\/wp-json\/wp\/v2\/media\/35394"}],"wp:attachment":[{"href":"https:\/\/www.raschvin.com\/sv\/wp-json\/wp\/v2\/media?parent=16441"}],"wp:term":[{"taxonomy":"product_brand","embeddable":true,"href":"https:\/\/www.raschvin.com\/sv\/wp-json\/wp\/v2\/product_brand?post=16441"},{"taxonomy":"product_cat","embeddable":true,"href":"https:\/\/www.raschvin.com\/sv\/wp-json\/wp\/v2\/product_cat?post=16441"},{"taxonomy":"product_tag","embeddable":true,"href":"https:\/\/www.raschvin.com\/sv\/wp-json\/wp\/v2\/product_tag?post=16441"}],"curies":[{"name":"wp","href":"https:\/\/api.w.org\/{rel}","templated":true}]}}