{"id":16438,"date":"2022-05-30T09:52:49","date_gmt":"2022-05-30T07:52:49","guid":{"rendered":"https:\/\/www.raschvin.com\/vare\/absolut-mango-40-100-cl\/"},"modified":"2024-03-04T10:59:57","modified_gmt":"2024-03-04T09:59:57","slug":"absolut-mango-40-100-cl","status":"publish","type":"product","link":"https:\/\/www.raschvin.com\/sv\/produkt\/absolut-mango-40-100-cl\/","title":{"rendered":"Absolut Mango 100 cl. 40%"},"content":{"rendered":"<p>Vodka smaksatt med mango. Till skillnad fr\u00e5n m\u00e5nga andra vodka varum\u00e4rken, till\u00e4gger absolut inget socker, och alla smaker kommer fr\u00e5n naturliga ingredienser.<\/p>\n<p>V\u00e5r f\u00f6rsta tropiska smak inspirerad av Alphonso-mangoerna, \u00e4ven k\u00e4nd som kung av mango, gjorde en kunglig ing\u00e5ng. Denna s\u00f6ta smakade vodka har lagt till en st\u00e4nk sommar att dricka \u00e4lskare \u00f6ver hela v\u00e4rlden. L\u00e4gg bara till apelsinjuice d\u00e5 du \u00e4r t\u00e4ckt. L\u00e4gg till lite tranb\u00e4rsjuice, d\u00e5 har du gjort dig sj\u00e4lv den mycket i\u00f6gonfallande Mango-brisen.<\/p>\n","protected":false},"excerpt":{"rendered":"<p>Swedish Mango Flavored Vodka<\/p>\n","protected":false},"featured_media":65705,"template":"","meta":{"_acf_changed":false,"rs_blank_template":"","rs_page_bg_color":"","slide_template_v7":""},"product_brand":[],"product_cat":[4614,2402,2409],"product_tag":[],"class_list":{"0":"post-16438","1":"product","2":"type-product","3":"status-publish","4":"has-post-thumbnail","6":"product_cat-flavoured-sv","7":"product_cat-sprit-sv","8":"product_cat-vodka-sv","9":"pa_land-sverige-sv","10":"pa_procent-40-sv-2","11":"pa_producent-absolut-sv","12":"pa_region-skaane-sv","13":"pa_volume-100-sv","15":"first","16":"instock","17":"taxable","18":"shipping-taxable","19":"purchasable","20":"product-type-simple"},"bundled_by":[],"bundle_stock_status":"instock","bundle_stock_quantity":null,"bundle_virtual":false,"bundle_layout":"","bundle_add_to_cart_form_location":"","bundle_editable_in_cart":false,"bundle_sold_individually_context":"","bundle_item_grouping":"","bundle_min_size":"","bundle_max_size":"","bundle_price":[],"bundled_items":[],"bundle_sell_ids":[],"acf":[],"_links":{"self":[{"href":"https:\/\/www.raschvin.com\/sv\/wp-json\/wp\/v2\/product\/16438","targetHints":{"allow":["GET"]}}],"collection":[{"href":"https:\/\/www.raschvin.com\/sv\/wp-json\/wp\/v2\/product"}],"about":[{"href":"https:\/\/www.raschvin.com\/sv\/wp-json\/wp\/v2\/types\/product"}],"wp:featuredmedia":[{"embeddable":true,"href":"https:\/\/www.raschvin.com\/sv\/wp-json\/wp\/v2\/media\/65705"}],"wp:attachment":[{"href":"https:\/\/www.raschvin.com\/sv\/wp-json\/wp\/v2\/media?parent=16438"}],"wp:term":[{"taxonomy":"product_brand","embeddable":true,"href":"https:\/\/www.raschvin.com\/sv\/wp-json\/wp\/v2\/product_brand?post=16438"},{"taxonomy":"product_cat","embeddable":true,"href":"https:\/\/www.raschvin.com\/sv\/wp-json\/wp\/v2\/product_cat?post=16438"},{"taxonomy":"product_tag","embeddable":true,"href":"https:\/\/www.raschvin.com\/sv\/wp-json\/wp\/v2\/product_tag?post=16438"}],"curies":[{"name":"wp","href":"https:\/\/api.w.org\/{rel}","templated":true}]}}