{"id":16437,"date":"2022-05-30T09:52:49","date_gmt":"2022-05-30T07:52:49","guid":{"rendered":"https:\/\/www.raschvin.com\/vare\/absolut-raspberri-40-100-cl\/"},"modified":"2024-03-04T11:07:20","modified_gmt":"2024-03-04T10:07:20","slug":"absolut-raspberri-40-100-cl","status":"publish","type":"product","link":"https:\/\/www.raschvin.com\/sv\/produkt\/absolut-raspberri-40-100-cl\/","title":{"rendered":"Absolut Raspberri 100 cl. 38%"},"content":{"rendered":"<p>Absolut vodka \u00e4r en svensk vodka som exklusivt gjort av naturliga ingredienser, och till skillnad fr\u00e5n m\u00e5nga andra vodkas har inget socker lagts till h\u00e4r.<\/p>\n<p>Smaken \u00e4r rik, full och komplex. Med en fin fruktig karakt\u00e4r av hallon.<\/p>\n<p>F\u00e4rgen \u00e4r kristallklar.<\/p>\n<p>Om du m\u00e5ste vara riktigt picky \u00e4r hallon en druva och inte en b\u00e4r &#8211; men oavsett vad; Det passar n\u00e4stan allt! Absolut Raspberri har lockat n\u00e5gra allvarliga fans genom \u00e5ren, fr\u00e4mst f\u00f6r sin m\u00e5ngsidighet. Super l\u00e4tt att blanda och smaka bra! Kyla dina v\u00e4nner med en Raspiroska f\u00f6r de varma sommarn\u00e4tterna ut, eller njut av din sanna k\u00e4rlek med en Raspberri Chocolate Martini p\u00e5 Alla hj\u00e4rtans dag f\u00f6r att s\u00e4tta hum\u00f6ret.<\/p>\n","protected":false},"excerpt":{"rendered":"<p>Swedish Raspberry Flavored Vodka<\/p>\n","protected":false},"featured_media":35400,"template":"","meta":{"_acf_changed":false,"rs_blank_template":"","rs_page_bg_color":"","slide_template_v7":""},"product_brand":[],"product_cat":[4614,2402,2409],"product_tag":[],"class_list":{"0":"post-16437","1":"product","2":"type-product","3":"status-publish","4":"has-post-thumbnail","6":"product_cat-flavoured-sv","7":"product_cat-sprit-sv","8":"product_cat-vodka-sv","9":"pa_land-sverige-sv","10":"pa_procent-38-sv","11":"pa_producent-absolut-sv","12":"pa_region-skaane-sv","13":"pa_volume-100-sv","15":"first","16":"instock","17":"taxable","18":"shipping-taxable","19":"purchasable","20":"product-type-simple"},"bundled_by":[],"bundle_stock_status":"instock","bundle_stock_quantity":null,"bundle_virtual":false,"bundle_layout":"","bundle_add_to_cart_form_location":"","bundle_editable_in_cart":false,"bundle_sold_individually_context":"","bundle_item_grouping":"","bundle_min_size":"","bundle_max_size":"","bundle_price":[],"bundled_items":[],"bundle_sell_ids":[],"acf":[],"_links":{"self":[{"href":"https:\/\/www.raschvin.com\/sv\/wp-json\/wp\/v2\/product\/16437","targetHints":{"allow":["GET"]}}],"collection":[{"href":"https:\/\/www.raschvin.com\/sv\/wp-json\/wp\/v2\/product"}],"about":[{"href":"https:\/\/www.raschvin.com\/sv\/wp-json\/wp\/v2\/types\/product"}],"wp:featuredmedia":[{"embeddable":true,"href":"https:\/\/www.raschvin.com\/sv\/wp-json\/wp\/v2\/media\/35400"}],"wp:attachment":[{"href":"https:\/\/www.raschvin.com\/sv\/wp-json\/wp\/v2\/media?parent=16437"}],"wp:term":[{"taxonomy":"product_brand","embeddable":true,"href":"https:\/\/www.raschvin.com\/sv\/wp-json\/wp\/v2\/product_brand?post=16437"},{"taxonomy":"product_cat","embeddable":true,"href":"https:\/\/www.raschvin.com\/sv\/wp-json\/wp\/v2\/product_cat?post=16437"},{"taxonomy":"product_tag","embeddable":true,"href":"https:\/\/www.raschvin.com\/sv\/wp-json\/wp\/v2\/product_tag?post=16437"}],"curies":[{"name":"wp","href":"https:\/\/api.w.org\/{rel}","templated":true}]}}