{"id":16436,"date":"2022-05-30T09:52:49","date_gmt":"2022-05-30T07:52:49","guid":{"rendered":"https:\/\/www.raschvin.com\/vare\/absolut-vodka-vanilia-40-100-cl\/"},"modified":"2024-03-04T11:04:47","modified_gmt":"2024-03-04T10:04:47","slug":"absolut-vodka-vanilia-40-100-cl","status":"publish","type":"product","link":"https:\/\/www.raschvin.com\/sv\/produkt\/absolut-vodka-vanilia-40-100-cl\/","title":{"rendered":"Absolut Vanilia 100 cl. 38%"},"content":{"rendered":"<p>Vodka smakade med riktig vanilj i f\u00f6rsta hand. Det finns ocks\u00e5 en smak av sm\u00f6rkaramelll och en touch av m\u00f6rk choklad. Till skillnad fr\u00e5n m\u00e5nga andra vodka varum\u00e4rken, till\u00e4gger absolut inget socker, och alla smaker kommer fr\u00e5n naturliga ingredienser.<\/p>\n<p>Vanilj. Denna magnifika smak som kan f\u00f6rb\u00e4ttra n\u00e4stan allt fr\u00e5n cookies till &#8230; Ja, du heter det. Perfekt f\u00f6r dem med en s\u00f6t tand eller de som experimenterar med kontrasterande smaker. vaniljns m\u00e5ngsidighet \u00e4r ocks\u00e5 sant n\u00e4r du dricker &#8211; oavsett om du g\u00e5r f\u00f6r n\u00e5got enkelt som en vanilia espresso martini eller n\u00e5got som provocerar som en porrstj\u00e4rna martini.<\/p>\n","protected":false},"excerpt":{"rendered":"<p>Swedish Vanilla Flavored Vodka<\/p>\n","protected":false},"featured_media":35325,"template":"","meta":{"_acf_changed":false,"rs_blank_template":"","rs_page_bg_color":"","slide_template_v7":""},"product_brand":[],"product_cat":[4614,2402,2409],"product_tag":[],"class_list":{"0":"post-16436","1":"product","2":"type-product","3":"status-publish","4":"has-post-thumbnail","6":"product_cat-flavoured-sv","7":"product_cat-sprit-sv","8":"product_cat-vodka-sv","9":"pa_land-sverige-sv","10":"pa_procent-38-sv","11":"pa_producent-absolut-sv","12":"pa_region-skaane-sv","13":"pa_volume-100-sv","15":"first","16":"instock","17":"taxable","18":"shipping-taxable","19":"purchasable","20":"product-type-simple"},"bundled_by":[],"bundle_stock_status":"instock","bundle_stock_quantity":null,"bundle_virtual":false,"bundle_layout":"","bundle_add_to_cart_form_location":"","bundle_editable_in_cart":false,"bundle_sold_individually_context":"","bundle_item_grouping":"","bundle_min_size":"","bundle_max_size":"","bundle_price":[],"bundled_items":[],"bundle_sell_ids":[],"acf":[],"_links":{"self":[{"href":"https:\/\/www.raschvin.com\/sv\/wp-json\/wp\/v2\/product\/16436","targetHints":{"allow":["GET"]}}],"collection":[{"href":"https:\/\/www.raschvin.com\/sv\/wp-json\/wp\/v2\/product"}],"about":[{"href":"https:\/\/www.raschvin.com\/sv\/wp-json\/wp\/v2\/types\/product"}],"wp:featuredmedia":[{"embeddable":true,"href":"https:\/\/www.raschvin.com\/sv\/wp-json\/wp\/v2\/media\/35325"}],"wp:attachment":[{"href":"https:\/\/www.raschvin.com\/sv\/wp-json\/wp\/v2\/media?parent=16436"}],"wp:term":[{"taxonomy":"product_brand","embeddable":true,"href":"https:\/\/www.raschvin.com\/sv\/wp-json\/wp\/v2\/product_brand?post=16436"},{"taxonomy":"product_cat","embeddable":true,"href":"https:\/\/www.raschvin.com\/sv\/wp-json\/wp\/v2\/product_cat?post=16436"},{"taxonomy":"product_tag","embeddable":true,"href":"https:\/\/www.raschvin.com\/sv\/wp-json\/wp\/v2\/product_tag?post=16436"}],"curies":[{"name":"wp","href":"https:\/\/api.w.org\/{rel}","templated":true}]}}