{"id":16435,"date":"2022-05-30T09:52:49","date_gmt":"2022-05-30T07:52:49","guid":{"rendered":"https:\/\/www.raschvin.com\/vare\/absolut-vodka-pears-40-100-cl\/"},"modified":"2024-03-29T21:46:30","modified_gmt":"2024-03-29T20:46:30","slug":"absolut-vodka-pears-40-100-cl","status":"publish","type":"product","link":"https:\/\/www.raschvin.com\/sv\/produkt\/absolut-vodka-pears-40-100-cl\/","title":{"rendered":"Absolut Pears 100 cl. 38%"},"content":{"rendered":"<p>Visste du att det finns mer \u00e4n 3000 varianter av p\u00e4ron? Vissa \u00e4r \u00e4tbara, medan andra inte \u00e4r det. M\u00e5nga ser ut som p\u00e4ron, medan andra liknar \u00e4pplen. Vi gillar p\u00e4ron s\u00e5 mycket att vi skapade en smak baserad p\u00e5 det. P\u00e4ron \u00e4r ganska ovanligt i cocktails, men otroligt l\u00e4tt att mixa v\u00e4lbalanserade drinkar med. Testa att g\u00f6ra en Pears Mule, Absolut Pears Cosmo eller var kreativ och hitta ditt eget favorits\u00e4tt att mixa Absolut Pears.<\/p>\n<p>Absolut Pears Martini<\/p>\n<p>Ingredienser<br \/>\n45 ml Absolut Pears<br \/>\n15 ml Limejuice<br \/>\n100 ml Ginger beer<br \/>\n1 skiva p\u00e4ron<br \/>\n1 limeklyfta<\/p>\n<p>Hur man g\u00f6r<br \/>\nTills\u00e4tt Absolut Pears och Limejuice i en mulemugg. Fyll med is och toppa med<br \/>\nGinger beer. Garnera med lime och p\u00e4ron.<\/p>\n<p>HUR SMAKAR ABSOLUT P\u00c4RON?<\/p>\n<p>\u201cHave you ever tried the classical Swedish popsicle? That\u2019s what this is. It is what it claims to be, a fruity and pure pear flavour.\u201d<\/p>\n<p>\u2013 Daniel, Sensory Manager, Absolut<\/p>\n","protected":false},"excerpt":{"rendered":"<p>Swedish Pear Flavored Vodka<\/p>\n","protected":false},"featured_media":51812,"template":"","meta":{"_acf_changed":false,"rs_blank_template":"","rs_page_bg_color":"","slide_template_v7":""},"product_brand":[],"product_cat":[2402,2409,4614],"product_tag":[],"class_list":{"0":"post-16435","1":"product","2":"type-product","3":"status-publish","4":"has-post-thumbnail","6":"product_cat-sprit-sv","7":"product_cat-vodka-sv","8":"product_cat-flavoured-sv","9":"pa_land-sverige-sv","10":"pa_procent-38-sv","11":"pa_producent-absolut-sv","12":"pa_region-skaane-sv","13":"pa_volume-100-sv","15":"first","16":"instock","17":"taxable","18":"shipping-taxable","19":"purchasable","20":"product-type-simple"},"bundled_by":[],"bundle_stock_status":"instock","bundle_stock_quantity":null,"bundle_virtual":false,"bundle_layout":"","bundle_add_to_cart_form_location":"","bundle_editable_in_cart":false,"bundle_sold_individually_context":"","bundle_item_grouping":"","bundle_min_size":"","bundle_max_size":"","bundle_price":[],"bundled_items":[],"bundle_sell_ids":[],"acf":[],"_links":{"self":[{"href":"https:\/\/www.raschvin.com\/sv\/wp-json\/wp\/v2\/product\/16435","targetHints":{"allow":["GET"]}}],"collection":[{"href":"https:\/\/www.raschvin.com\/sv\/wp-json\/wp\/v2\/product"}],"about":[{"href":"https:\/\/www.raschvin.com\/sv\/wp-json\/wp\/v2\/types\/product"}],"wp:featuredmedia":[{"embeddable":true,"href":"https:\/\/www.raschvin.com\/sv\/wp-json\/wp\/v2\/media\/51812"}],"wp:attachment":[{"href":"https:\/\/www.raschvin.com\/sv\/wp-json\/wp\/v2\/media?parent=16435"}],"wp:term":[{"taxonomy":"product_brand","embeddable":true,"href":"https:\/\/www.raschvin.com\/sv\/wp-json\/wp\/v2\/product_brand?post=16435"},{"taxonomy":"product_cat","embeddable":true,"href":"https:\/\/www.raschvin.com\/sv\/wp-json\/wp\/v2\/product_cat?post=16435"},{"taxonomy":"product_tag","embeddable":true,"href":"https:\/\/www.raschvin.com\/sv\/wp-json\/wp\/v2\/product_tag?post=16435"}],"curies":[{"name":"wp","href":"https:\/\/api.w.org\/{rel}","templated":true}]}}