{"id":16433,"date":"2022-05-30T09:51:27","date_gmt":"2022-05-30T07:51:27","guid":{"rendered":"https:\/\/www.raschvin.com\/vare\/absolut-vodka-original-bla-40-100-cl\/"},"modified":"2023-08-10T14:15:26","modified_gmt":"2023-08-10T12:15:26","slug":"absolut-vodka-original-blaa-40-100-cl","status":"publish","type":"product","link":"https:\/\/www.raschvin.com\/sv\/produkt\/absolut-vodka-original-blaa-40-100-cl\/","title":{"rendered":"Absolut Vodka Original Bl\u00e5 100 cl. 40%"},"content":{"rendered":"<p>Absolut vodka bl\u00e5 \u00e4r gjord av 100% naturliga ingredienser och inneh\u00e5ller inte tillsatt socker. Denna rena vodka har en full, komplex och rik smak med mjuka, tydliga anteckningar av spannm\u00e5l och torkade frukter.<\/p>\n<p>En billig, god kvalitet vodka, som kan anv\u00e4ndas f\u00f6r alla drycker. Absolut vodka \u00e4r en svensk vodka som produceras i \u00c5hus. Absolut vodka \u00e4r gjord p\u00e5 vintervete och vatten. Vattnet plockas upp fr\u00e5n en djup brunn i \u00c5hus, d\u00e4r det \u00e4r v\u00e4l skyddat mot f\u00f6roreningar. Vinterh\u00e5rarna \u00e4r s\u00e5dda p\u00e5 h\u00f6sten och sk\u00f6rdas f\u00f6ljande h\u00f6st och d\u00e4rigenom v\u00e4xer det under den svenska sn\u00f6n och utvecklar det h\u00e5rda kornet. Absolut vodka destilleras en myriad av tider f\u00f6r att f\u00e5 en s\u00e5dan ren smak som m\u00f6jligt. Absolut vodka \u00e4r en mycket bra vodka f\u00f6r priset.<\/p>\n<p>Den klassiska absoluta vodka \u00e4r en ikon inom Vodkaverden, och det \u00e4r det klart mest s\u00e5lda absolut vodka 0,7 liter vodka \u00f6ver hela v\u00e4rlden. Det \u00e4r popul\u00e4rt p\u00e5 grund av en kombination av 3 saker. Smak, leta och priset!<\/p>\n<p>SMAK:<\/p>\n<p>Absolut vodka har gjorts p\u00e5 samma s\u00e4tt sedan 1869. Anledningen till att du inte har \u00e4ndrat receptet \u00e4r v\u00e4ldigt enkelt. Det fungerar helt enkelt. Det smakar exakt som de skulle vilja smaka! Svensk vintervete, svenskt v\u00e5rvatten och svensk v\u00e5rd. Det blir inte mycket b\u00e4ttre.<\/p>\n<p>Vodka destilleras p\u00e5 statliga kolumnstillst\u00e5nd, vilket ger vodka en uts\u00f6kt renhet. Tillsammans med en grundlig filtrering ger v\u00e5rvatten vodka ett mjukt och gott uttryck.<\/p>\n<p>UTSEENDE:<\/p>\n<p>Den absoluta flaskan \u00e4r ett vackert exempel p\u00e5 modern nordisk design. Det \u00e4r elegant och enkelt &#8211; och bara otroligt vackert. Flaskan oser kvalitet och har m\u00e5nga bra detaljer. Det \u00e4r en l\u00e4tt igenk\u00e4nnlig flaska som v\u00e4djar till \u00f6gat! Det \u00e4r bra att n\u00e5got s\u00e5 enkelt kan vara modernt och tidl\u00f6st samtidigt.<\/p>\n<p>Absolut vodka smak Anm\u00e4rkningar:<br \/>\nI n\u00e4san f\u00e5r vi en neutral fullhet fr\u00e5n vete, tillsammans med en distinkt v\u00e4rme fr\u00e5n alkoholen. P\u00e5 tungan \u00e4r veteet ganska neutralt och d\u00e4mpat. Det \u00e4r l\u00e4tt bittera anteckningar av br\u00e4nt korn, och en fin v\u00e4rme fr\u00e5n alkoholen. Texturen \u00e4r skarp, smootg och ljus &#8211; det l\u00e4mnar en fin k\u00e4nsla i munnen. Efter magan \u00e4r l\u00e5ng och relativt rik. Vete f\u00e5r smaka, och det tar kryddiga anteckningar av anis och peppar med.<\/p>\n<p>Du kan anv\u00e4nda denna vodka f\u00f6r allt. Ren eller i en drink &#8211; det \u00e4r aldrig besviken!<\/p>\n","protected":false},"excerpt":{"rendered":"<p>Swedish Plain Vodka<\/p>\n","protected":false},"featured_media":5014,"template":"","meta":{"_acf_changed":false,"rs_blank_template":"","rs_page_bg_color":"","slide_template_v7":""},"product_brand":[],"product_cat":[4609,2402,2409],"product_tag":[],"class_list":{"0":"post-16433","1":"product","2":"type-product","3":"status-publish","4":"has-post-thumbnail","6":"product_cat-plain-sv","7":"product_cat-sprit-sv","8":"product_cat-vodka-sv","9":"pa_land-sverige-sv","10":"pa_procent-40-sv-2","11":"pa_producent-absolut-sv","12":"pa_region-skaane-sv","13":"pa_volume-100-sv","15":"first","16":"instock","17":"taxable","18":"shipping-taxable","19":"purchasable","20":"product-type-simple"},"bundled_by":[],"bundle_stock_status":"instock","bundle_stock_quantity":null,"bundle_virtual":false,"bundle_layout":"","bundle_add_to_cart_form_location":"","bundle_editable_in_cart":false,"bundle_sold_individually_context":"","bundle_item_grouping":"","bundle_min_size":"","bundle_max_size":"","bundle_price":[],"bundled_items":[],"bundle_sell_ids":[],"acf":[],"_links":{"self":[{"href":"https:\/\/www.raschvin.com\/sv\/wp-json\/wp\/v2\/product\/16433","targetHints":{"allow":["GET"]}}],"collection":[{"href":"https:\/\/www.raschvin.com\/sv\/wp-json\/wp\/v2\/product"}],"about":[{"href":"https:\/\/www.raschvin.com\/sv\/wp-json\/wp\/v2\/types\/product"}],"wp:featuredmedia":[{"embeddable":true,"href":"https:\/\/www.raschvin.com\/sv\/wp-json\/wp\/v2\/media\/5014"}],"wp:attachment":[{"href":"https:\/\/www.raschvin.com\/sv\/wp-json\/wp\/v2\/media?parent=16433"}],"wp:term":[{"taxonomy":"product_brand","embeddable":true,"href":"https:\/\/www.raschvin.com\/sv\/wp-json\/wp\/v2\/product_brand?post=16433"},{"taxonomy":"product_cat","embeddable":true,"href":"https:\/\/www.raschvin.com\/sv\/wp-json\/wp\/v2\/product_cat?post=16433"},{"taxonomy":"product_tag","embeddable":true,"href":"https:\/\/www.raschvin.com\/sv\/wp-json\/wp\/v2\/product_tag?post=16433"}],"curies":[{"name":"wp","href":"https:\/\/api.w.org\/{rel}","templated":true}]}}