{"id":16431,"date":"2022-05-30T09:51:27","date_gmt":"2022-05-30T07:51:27","guid":{"rendered":"https:\/\/www.raschvin.com\/vare\/jose-cuervo-especial-gold-tequila\/"},"modified":"2022-11-21T18:43:15","modified_gmt":"2022-11-21T17:43:15","slug":"jose-cuervo-especial-gold-tequila","status":"publish","type":"product","link":"https:\/\/www.raschvin.com\/sv\/produkt\/jose-cuervo-especial-gold-tequila\/","title":{"rendered":"Jos\u00e9 Cuervo Especial Gold Tequila 70 cl. 38%"},"content":{"rendered":"<p>1795 gav kungen av Spanien Jos\u00e9 Antonio de Cuervo den f\u00f6rsta koncession n\u00e5gonsin att producera Tequila kommersiellt. Denna speciella h\u00e4ndelse markerade Tequilas f\u00f6delse. Idag \u00e4r Jose Cuervo Especial Gold den #1 s\u00e4ljande Tequila i v\u00e4rlden. Jose Cuervos recept och process har vidarebefordrats och underh\u00e5llits av en familj av entrepren\u00f6rer, uppfinnare och risktagare. Det \u00e4r inte konstigt varf\u00f6r Jose Cuervo \u00e4r den mest prisbel\u00f6nta Tequila-familjen i historien.<\/p>\n<p>Legenden s\u00e4ger att Cuervo Gold anv\u00e4ndes f\u00f6r att g\u00f6ra den f\u00f6rsta Margarita n\u00e5gonsin. Cuervo Gold \u00e4r en blandning av Reposado och yngre Tequilas. Resultatet \u00e4r en v\u00e4lbalanserad, smidig Tequila som g\u00f6r den perfekta Margaritan, fryst eller p\u00e5 klipporna.<br \/>\nJose Cuervo Especial Reposado Tequila har en s\u00f6t doft med toner av agave och en hint av ek. Den har en vacker gyllene f\u00e4rg. Smaken \u00e4r fin och s\u00f6t med toner av agave, ek och vanilj.<br \/>\nF\u00f6rslag:<br \/>\nVattenmelon Margarita<br \/>\n&#8211; 2\u00bd dl vattenmelon blandad utan fr\u00f6n<br \/>\n&#8211; saft fr\u00e5n \u00bd lime<br \/>\n&#8211; 3 cl tequila<br \/>\n&#8211; 3 cl Cointreau eller triple sek<br \/>\n&#8211; 1 tesked socker<br \/>\n&#8211; 6 isbitar<br \/>\n&#8211; 1 bit vattenmelon f\u00f6r dekoration<br \/>\nBlanda vattenmelon med limejuice, tequila, cointreau, socker och is.<br \/>\nH\u00e4ll upp i ett glas och garnera med vattenmelon.<\/p>\n<p>Det familje\u00e4gda f\u00f6retaget Jos\u00e9 Cuervo grundades 1795 av Jos\u00e9 Maria Guadalupe de Cuervo. Jos\u00e9 Cuervo \u00e4r v\u00e4rldens f\u00f6rsta tequilaproducent och i mer \u00e4n 250 \u00e5r har f\u00f6retaget tillverkat tequila med samma traditionella metoder som n\u00e4r allt b\u00f6rjade. Ett noggrant urval av de allra b\u00e4sta agaverna, noggrann j\u00e4sning, destillering och bearbetning har skapat v\u00e4rldens finaste och mest s\u00e5lda tequila.<br \/>\nDen mexikanska regeringen har satt upp n\u00e5gra standarder f\u00f6r vad tequila \u00e4r och hur det ska g\u00f6ras. Dessa standarder kallas Normas, och varje flaska \u00e4kta tequila har ett s\u00e5 kallat NOM-nummer (Normas Oficiales Mexicanas). Jos\u00e9 Cuervo har NOM-numren 1104 och 1122, som anger vilket destilleri tequilan \u00e4r gjord p\u00e5.<\/p>\n","protected":false},"excerpt":{"rendered":"<p>Blue Agave &#8211; Jalisco Mexico 38%<\/p>\n","protected":false},"featured_media":4997,"template":"","meta":{"_acf_changed":false,"rs_blank_template":"","rs_page_bg_color":"","slide_template_v7":""},"product_brand":[],"product_cat":[2402,2408],"product_tag":[],"class_list":{"0":"post-16431","1":"product","2":"type-product","3":"status-publish","4":"has-post-thumbnail","6":"product_cat-sprit-sv","7":"product_cat-tequila-mescal-sv","8":"pa_land-mexiko","9":"pa_procent-38-sv","10":"pa_producent-jose-cuervo-tequila-sv","11":"pa_region-jalisco-sv","12":"pa_volume-70-sv-2","14":"first","15":"instock","16":"sale","17":"taxable","18":"shipping-taxable","19":"purchasable","20":"product-type-simple"},"bundled_by":[],"bundle_stock_status":"instock","bundle_stock_quantity":null,"bundle_virtual":false,"bundle_layout":"","bundle_add_to_cart_form_location":"","bundle_editable_in_cart":false,"bundle_sold_individually_context":"","bundle_item_grouping":"","bundle_min_size":"","bundle_max_size":"","bundle_price":[],"bundled_items":[],"bundle_sell_ids":[],"acf":[],"_links":{"self":[{"href":"https:\/\/www.raschvin.com\/sv\/wp-json\/wp\/v2\/product\/16431","targetHints":{"allow":["GET"]}}],"collection":[{"href":"https:\/\/www.raschvin.com\/sv\/wp-json\/wp\/v2\/product"}],"about":[{"href":"https:\/\/www.raschvin.com\/sv\/wp-json\/wp\/v2\/types\/product"}],"wp:featuredmedia":[{"embeddable":true,"href":"https:\/\/www.raschvin.com\/sv\/wp-json\/wp\/v2\/media\/4997"}],"wp:attachment":[{"href":"https:\/\/www.raschvin.com\/sv\/wp-json\/wp\/v2\/media?parent=16431"}],"wp:term":[{"taxonomy":"product_brand","embeddable":true,"href":"https:\/\/www.raschvin.com\/sv\/wp-json\/wp\/v2\/product_brand?post=16431"},{"taxonomy":"product_cat","embeddable":true,"href":"https:\/\/www.raschvin.com\/sv\/wp-json\/wp\/v2\/product_cat?post=16431"},{"taxonomy":"product_tag","embeddable":true,"href":"https:\/\/www.raschvin.com\/sv\/wp-json\/wp\/v2\/product_tag?post=16431"}],"curies":[{"name":"wp","href":"https:\/\/api.w.org\/{rel}","templated":true}]}}