{"id":16423,"date":"2022-05-30T09:49:54","date_gmt":"2022-05-30T07:49:54","guid":{"rendered":"https:\/\/www.raschvin.com\/vare\/a-h-riise-danish-navy-naval-cadet\/"},"modified":"2025-12-16T13:04:01","modified_gmt":"2025-12-16T12:04:01","slug":"a-h-riise-danish-navy-naval-cadet","status":"publish","type":"product","link":"https:\/\/www.raschvin.com\/sv\/produkt\/a-h-riise-danish-navy-naval-cadet\/","title":{"rendered":"Old St. Croix Royal Danish Navy Naval Cadet 70 cl. 42%"},"content":{"rendered":"<p data-start=\"1191\" data-end=\"1655\">Old St. Croix Royal Danish Navy \u2013 Naval Cadet \u00e4r resultatet av ett samarbete med Kadetf\u00f6reningen vid Sj\u00f6f\u00f6rsvarets Officersskola \u2013 v\u00e4rldens \u00e4ldsta sj\u00f6officersskola, grundad 1701. Blendet hyllar de sj\u00f6m\u00e4n som bidrog till att s\u00e4kra freden kring Dansk V\u00e4stindien, och de unga kadetter som i dag f\u00f6rbereder sig f\u00f6r nya uppdrag p\u00e5 v\u00e4rldshaven. En del av f\u00f6rs\u00e4ljningen g\u00e5r till Kadetf\u00f6reningens arbete, och vid utg\u00e5ngen av 2024 hade samarbetet genererat \u00f6ver 260 000 kr.<\/p>\n<p data-start=\"1657\" data-end=\"1738\">Smaknoter \u00e4r ingen inneh\u00e5llsf\u00f6rteckning, utan en subjektiv beskrivning av smaken.<\/p>\n<p data-start=\"1740\" data-end=\"1870\"><strong data-start=\"1740\" data-end=\"1748\">Doft<\/strong><br data-start=\"1748\" data-end=\"1751\" \/>Elegant, djup doft av lakritsrot, apelsinskal och kokos, tydliga estrar, mynta och ett str\u00e5k av torkad\/\u00f6vermogen frukt.<\/p>\n<p data-start=\"1872\" data-end=\"2047\"><strong data-start=\"1872\" data-end=\"1880\">Smak<\/strong><br data-start=\"1880\" data-end=\"1883\" \/>En s\u00f6t, rund och kraftfull smak som balanserar sin fyllighet med gr\u00f6na toner av eukalyptus och mynta, gula citrustoner samt en bitterhet fr\u00e5n lakrits och balsamico.<\/p>\n<p data-start=\"2049\" data-end=\"2154\"><strong data-start=\"2049\" data-end=\"2062\">Eftersmak<\/strong><br data-start=\"2062\" data-end=\"2065\" \/>L\u00e5ng och dr\u00f6jande, som skiftar fr\u00e5n fruktig och mjuk till \u00e4nnu mjukare, varma l\u00e4dertoner.<\/p>\n","protected":false},"excerpt":{"rendered":"<p>Premium Aged Spirit Drink<\/p>\n","protected":false},"featured_media":110548,"template":"","meta":{"_acf_changed":false,"rs_blank_template":"","rs_page_bg_color":"","slide_template_v7":""},"product_brand":[],"product_cat":[2387,2391,4634],"product_tag":[],"class_list":{"0":"post-16423","1":"product","2":"type-product","3":"status-publish","4":"has-post-thumbnail","6":"product_cat-avec-sv","7":"product_cat-rom-sv","8":"product_cat-premium-aged-sv","9":"pa_land-tyskland-sv","10":"pa_procent-42-sv","11":"pa_producent-old-st-croix-sv","12":"pa_volume-70-sv-2","14":"first","15":"instock","16":"sale","17":"taxable","18":"shipping-taxable","19":"purchasable","20":"product-type-simple"},"bundled_by":[],"bundle_stock_status":"instock","bundle_stock_quantity":null,"bundle_virtual":false,"bundle_layout":"","bundle_add_to_cart_form_location":"","bundle_editable_in_cart":false,"bundle_sold_individually_context":"","bundle_item_grouping":"","bundle_min_size":"","bundle_max_size":"","bundle_price":[],"bundled_items":[],"bundle_sell_ids":[],"acf":[],"_links":{"self":[{"href":"https:\/\/www.raschvin.com\/sv\/wp-json\/wp\/v2\/product\/16423","targetHints":{"allow":["GET"]}}],"collection":[{"href":"https:\/\/www.raschvin.com\/sv\/wp-json\/wp\/v2\/product"}],"about":[{"href":"https:\/\/www.raschvin.com\/sv\/wp-json\/wp\/v2\/types\/product"}],"wp:featuredmedia":[{"embeddable":true,"href":"https:\/\/www.raschvin.com\/sv\/wp-json\/wp\/v2\/media\/110548"}],"wp:attachment":[{"href":"https:\/\/www.raschvin.com\/sv\/wp-json\/wp\/v2\/media?parent=16423"}],"wp:term":[{"taxonomy":"product_brand","embeddable":true,"href":"https:\/\/www.raschvin.com\/sv\/wp-json\/wp\/v2\/product_brand?post=16423"},{"taxonomy":"product_cat","embeddable":true,"href":"https:\/\/www.raschvin.com\/sv\/wp-json\/wp\/v2\/product_cat?post=16423"},{"taxonomy":"product_tag","embeddable":true,"href":"https:\/\/www.raschvin.com\/sv\/wp-json\/wp\/v2\/product_tag?post=16423"}],"curies":[{"name":"wp","href":"https:\/\/api.w.org\/{rel}","templated":true}]}}