{"id":16420,"date":"2022-05-30T09:49:54","date_gmt":"2022-05-30T07:49:54","guid":{"rendered":"https:\/\/www.raschvin.com\/vare\/old-barco-x-o-15-years-40-ron-barco\/"},"modified":"2025-06-26T17:16:32","modified_gmt":"2025-06-26T15:16:32","slug":"old-barco-x-o-15-years-40-ron-barco","status":"publish","type":"product","link":"https:\/\/www.raschvin.com\/sv\/produkt\/old-barco-x-o-15-years-40-ron-barco\/","title":{"rendered":"Old Barco de Cargas XO Gran Reserva &#8221;Ron Barco&#8221; 70 cl. 40%"},"content":{"rendered":"<p>Old Barco \u00e4r en klassisk karibisk rom med djupa r\u00f6tter i den tropiska romtraditionen. Den \u00e4r destillerad av noggrant utvalda sockerr\u00f6r och har lagrats p\u00e5 ekfat f\u00f6r att utveckla sin runda och balanserade karakt\u00e4r. Resultatet \u00e4r en rom med fyllig kropp, sammetslen struktur och ett smakdjup som tilltalar b\u00e5de nyb\u00f6rjare och finsmakare.<\/p>\n<p>Doften bjuder p\u00e5 toner av vanilj, karamell och torkad frukt, medan smaken har inslag av rostade n\u00f6tter, ek och mjuk kryddighet. En subtil s\u00f6tma rundar av helheten och g\u00f6r Old Barco lika njutbar att dricka rent som att anv\u00e4nda i klassiska romcocktails som Daiquiri, Rum Old Fashioned eller Dark \u2019n\u2019 Stormy.<\/p>\n<p>Med sin eleganta flaska och tidl\u00f6sa stil \u00e4r Old Barco ett sj\u00e4lvklart val f\u00f6r dig som s\u00f6ker en rom med b\u00e5de tradition och karakt\u00e4r.<\/p>\n<p>Ursprung: Karibien<br \/>\nAlkoholhalt: ca 40 %<br \/>\nVolym: 700 ml<\/p>\n","protected":false},"excerpt":{"rendered":"<p>Caribbean Spirit Drink<\/p>\n","protected":false},"featured_media":30468,"template":"","meta":{"_acf_changed":false,"rs_blank_template":"","rs_page_bg_color":"","slide_template_v7":""},"product_brand":[],"product_cat":[2387,4634,2391],"product_tag":[],"class_list":{"0":"post-16420","1":"product","2":"type-product","3":"status-publish","4":"has-post-thumbnail","6":"product_cat-avec-sv","7":"product_cat-premium-aged-sv","8":"product_cat-rom-sv","9":"pa_procent-40-sv-2","10":"pa_producent-juuls-sv","11":"pa_volume-70-sv-2","13":"first","14":"instock","15":"sale","16":"taxable","17":"shipping-taxable","18":"purchasable","19":"product-type-simple"},"bundled_by":[],"bundle_stock_status":"instock","bundle_stock_quantity":null,"bundle_virtual":false,"bundle_layout":"","bundle_add_to_cart_form_location":"","bundle_editable_in_cart":false,"bundle_sold_individually_context":"","bundle_item_grouping":"","bundle_min_size":"","bundle_max_size":"","bundle_price":[],"bundled_items":[],"bundle_sell_ids":[],"acf":[],"_links":{"self":[{"href":"https:\/\/www.raschvin.com\/sv\/wp-json\/wp\/v2\/product\/16420","targetHints":{"allow":["GET"]}}],"collection":[{"href":"https:\/\/www.raschvin.com\/sv\/wp-json\/wp\/v2\/product"}],"about":[{"href":"https:\/\/www.raschvin.com\/sv\/wp-json\/wp\/v2\/types\/product"}],"wp:featuredmedia":[{"embeddable":true,"href":"https:\/\/www.raschvin.com\/sv\/wp-json\/wp\/v2\/media\/30468"}],"wp:attachment":[{"href":"https:\/\/www.raschvin.com\/sv\/wp-json\/wp\/v2\/media?parent=16420"}],"wp:term":[{"taxonomy":"product_brand","embeddable":true,"href":"https:\/\/www.raschvin.com\/sv\/wp-json\/wp\/v2\/product_brand?post=16420"},{"taxonomy":"product_cat","embeddable":true,"href":"https:\/\/www.raschvin.com\/sv\/wp-json\/wp\/v2\/product_cat?post=16420"},{"taxonomy":"product_tag","embeddable":true,"href":"https:\/\/www.raschvin.com\/sv\/wp-json\/wp\/v2\/product_tag?post=16420"}],"curies":[{"name":"wp","href":"https:\/\/api.w.org\/{rel}","templated":true}]}}