{"id":16412,"date":"2022-05-30T09:48:16","date_gmt":"2022-05-30T07:48:16","guid":{"rendered":"https:\/\/www.raschvin.com\/vare\/pyrat-rum-x-o-reserve\/"},"modified":"2022-12-02T16:32:28","modified_gmt":"2022-12-02T15:32:28","slug":"pyrat-rum-x-o-reserve","status":"publish","type":"product","link":"https:\/\/www.raschvin.com\/sv\/produkt\/pyrat-rum-x-o-reserve\/","title":{"rendered":"Pyrat Rum X.O Reserve 70 cl. 40%"},"content":{"rendered":"<p>Pyrate Xo Reserve \u00e4r en Rom fr\u00e5n Karibien. Inte fr\u00e5n ett visst land, men 9 utvalda blekna fr\u00e5n 7 olika destillerier fr\u00e5n olika \u00f6ar i Karibien.<\/p>\n<p>Rummet har en fin guldf\u00e4rg med en mild klippning. Doften \u00e4r mjuk och s\u00f6t som man f\u00f6rv\u00e4ntar sig fr\u00e5n en rom men f\u00e4rska anteckningar som apelsin \u00e4r d\u00e4r<br \/>\nOcks\u00e5 utrymme f\u00f6r. Det har en h\u00e4rlig, l\u00e5ng smak. Smaken \u00e4r rik och k\u00e4nslig med nyanser av r\u00f6kt matr\u00e4tt och melass. Det finns ett bra f\u00f6rh\u00e5llande mellan doft och smak.<\/p>\n<p>Denna utg\u00e5va av Pyrate Xo Reserve g\u00f6rs p\u00e5 Solera-metoden och har en genomsnittlig \u00e5lder p\u00e5 15 \u00e5r. Rummet \u00e4r lagrat i ett solera system best\u00e5ende av franska ege-r\u00e4tter p\u00e5 ca. 250 liter. Solera\u00e5ldern p\u00e5 rummet \u00e4r inst\u00e4lld i 15 \u00e5r &#8211; men best\u00e5r av Rom upp till 40 \u00e5r.<\/p>\n","protected":false},"excerpt":{"rendered":"<p>Premium Aged Rum<\/p>\n","protected":false},"featured_media":4828,"template":"","meta":{"_acf_changed":false,"rs_blank_template":"","rs_page_bg_color":"","slide_template_v7":""},"product_brand":[],"product_cat":[2387,4634,2391],"product_tag":[],"class_list":{"0":"post-16412","1":"product","2":"type-product","3":"status-publish","4":"has-post-thumbnail","6":"product_cat-avec-sv","7":"product_cat-premium-aged-sv","8":"product_cat-rom-sv","9":"pa_land-guyana-sv","10":"pa_procent-40-sv-2","11":"pa_producent-demerara-distillers-ltd-sv","12":"pa_volume-70-sv-2","14":"first","15":"instock","16":"sale","17":"taxable","18":"shipping-taxable","19":"purchasable","20":"product-type-simple"},"bundled_by":[],"bundle_stock_status":"instock","bundle_stock_quantity":null,"bundle_virtual":false,"bundle_layout":"","bundle_add_to_cart_form_location":"","bundle_editable_in_cart":false,"bundle_sold_individually_context":"","bundle_item_grouping":"","bundle_min_size":"","bundle_max_size":"","bundle_price":[],"bundled_items":[],"bundle_sell_ids":[],"acf":[],"_links":{"self":[{"href":"https:\/\/www.raschvin.com\/sv\/wp-json\/wp\/v2\/product\/16412","targetHints":{"allow":["GET"]}}],"collection":[{"href":"https:\/\/www.raschvin.com\/sv\/wp-json\/wp\/v2\/product"}],"about":[{"href":"https:\/\/www.raschvin.com\/sv\/wp-json\/wp\/v2\/types\/product"}],"wp:featuredmedia":[{"embeddable":true,"href":"https:\/\/www.raschvin.com\/sv\/wp-json\/wp\/v2\/media\/4828"}],"wp:attachment":[{"href":"https:\/\/www.raschvin.com\/sv\/wp-json\/wp\/v2\/media?parent=16412"}],"wp:term":[{"taxonomy":"product_brand","embeddable":true,"href":"https:\/\/www.raschvin.com\/sv\/wp-json\/wp\/v2\/product_brand?post=16412"},{"taxonomy":"product_cat","embeddable":true,"href":"https:\/\/www.raschvin.com\/sv\/wp-json\/wp\/v2\/product_cat?post=16412"},{"taxonomy":"product_tag","embeddable":true,"href":"https:\/\/www.raschvin.com\/sv\/wp-json\/wp\/v2\/product_tag?post=16412"}],"curies":[{"name":"wp","href":"https:\/\/api.w.org\/{rel}","templated":true}]}}