{"id":16411,"date":"2022-05-30T09:48:16","date_gmt":"2022-05-30T07:48:16","guid":{"rendered":"https:\/\/www.raschvin.com\/vare\/ron-pampero-aniversario\/"},"modified":"2022-12-05T09:32:53","modified_gmt":"2022-12-05T08:32:53","slug":"ron-pampero-aniversario","status":"publish","type":"product","link":"https:\/\/www.raschvin.com\/sv\/produkt\/ron-pampero-aniversario\/","title":{"rendered":"Pampero Aniversario Reserva Exclusiva 70 cl. 40%"},"content":{"rendered":"<p>Pampero Aniversario Reserve Exclusiva \u00e4r en harmonisk och mycket komplexa rum som \u00e4r lagrad p\u00e5 Bourbon Dish i 4-6 \u00e5r. Denna Rom har en s\u00f6t doft av rostade n\u00f6tter, karamelll och melass, liksom en mjuk smak med anteckningar av vanilj, tunga s\u00f6ta melass och matr\u00e4tt. Efter magan \u00e4r l\u00e5ng och full.<\/p>\n<p>Tydliga tips av ek med torra element av vanilj och sherry.<\/p>\n<p>\u00c5r 1938 grundades Industrias Pampero CA i Venezuela, som det f\u00f6rsta f\u00f6retaget producerade lagrat Rom f\u00f6r export. Alejandro Hernandez och Luis Toro inspirerades av de venezuelanska cowboysna, som hj\u00e4lpte till att frig\u00f6ra de centrala amerikanska l\u00e4nderna fr\u00e5n spanska kolonister &#8211; de tv\u00e5 m\u00e4nnen skulle g\u00f6ra saker p\u00e5 v\u00e4g.<\/p>\n","protected":false},"excerpt":{"rendered":"<p>Ro De Venezuela D.O.C<\/p>\n","protected":false},"featured_media":31096,"template":"","meta":{"_acf_changed":false,"rs_blank_template":"","rs_page_bg_color":"","slide_template_v7":""},"product_brand":[],"product_cat":[2387,2391],"product_tag":[],"class_list":{"0":"post-16411","1":"product","2":"type-product","3":"status-publish","4":"has-post-thumbnail","6":"product_cat-avec-sv","7":"product_cat-rom-sv","8":"pa_land-venezuela-sv","9":"pa_procent-40-sv-2","10":"pa_producent-industrias-pampero-sv","11":"pa_volume-70-sv-2","13":"first","14":"instock","15":"sale","16":"taxable","17":"shipping-taxable","18":"purchasable","19":"product-type-simple"},"bundled_by":[],"bundle_stock_status":"instock","bundle_stock_quantity":null,"bundle_virtual":false,"bundle_layout":"","bundle_add_to_cart_form_location":"","bundle_editable_in_cart":false,"bundle_sold_individually_context":"","bundle_item_grouping":"","bundle_min_size":"","bundle_max_size":"","bundle_price":[],"bundled_items":[],"bundle_sell_ids":[],"acf":[],"_links":{"self":[{"href":"https:\/\/www.raschvin.com\/sv\/wp-json\/wp\/v2\/product\/16411","targetHints":{"allow":["GET"]}}],"collection":[{"href":"https:\/\/www.raschvin.com\/sv\/wp-json\/wp\/v2\/product"}],"about":[{"href":"https:\/\/www.raschvin.com\/sv\/wp-json\/wp\/v2\/types\/product"}],"wp:featuredmedia":[{"embeddable":true,"href":"https:\/\/www.raschvin.com\/sv\/wp-json\/wp\/v2\/media\/31096"}],"wp:attachment":[{"href":"https:\/\/www.raschvin.com\/sv\/wp-json\/wp\/v2\/media?parent=16411"}],"wp:term":[{"taxonomy":"product_brand","embeddable":true,"href":"https:\/\/www.raschvin.com\/sv\/wp-json\/wp\/v2\/product_brand?post=16411"},{"taxonomy":"product_cat","embeddable":true,"href":"https:\/\/www.raschvin.com\/sv\/wp-json\/wp\/v2\/product_cat?post=16411"},{"taxonomy":"product_tag","embeddable":true,"href":"https:\/\/www.raschvin.com\/sv\/wp-json\/wp\/v2\/product_tag?post=16411"}],"curies":[{"name":"wp","href":"https:\/\/api.w.org\/{rel}","templated":true}]}}