{"id":16409,"date":"2022-05-30T09:48:16","date_gmt":"2022-05-30T07:48:16","guid":{"rendered":"https:\/\/www.raschvin.com\/vare\/ron-centenario-edicion-limitada-30-years\/"},"modified":"2022-12-05T08:54:01","modified_gmt":"2022-12-05T07:54:01","slug":"ron-centenario-edicion-limitada-30-years","status":"publish","type":"product","link":"https:\/\/www.raschvin.com\/sv\/produkt\/ron-centenario-edicion-limitada-30-years\/","title":{"rendered":"Ron Royal Centenario Edici\u00f3n Limitada 30 70 cl. 40%"},"content":{"rendered":"<p>F\u00e4rg: Ron Centenario 30 \u00e5r Begr\u00e4nsad upplaga presenterar en gyllene b\u00e4rnsten<br \/>\nLukt: Vi vet att det \u00e4r en bra Rom eftersom dess milda toner fyller n\u00e4san med intensiva aromer som p\u00e5minner om apelsinskal, kanel, n\u00e5gra kaffeb\u00f6nor, muskotn\u00f6t, vaniljst\u00e5ng, l\u00e4der och subtil ek.<br \/>\nSmak: Caramel lyfter fram orala vaniljtoner i smaken av koppknoppar. Mjukt och elegant.<\/p>\n<p>Ron Centenario 30 \u00e5rs edicion llimitidada, Costa Rica 40% producerad i Costa Rica. En begr\u00e4nsad upplaga av den 30-\u00e5riga Costa American Rome fr\u00e5n CentersNario, Tappet i Solera i \u00e5ldern 30 \u00e5r och presenterades i en vacker och elegant karaff. H\u00e4r \u00e4r allt fr\u00e5n Ron Centenario Fundacion 20 \u00e5r och upp. Ron Centenario Edicion Limitada 30 \u00e5r \u00e4r mjuk, rund och rik med mycket smak och doft. Det \u00e4r allt som presenteras i en vacker och estetisk flaska. Vann silver p\u00e5 tyska rymdpartiet 2012 inom kategorin: Solera-rum. Ron Centenario Edicion Limitada 30 \u00e5r markerar culminationen av Rom fr\u00e5n Costa Rica. Ett riktigt konstverk i Romms v\u00e4rld, d\u00e4r aromer, f\u00e4rg och smak g\u00e5r upp i en h\u00f6gre perfekt enhet.<\/p>\n","protected":false},"excerpt":{"rendered":"<p>Premium Aged Rum &#8211; Product of Costa Rica<\/p>\n","protected":false},"featured_media":4795,"template":"","meta":{"_acf_changed":false,"rs_blank_template":"","rs_page_bg_color":"","slide_template_v7":""},"product_brand":[],"product_cat":[2387,4634,2391],"product_tag":[],"class_list":{"0":"post-16409","1":"product","2":"type-product","3":"status-publish","4":"has-post-thumbnail","6":"product_cat-avec-sv","7":"product_cat-premium-aged-sv","8":"product_cat-rom-sv","9":"pa_land-costa-rica-sv","10":"pa_procent-40-sv-2","11":"pa_producent-centenario-internacional-sv","12":"pa_volume-70-sv-2","14":"first","15":"outofstock","16":"taxable","17":"shipping-taxable","18":"purchasable","19":"product-type-simple"},"bundled_by":[],"bundle_stock_status":"outofstock","bundle_stock_quantity":null,"bundle_virtual":false,"bundle_layout":"","bundle_add_to_cart_form_location":"","bundle_editable_in_cart":false,"bundle_sold_individually_context":"","bundle_item_grouping":"","bundle_min_size":"","bundle_max_size":"","bundle_price":[],"bundled_items":[],"bundle_sell_ids":[],"acf":[],"_links":{"self":[{"href":"https:\/\/www.raschvin.com\/sv\/wp-json\/wp\/v2\/product\/16409","targetHints":{"allow":["GET"]}}],"collection":[{"href":"https:\/\/www.raschvin.com\/sv\/wp-json\/wp\/v2\/product"}],"about":[{"href":"https:\/\/www.raschvin.com\/sv\/wp-json\/wp\/v2\/types\/product"}],"wp:featuredmedia":[{"embeddable":true,"href":"https:\/\/www.raschvin.com\/sv\/wp-json\/wp\/v2\/media\/4795"}],"wp:attachment":[{"href":"https:\/\/www.raschvin.com\/sv\/wp-json\/wp\/v2\/media?parent=16409"}],"wp:term":[{"taxonomy":"product_brand","embeddable":true,"href":"https:\/\/www.raschvin.com\/sv\/wp-json\/wp\/v2\/product_brand?post=16409"},{"taxonomy":"product_cat","embeddable":true,"href":"https:\/\/www.raschvin.com\/sv\/wp-json\/wp\/v2\/product_cat?post=16409"},{"taxonomy":"product_tag","embeddable":true,"href":"https:\/\/www.raschvin.com\/sv\/wp-json\/wp\/v2\/product_tag?post=16409"}],"curies":[{"name":"wp","href":"https:\/\/api.w.org\/{rel}","templated":true}]}}