{"id":16408,"date":"2022-05-30T09:48:16","date_gmt":"2022-05-30T07:48:16","guid":{"rendered":"https:\/\/www.raschvin.com\/vare\/ron-centenario-fundacion-20-years\/"},"modified":"2022-12-05T09:00:14","modified_gmt":"2022-12-05T08:00:14","slug":"ron-centenario-fundacion-20-years","status":"publish","type":"product","link":"https:\/\/www.raschvin.com\/sv\/produkt\/ron-centenario-fundacion-20-years\/","title":{"rendered":"Ron Centenario Fundaci\u00f3n 20 70 cl. 40%"},"content":{"rendered":"<p>Ron Centenario Fundacion &#8211; 20 aastat<\/p>\n<p>Ny f\u00f6rpackning samma inneh\u00e5ll.<br \/>\n\u00c4ven om det inte l\u00e4ngre kommer i sitt typiska l\u00e4derfodral, beh\u00e5ller det fortfarande sin plats bland det b\u00e4sta inneh\u00e5llet.<\/p>\n<p>Centenario 20 a\u00f1os har en intensiv gula f\u00e4rg, med doft av bakad banan, vanilj och stj\u00e4rnanis.<br \/>\nDen mjuka runda smaken av socker, kryddiga n\u00f6tter, kanel, banan, sp\u00e5r av konjak och lite r\u00f6k slutar med en l\u00e5ng finish av s\u00f6t karamelll, krydda och en plugg som peppar.<br \/>\nEn Rom som kan serveras till ost, efterr\u00e4tt, i drycker och naturligtvis ensam i ett l\u00e4mpligt glas.<\/p>\n<p>Vi har ingen tvekan om att denna Rom l\u00e4tt kan matcha Zacapa 23 \u00e5r, i sj\u00e4lva verket tror vi att det \u00e4r b\u00e4ttre.<\/p>\n","protected":false},"excerpt":{"rendered":"<p>Premium Aged Rum \u2013 Product of Costa Rica<\/p>\n","protected":false},"featured_media":4785,"template":"","meta":{"_acf_changed":false,"rs_blank_template":"","rs_page_bg_color":"","slide_template_v7":""},"product_brand":[],"product_cat":[2387,4634,2391],"product_tag":[],"class_list":{"0":"post-16408","1":"product","2":"type-product","3":"status-publish","4":"has-post-thumbnail","6":"product_cat-avec-sv","7":"product_cat-premium-aged-sv","8":"product_cat-rom-sv","9":"pa_land-costa-rica-sv","10":"pa_procent-40-sv-2","11":"pa_producent-centenario-internacional-sv","12":"pa_volume-70-sv-2","14":"first","15":"instock","16":"taxable","17":"shipping-taxable","18":"purchasable","19":"product-type-simple"},"bundled_by":[],"bundle_stock_status":"instock","bundle_stock_quantity":null,"bundle_virtual":false,"bundle_layout":"","bundle_add_to_cart_form_location":"","bundle_editable_in_cart":false,"bundle_sold_individually_context":"","bundle_item_grouping":"","bundle_min_size":"","bundle_max_size":"","bundle_price":[],"bundled_items":[],"bundle_sell_ids":[],"acf":[],"_links":{"self":[{"href":"https:\/\/www.raschvin.com\/sv\/wp-json\/wp\/v2\/product\/16408","targetHints":{"allow":["GET"]}}],"collection":[{"href":"https:\/\/www.raschvin.com\/sv\/wp-json\/wp\/v2\/product"}],"about":[{"href":"https:\/\/www.raschvin.com\/sv\/wp-json\/wp\/v2\/types\/product"}],"wp:featuredmedia":[{"embeddable":true,"href":"https:\/\/www.raschvin.com\/sv\/wp-json\/wp\/v2\/media\/4785"}],"wp:attachment":[{"href":"https:\/\/www.raschvin.com\/sv\/wp-json\/wp\/v2\/media?parent=16408"}],"wp:term":[{"taxonomy":"product_brand","embeddable":true,"href":"https:\/\/www.raschvin.com\/sv\/wp-json\/wp\/v2\/product_brand?post=16408"},{"taxonomy":"product_cat","embeddable":true,"href":"https:\/\/www.raschvin.com\/sv\/wp-json\/wp\/v2\/product_cat?post=16408"},{"taxonomy":"product_tag","embeddable":true,"href":"https:\/\/www.raschvin.com\/sv\/wp-json\/wp\/v2\/product_tag?post=16408"}],"curies":[{"name":"wp","href":"https:\/\/api.w.org\/{rel}","templated":true}]}}