{"id":16407,"date":"2022-05-30T09:48:16","date_gmt":"2022-05-30T07:48:16","guid":{"rendered":"https:\/\/www.raschvin.com\/vare\/goslings-black-seal-rum\/"},"modified":"2022-11-18T10:44:12","modified_gmt":"2022-11-18T09:44:12","slug":"goslings-black-seal-rum","status":"publish","type":"product","link":"https:\/\/www.raschvin.com\/sv\/produkt\/goslings-black-seal-rum\/","title":{"rendered":"Gosling&#8217;s Black Seal Rum 70 cl. 40%"},"content":{"rendered":"<p>Den ursprungliga Rom f\u00f6r m\u00f6rk &#8221;N&#8221; stormig<br \/>\n\u00c5r 1806 reste vin- och sprithandlaren James Gosling ut ur England ombord p\u00e5 fartyget Merceury med kurs mot Amerika. Med honom hade han varor f\u00f6r mer \u00e4n 10 000 pund. Han lyckades inte att uppn\u00e5 Amerika &#8211; ist\u00e4llet reste han till n\u00e4rmaste hamn, som var p\u00e5 Bermuda, och det var b\u00f6rjan p\u00e5 f\u00f6retaget Gosling.<\/p>\n<p>Idag g\u00f6r Goslings Rom och Ginger Beer. Sedan 1858 har Gosling&#8217;s Black Seal Rom varit en av de finaste Rom p\u00e5 marknaden. Den har en rik, komplicerad och v\u00e4lbalanserad smak med anteckningar av kr\u00e4mkaramelll och vanilj. Efter magan \u00e4r mjuk och elegant.<\/p>\n<p>Vi rekommenderar att Rom avnjuts i en m\u00f6rk &#8221;N&#8221; stormig, vilken Gosling officiellt har ett patent.<\/p>\n<p>Serveringsf\u00f6rslag<br \/>\nM\u00f6rk &#8217;n&#8217; stormy<br \/>\n\u2022 5 cl. Gosling&#8217;s Black Seal Room<br \/>\n\u2022 Ginger \u00f6l.<br \/>\n\u2022 Limejuice och en skiva av lime<br \/>\n\u2022 Isbitar<\/p>\n<p>F\u00e5 rummet i ett fint glas med isbitar, l\u00e4gg till ett skott och fyll i ingef\u00e4ra \u00f6l. Dekorera med en skiva av lime och servera.<\/p>\n","protected":false},"excerpt":{"rendered":"<p>&#8221;The Dark &#8217;N&#8217; Stormy Rum&#8221;<\/p>\n","protected":false},"featured_media":4775,"template":"","meta":{"_acf_changed":false,"rs_blank_template":"","rs_page_bg_color":"","slide_template_v7":""},"product_brand":[],"product_cat":[2387,4624,2391],"product_tag":[],"class_list":{"0":"post-16407","1":"product","2":"type-product","3":"status-publish","4":"has-post-thumbnail","6":"product_cat-avec-sv","7":"product_cat-dark-sv","8":"product_cat-rom-sv","9":"pa_land-bermuda-sv","10":"pa_procent-40-sv-2","11":"pa_producent-gosling-brothers-limited-sv","12":"pa_volume-70-sv-2","14":"first","15":"instock","16":"taxable","17":"shipping-taxable","18":"purchasable","19":"product-type-simple"},"bundled_by":[],"bundle_stock_status":"instock","bundle_stock_quantity":null,"bundle_virtual":false,"bundle_layout":"","bundle_add_to_cart_form_location":"","bundle_editable_in_cart":false,"bundle_sold_individually_context":"","bundle_item_grouping":"","bundle_min_size":"","bundle_max_size":"","bundle_price":[],"bundled_items":[],"bundle_sell_ids":[],"acf":[],"_links":{"self":[{"href":"https:\/\/www.raschvin.com\/sv\/wp-json\/wp\/v2\/product\/16407","targetHints":{"allow":["GET"]}}],"collection":[{"href":"https:\/\/www.raschvin.com\/sv\/wp-json\/wp\/v2\/product"}],"about":[{"href":"https:\/\/www.raschvin.com\/sv\/wp-json\/wp\/v2\/types\/product"}],"wp:featuredmedia":[{"embeddable":true,"href":"https:\/\/www.raschvin.com\/sv\/wp-json\/wp\/v2\/media\/4775"}],"wp:attachment":[{"href":"https:\/\/www.raschvin.com\/sv\/wp-json\/wp\/v2\/media?parent=16407"}],"wp:term":[{"taxonomy":"product_brand","embeddable":true,"href":"https:\/\/www.raschvin.com\/sv\/wp-json\/wp\/v2\/product_brand?post=16407"},{"taxonomy":"product_cat","embeddable":true,"href":"https:\/\/www.raschvin.com\/sv\/wp-json\/wp\/v2\/product_cat?post=16407"},{"taxonomy":"product_tag","embeddable":true,"href":"https:\/\/www.raschvin.com\/sv\/wp-json\/wp\/v2\/product_tag?post=16407"}],"curies":[{"name":"wp","href":"https:\/\/api.w.org\/{rel}","templated":true}]}}