{"id":16406,"date":"2026-03-16T15:49:16","date_gmt":"2026-03-16T14:49:16","guid":{"rendered":"https:\/\/www.raschvin.com\/vare\/flor-de-cana-rum-aged-18-years\/"},"modified":"2022-11-17T13:41:36","modified_gmt":"2022-11-17T12:41:36","slug":"flor-de-cana-rum-aged-18-years","status":"publish","type":"product","link":"https:\/\/www.raschvin.com\/sv\/produkt\/flor-de-cana-rum-aged-18-years\/","title":{"rendered":"Flor de Ca\u00f1a &#8211; 18 Years 70 cl. 40%"},"content":{"rendered":"<p>Flor Ca\u00f1a 18 \u00e5r av Rom \u00e4r en exklusiv &#8221;l\u00e5ngsam&#8221; Rom som \u00e4r helt lagrad i 18 \u00e5r. Dessutom l\u00e4ggs denna ROM inte till artificiella \u00e4mnen, och det \u00e4r mittemot m\u00e5nga andra, inte en blandning av Rom fr\u00e5n olika \u00e5rg\u00e5ngar.<\/p>\n<p>Flor Ca\u00f1a 18 \u00e5r har en trevlig gult f\u00e4rg och uts\u00f6kta aromer av n\u00f6tter och karamelll. Smaken k\u00e4nnetecknas av intensiva anteckningar av vanilj och kryddor med en l\u00e5ng och extra mjuk finish.<\/p>\n<p>Vi rekommenderar att den h\u00e4r fina Romen njuter av rena eller med isbitar och eventuellt en apelsinskal.<\/p>\n<p>Flor de Ca\u00f1a grundades 1890 vid basen av San Cristobal vulkanen, som \u00e4r den mest aktiva vulkanen i Nicaragua, Centralamerika. Rumproducenten b\u00f6rjade med Francisco Alfredo Pella&#8217;s Canessa, och idag, 5 generationer senare producerar samma familj fortfarande k\u00e4nslig och v\u00e4lbalanserad Rom.<\/p>\n<p>Flor Ca\u00f1a \u00e4r ett milj\u00f6v\u00e4nligt och h\u00e5llbart varum\u00e4rke, varje \u00e5r v\u00e4xter 50 000 tr\u00e4d, liksom uteslutande anv\u00e4nder 100% f\u00f6rnybar energi p\u00e5 deras destilleri. Det speciella med Flor de Ca\u00f1a \u00e4r ocks\u00e5 att rummet \u00e4r utan socker och tillsatser och f\u00f6r\u00e4ndras naturligt.<\/p>\n<p>Flor de Ca\u00f1a &#8211; spanska f\u00f6re &#8221;sockerr\u00f6rsblomma&#8221;<\/p>\n","protected":false},"excerpt":{"rendered":"<p>Centenario (Single Estate Rum) &#8211; Nicaragua<\/p>\n","protected":false},"featured_media":4765,"template":"","meta":{"_acf_changed":false,"rs_blank_template":"","rs_page_bg_color":"","slide_template_v7":""},"product_brand":[],"product_cat":[2387,4634,2391],"product_tag":[],"class_list":{"0":"post-16406","1":"product","2":"type-product","3":"status-publish","4":"has-post-thumbnail","6":"product_cat-avec-sv","7":"product_cat-premium-aged-sv","8":"product_cat-rom-sv","9":"pa_land-nicaragua-sv","10":"pa_procent-40-sv-2","11":"pa_producent-compania-licorera-de-nicaragua-sv","12":"pa_volume-70-sv-2","14":"first","15":"instock","16":"taxable","17":"shipping-taxable","18":"purchasable","19":"product-type-simple"},"bundled_by":[],"bundle_stock_status":"instock","bundle_stock_quantity":null,"bundle_virtual":false,"bundle_layout":"","bundle_add_to_cart_form_location":"","bundle_editable_in_cart":false,"bundle_sold_individually_context":"","bundle_item_grouping":"","bundle_min_size":"","bundle_max_size":"","bundle_price":[],"bundled_items":[],"bundle_sell_ids":[],"acf":[],"_links":{"self":[{"href":"https:\/\/www.raschvin.com\/sv\/wp-json\/wp\/v2\/product\/16406","targetHints":{"allow":["GET"]}}],"collection":[{"href":"https:\/\/www.raschvin.com\/sv\/wp-json\/wp\/v2\/product"}],"about":[{"href":"https:\/\/www.raschvin.com\/sv\/wp-json\/wp\/v2\/types\/product"}],"wp:featuredmedia":[{"embeddable":true,"href":"https:\/\/www.raschvin.com\/sv\/wp-json\/wp\/v2\/media\/4765"}],"wp:attachment":[{"href":"https:\/\/www.raschvin.com\/sv\/wp-json\/wp\/v2\/media?parent=16406"}],"wp:term":[{"taxonomy":"product_brand","embeddable":true,"href":"https:\/\/www.raschvin.com\/sv\/wp-json\/wp\/v2\/product_brand?post=16406"},{"taxonomy":"product_cat","embeddable":true,"href":"https:\/\/www.raschvin.com\/sv\/wp-json\/wp\/v2\/product_cat?post=16406"},{"taxonomy":"product_tag","embeddable":true,"href":"https:\/\/www.raschvin.com\/sv\/wp-json\/wp\/v2\/product_tag?post=16406"}],"curies":[{"name":"wp","href":"https:\/\/api.w.org\/{rel}","templated":true}]}}